{"id":15878,"date":"2025-06-11T07:46:01","date_gmt":"2025-06-12T07:36:32","guid":{"rendered":"https:\/\/www.rehafit.ch\/produkt\/parapluie-de-pluie-et-de-soleil-pour-fauteuil-roulant-ou-rollator-universel\/"},"modified":"2025-06-12T07:36:40","modified_gmt":"2025-06-12T07:36:40","slug":"parapluie-de-pluie-et-de-soleil-pour-fauteuil-roulant-ou-rollator-universel","status":"publish","type":"product","link":"https:\/\/www.rehafit.ch\/fr\/Produit\/parapluie-de-pluie-et-de-soleil-pour-fauteuil-roulant-ou-rollator-universel\/","title":{"rendered":"Parapluie de pluie et de soleil pour fauteuil roulant ou rollator universel"},"content":{"rendered":"<div class=\"woocommerce-product-details__short-description\">\n<div id=\"description\" class=\"tab-pane fade active show\" role=\"tabpanel\" aria-labelledby=\"description-tab\">\n<div class=\"\">\n<div class=\"ibexa-store-product__info-wrapper\">\n<div class=\"ibexa-store-info-box\">\n<div class=\"ibexa-store-info-box__content-wrapper\">\n<div class=\"ibexa-store-info-box__content ibexa-store-info-box__content--wide\">\n<div class=\"ezrichtext-field\">\n<p>Le parapluie pour rollator offre une protection optimale contre la pluie et le soleil, tout en permettant de guider le rollator \u00e0 deux mains.<\/p>\n<p>D\u00e9tails du produit :<\/p>\n<ul>\n<li>r\u00e9glage individuel de la hauteur<\/li>\n<li>ouverture automatique pratique<\/li>\n<li>r\u00e9sistant au vent gr\u00e2ce \u00e0 la construction en tissu superpos\u00e9<\/li>\n<li>facile \u00e0 monter et \u00e0 d\u00e9monter<\/li>\n<li>incl. Kit de fixation pour les rollators courants.<\/li>\n<\/ul>\n<\/div>\n<\/div>\n<\/div>\n<\/div>\n<\/div>\n<\/div>\n<\/div>\n<ul>\n<li>pour tube rond \u00d8 18 \u00e0 25 mm ou tube ovale jusqu&rsquo;\u00e0 60 mm<\/li>\n<li>\u00d8 de l&rsquo;\u00e9cran : 100 cm<\/li>\n<li>Poids : 1 kg<\/li>\n<li>Couleur : marron vert<\/li>\n<\/ul>\n<\/div>\n","protected":false},"excerpt":{"rendered":"<p>Le parapluie pour rollator offre une protection optimale contre la pluie et le soleil, tout en permettant de guider le rollator \u00e0 deux mains. D\u00e9tails du produit : r\u00e9glage individuel de la hauteur ouverture automatique pratique r\u00e9sistant au vent gr\u00e2ce &hellip; <a class=\"kt-excerpt-readmore\" href=\"https:\/\/www.rehafit.ch\/fr\/Produit\/parapluie-de-pluie-et-de-soleil-pour-fauteuil-roulant-ou-rollator-universel\/\" aria-label=\"Parapluie de pluie et de soleil pour fauteuil roulant ou rollator universel\">Lire la suite<\/a><\/p>\n","protected":false},"featured_media":15860,"comment_status":"open","ping_status":"closed","template":"","meta":{"kt_blocks_editor_width":""},"product_brand":[],"product_cat":[168,146],"product_tag":[],"class_list":{"0":"post-15878","1":"product","2":"type-product","3":"status-publish","4":"has-post-thumbnail","6":"product_cat-accessoires","7":"product_cat-rollator","9":"first","10":"instock","11":"taxable","12":"shipping-taxable","13":"purchasable","14":"product-type-variable"},"aioseo_notices":[],"_links":{"self":[{"href":"https:\/\/www.rehafit.ch\/fr\/wp-json\/wp\/v2\/product\/15878","targetHints":{"allow":["GET"]}}],"collection":[{"href":"https:\/\/www.rehafit.ch\/fr\/wp-json\/wp\/v2\/product"}],"about":[{"href":"https:\/\/www.rehafit.ch\/fr\/wp-json\/wp\/v2\/types\/product"}],"replies":[{"embeddable":true,"href":"https:\/\/www.rehafit.ch\/fr\/wp-json\/wp\/v2\/comments?post=15878"}],"wp:featuredmedia":[{"embeddable":true,"href":"https:\/\/www.rehafit.ch\/fr\/wp-json\/wp\/v2\/media\/15860"}],"wp:attachment":[{"href":"https:\/\/www.rehafit.ch\/fr\/wp-json\/wp\/v2\/media?parent=15878"}],"wp:term":[{"taxonomy":"product_brand","embeddable":true,"href":"https:\/\/www.rehafit.ch\/fr\/wp-json\/wp\/v2\/product_brand?post=15878"},{"taxonomy":"product_cat","embeddable":true,"href":"https:\/\/www.rehafit.ch\/fr\/wp-json\/wp\/v2\/product_cat?post=15878"},{"taxonomy":"product_tag","embeddable":true,"href":"https:\/\/www.rehafit.ch\/fr\/wp-json\/wp\/v2\/product_tag?post=15878"}],"curies":[{"name":"wp","href":"https:\/\/api.w.org\/{rel}","templated":true}]}}