{"id":15387,"date":"2024-12-16T16:52:34","date_gmt":"2024-12-16T16:52:34","guid":{"rendered":"https:\/\/www.rehafit.ch\/?post_type=product&#038;p=15387"},"modified":"2025-02-02T18:22:04","modified_gmt":"2025-02-02T18:22:04","slug":"sac-a-enfiler-kangaroo-kopie-2","status":"publish","type":"product","link":"https:\/\/www.rehafit.ch\/fr\/Produit\/sac-a-enfiler-kangaroo-kopie-2\/","title":{"rendered":"Turtle fauteuil de transport"},"content":{"rendered":"<p>&nbsp;<\/p>\n<p>Fauteuil roulant de transport simple, mais stable et l\u00e9ger, avec un \u00e9l\u00e9gant cadre en aluminium argent\u00e9. Turtle dispose de<br \/>\nsuffisamment de fonctions pour rendre son utilisation confortable et fiable, sans pour autant la rendre<br \/>\nde le rendre trop compliqu\u00e9.<br \/>\nTurtle poss\u00e8de les fonctions suivantes :<\/p>\n<p>cadre pliable<br \/>\nAccoudoirs<br \/>\nRepose-pieds amovibles<br \/>\nHousse de si\u00e8ge amovible et lavable<br \/>\nFrein de stationnement et d&rsquo;accompagnement<br \/>\nAvec roues pivotantes 6\u00a0\u00bb \u00e0 l&rsquo;avant et roues arri\u00e8re 22\u00a0\u00bb en PU<br \/>\navec axes enfichables<br \/>\nProtection contre le basculement<\/p>\n<p><strong>Dimensions :<\/strong><\/p>\n<ul>\n<li>Largeur d&rsquo;assise : 45 cm<\/li>\n<li>Profondeur d&rsquo;assise : 40 cm<\/li>\n<li>Hauteur d&rsquo;assise : 46,5 cm &#8211; 49,0 cm<\/li>\n<li>Largeur totale : 66.3 cm<\/li>\n<li>Poids de l&rsquo;utilisateur : 150 kg<\/li>\n<li>Poids : 16 kg<\/li>\n<\/ul>\n<p>&nbsp;<\/p>\n<p>&nbsp;<\/p>\n","protected":false},"excerpt":{"rendered":"<p><img loading=\"lazy\" decoding=\"async\" class=\"alignnone wp-image-351\" src=\"https:\/\/www.rehafit.ch\/wp-content\/uploads\/2016\/12\/mobilex_logo.jpg\" alt=\"mobilex_logo\" width=\"97\" height=\"71\" \/><\/p>\n<p>La soci\u00e9t\u00e9 Mobilex a \u00e9t\u00e9 fond\u00e9e en 2003 et commercialise depuis lors des aides pour les personnes \u00e0 mobilit\u00e9 r\u00e9duite, notamment des fauteuils roulants, des d\u00e9ambulateurs, des rampes, des produits pour le bain et diverses pi\u00e8ces de rechange.<\/p>\n","protected":false},"featured_media":15389,"comment_status":"open","ping_status":"closed","template":"","meta":{"kt_blocks_editor_width":""},"product_brand":[],"product_cat":[172,150],"product_tag":[],"class_list":{"0":"post-15387","1":"product","2":"type-product","3":"status-publish","4":"has-post-thumbnail","6":"product_cat-fauteuil-roulant-transfert","7":"product_cat-fauteuils-roulants","9":"first","10":"instock","11":"featured","12":"taxable","13":"shipping-taxable","14":"purchasable","15":"product-type-simple"},"aioseo_notices":[],"_links":{"self":[{"href":"https:\/\/www.rehafit.ch\/fr\/wp-json\/wp\/v2\/product\/15387","targetHints":{"allow":["GET"]}}],"collection":[{"href":"https:\/\/www.rehafit.ch\/fr\/wp-json\/wp\/v2\/product"}],"about":[{"href":"https:\/\/www.rehafit.ch\/fr\/wp-json\/wp\/v2\/types\/product"}],"replies":[{"embeddable":true,"href":"https:\/\/www.rehafit.ch\/fr\/wp-json\/wp\/v2\/comments?post=15387"}],"wp:featuredmedia":[{"embeddable":true,"href":"https:\/\/www.rehafit.ch\/fr\/wp-json\/wp\/v2\/media\/15389"}],"wp:attachment":[{"href":"https:\/\/www.rehafit.ch\/fr\/wp-json\/wp\/v2\/media?parent=15387"}],"wp:term":[{"taxonomy":"product_brand","embeddable":true,"href":"https:\/\/www.rehafit.ch\/fr\/wp-json\/wp\/v2\/product_brand?post=15387"},{"taxonomy":"product_cat","embeddable":true,"href":"https:\/\/www.rehafit.ch\/fr\/wp-json\/wp\/v2\/product_cat?post=15387"},{"taxonomy":"product_tag","embeddable":true,"href":"https:\/\/www.rehafit.ch\/fr\/wp-json\/wp\/v2\/product_tag?post=15387"}],"curies":[{"name":"wp","href":"https:\/\/api.w.org\/{rel}","templated":true}]}}