{"id":14691,"date":"2016-12-12T13:20:09","date_gmt":"2024-04-04T20:09:29","guid":{"rendered":"https:\/\/www.rehafit.ch\/produkt\/fauteuil-roulant-de-toilettes-best-up\/"},"modified":"2024-04-04T20:09:29","modified_gmt":"2024-04-04T20:09:29","slug":"fauteuil-roulant-de-toilettes-best-up","status":"publish","type":"product","link":"https:\/\/www.rehafit.ch\/fr\/Produit\/fauteuil-roulant-de-toilettes-best-up\/","title":{"rendered":"Fauteuil roulant de toilettes BEST UP"},"content":{"rendered":"<p>Roues 5&Prime;, 2 roues arri\u00e8re pour le freinage, accoudoirs rabattables,hauteur de WC franchissable 41.50 cm,repose-jambes rabattables<\/p>\n<ul>\n<li>Hauteur des pieds : 96.5cm<\/li>\n<li>largeur totale : 60cm<\/li>\n<li>Profondeur incl. Repose-jambes : 78cm<\/li>\n<li>Largeur du si\u00e8ge : 47.5cm<\/li>\n<li>Profondeur d&rsquo;assise: 40cm<\/li>\n<li>Hauteur du si\u00e8ge : 51cm<\/li>\n<li>Poids: 14kg<\/li>\n<li>Capacit\u00e9 de charge: 130kg<\/li>\n<li>Couleur : cactus<\/li>\n<\/ul>\n","protected":false},"excerpt":{"rendered":"<p><span class=\"text_allg\"><img loading=\"lazy\" decoding=\"async\" class=\"alignnone wp-image-184\" src=\"https:\/\/www.rehafit.ch\/wp-content\/uploads\/2016\/12\/herdegen_logo.jpg\" alt=\"herdegen_logo\" width=\"120\" height=\"71\"><\/span><\/p>\n<p>Herdegen se caract\u00e9rise par des produits innovants tels que le si\u00e8ge de toilette sur\u00e9lev\u00e9 doux<a href=\"https:\/\/www.rehafit.ch\/produkt\/toilettensitzerhoehung-contact-plus\/\"> CONTACTER PLUS<\/a> ou la b\u00e9quille d&rsquo;avant-bras en mousse ADVANCE.<\/p>\n<p>&nbsp;<\/p>\n","protected":false},"featured_media":609,"comment_status":"open","ping_status":"closed","template":"","meta":{"kt_blocks_editor_width":""},"product_brand":[],"product_cat":[176,199],"product_tag":[],"class_list":{"0":"post-14691","1":"product","2":"type-product","3":"status-publish","4":"has-post-thumbnail","6":"product_cat-chaise-de-toilette-roulante","7":"product_cat-top-offres","9":"first","10":"instock","11":"sale","12":"taxable","13":"shipping-taxable","14":"purchasable","15":"product-type-simple"},"aioseo_notices":[],"_links":{"self":[{"href":"https:\/\/www.rehafit.ch\/fr\/wp-json\/wp\/v2\/product\/14691","targetHints":{"allow":["GET"]}}],"collection":[{"href":"https:\/\/www.rehafit.ch\/fr\/wp-json\/wp\/v2\/product"}],"about":[{"href":"https:\/\/www.rehafit.ch\/fr\/wp-json\/wp\/v2\/types\/product"}],"replies":[{"embeddable":true,"href":"https:\/\/www.rehafit.ch\/fr\/wp-json\/wp\/v2\/comments?post=14691"}],"wp:featuredmedia":[{"embeddable":true,"href":"https:\/\/www.rehafit.ch\/fr\/wp-json\/wp\/v2\/media\/609"}],"wp:attachment":[{"href":"https:\/\/www.rehafit.ch\/fr\/wp-json\/wp\/v2\/media?parent=14691"}],"wp:term":[{"taxonomy":"product_brand","embeddable":true,"href":"https:\/\/www.rehafit.ch\/fr\/wp-json\/wp\/v2\/product_brand?post=14691"},{"taxonomy":"product_cat","embeddable":true,"href":"https:\/\/www.rehafit.ch\/fr\/wp-json\/wp\/v2\/product_cat?post=14691"},{"taxonomy":"product_tag","embeddable":true,"href":"https:\/\/www.rehafit.ch\/fr\/wp-json\/wp\/v2\/product_tag?post=14691"}],"curies":[{"name":"wp","href":"https:\/\/api.w.org\/{rel}","templated":true}]}}