{"id":14373,"date":"2024-01-10T22:38:21","date_gmt":"2024-01-10T22:38:22","guid":{"rendered":"https:\/\/www.rehafit.ch\/?post_type=product&#038;p=14373"},"modified":"2024-01-13T11:11:39","modified_gmt":"2024-01-13T11:11:39","slug":"lets-shop-kopie","status":"publish","type":"product","link":"https:\/\/www.rehafit.ch\/fr\/Produit\/lets-shop-kopie\/","title":{"rendered":"TrustCare Let&rsquo;s Get Up"},"content":{"rendered":"<p>&nbsp;<\/p>\n<p>Vous aide \u00e0 vous lever et \u00e0 sortir du lit.<\/p>\n<p>Let&rsquo;s Get Up est une aide au lever formidable et s\u00fbre qui vous aide \u00e0 vous lever du lit et lorsque vous avez besoin d&rsquo;aide pour vous recoucher. Elle convient \u00e9galement aux personnes qui se remettent d&rsquo;une blessure ou d&rsquo;une maladie, y compris en particulier aux personnes \u00e2g\u00e9es qui ont d\u00e9j\u00e0 une mobilit\u00e9 r\u00e9duite. Sa construction robuste et sa poign\u00e9e souple vous procurent un bon sentiment de s\u00e9curit\u00e9.<\/p>\n<p><img loading=\"lazy\" decoding=\"async\" class=\"alignnone wp-image-14382 size-full\" src=\"https:\/\/www.rehafit.ch\/wp-content\/uploads\/2024\/01\/Lets-Get-Up_technische-Daten.jpg\" alt=\"\" width=\"1000\" height=\"308\" srcset=\"https:\/\/www.rehafit.ch\/wp-content\/uploads\/2024\/01\/Lets-Get-Up_technische-Daten.jpg 1000w, https:\/\/www.rehafit.ch\/wp-content\/uploads\/2024\/01\/Lets-Get-Up_technische-Daten-250x77.jpg 250w, https:\/\/www.rehafit.ch\/wp-content\/uploads\/2024\/01\/Lets-Get-Up_technische-Daten-768x237.jpg 768w\" sizes=\"auto, (max-width: 1000px) 100vw, 1000px\" \/><\/p>\n<p>&nbsp;<\/p>\n<p>&nbsp;<\/p>\n","protected":false},"excerpt":{"rendered":"<p><img loading=\"lazy\" decoding=\"async\" class=\"alignnone size-full wp-image-270\" src=\"https:\/\/www.rehafit.ch\/wp-content\/uploads\/2016\/12\/logo_143.gif\" alt=\"logo_143\" width=\"96\" height=\"43\"><\/p>\n<h4>Let&rsquo;s Get Up. Aide \u00e0 la verticalisation<\/h4>\n<p>Le nouveau Let&rsquo;s Get Up est d&rsquo;une grande aide pour se lever du lit, ce qui peut \u00eatre un grand d\u00e9fi pour les personnes \u00e0 mobilit\u00e9 r\u00e9duite.<\/p>\n<h4>Soutien dans le lit, le canap\u00e9 ou le fauteuil.<\/h4>\n<p>Let&rsquo;s Get Up peut \u00e9galement \u00eatre fix\u00e9 d&rsquo;un simple geste sur un canap\u00e9 ou un fauteuil de l&rsquo;appartement. Notre aide \u00e0 la verticalisation Let&rsquo;s Get Up vous donne une main suppl\u00e9mentaire pour vous aider \u00e0 vous lever du canap\u00e9 ou du fauteuil en toute s\u00e9curit\u00e9.<\/p>\n<p>&nbsp;<\/p>\n<p>&nbsp;<\/p>\n","protected":false},"featured_media":14375,"comment_status":"open","ping_status":"closed","template":"","meta":{"kt_blocks_editor_width":""},"product_brand":[],"product_cat":[175],"product_tag":[],"class_list":{"0":"post-14373","1":"product","2":"type-product","3":"status-publish","4":"has-post-thumbnail","6":"product_cat-assis-couches","8":"first","9":"instock","10":"taxable","11":"shipping-taxable","12":"purchasable","13":"product-type-simple"},"aioseo_notices":[],"_links":{"self":[{"href":"https:\/\/www.rehafit.ch\/fr\/wp-json\/wp\/v2\/product\/14373","targetHints":{"allow":["GET"]}}],"collection":[{"href":"https:\/\/www.rehafit.ch\/fr\/wp-json\/wp\/v2\/product"}],"about":[{"href":"https:\/\/www.rehafit.ch\/fr\/wp-json\/wp\/v2\/types\/product"}],"replies":[{"embeddable":true,"href":"https:\/\/www.rehafit.ch\/fr\/wp-json\/wp\/v2\/comments?post=14373"}],"wp:featuredmedia":[{"embeddable":true,"href":"https:\/\/www.rehafit.ch\/fr\/wp-json\/wp\/v2\/media\/14375"}],"wp:attachment":[{"href":"https:\/\/www.rehafit.ch\/fr\/wp-json\/wp\/v2\/media?parent=14373"}],"wp:term":[{"taxonomy":"product_brand","embeddable":true,"href":"https:\/\/www.rehafit.ch\/fr\/wp-json\/wp\/v2\/product_brand?post=14373"},{"taxonomy":"product_cat","embeddable":true,"href":"https:\/\/www.rehafit.ch\/fr\/wp-json\/wp\/v2\/product_cat?post=14373"},{"taxonomy":"product_tag","embeddable":true,"href":"https:\/\/www.rehafit.ch\/fr\/wp-json\/wp\/v2\/product_tag?post=14373"}],"curies":[{"name":"wp","href":"https:\/\/api.w.org\/{rel}","templated":true}]}}