{"id":14101,"date":"2023-10-25T08:02:38","date_gmt":"2023-10-25T08:02:38","guid":{"rendered":"https:\/\/www.rehafit.ch\/?post_type=product&#038;p=14101"},"modified":"2024-01-13T12:10:46","modified_gmt":"2024-01-13T12:10:46","slug":"siege-debout-pour-toilettes-ou-bidet-reglable-en-hauteur","status":"publish","type":"product","link":"https:\/\/www.rehafit.ch\/fr\/Produit\/siege-debout-pour-toilettes-ou-bidet-reglable-en-hauteur\/","title":{"rendered":"Support ind\u00e9pendant pour toilettes ou bidet, r\u00e9glable en hauteur"},"content":{"rendered":"<p><strong>Dimension:<\/strong><\/p>\n<ul>\n<li>Largeur ext\u00e9rieure : 468 \/ 493 \/ 518 cm<\/li>\n<li>Largeur int\u00e9rieure : 416 \/ 441 \/ 466 cm<\/li>\n<li>hauteur des accoudoirs : 616 &#8211; 786 cm<\/li>\n<li>Poids de l&rsquo;utilisateur : 150 kg<\/li>\n<li>poids : 1.88 kg<\/li>\n<\/ul>\n<p>&nbsp;<\/p>\n","protected":false},"excerpt":{"rendered":"<p><img loading=\"lazy\" decoding=\"async\" class=\"alignnone wp-image-351\" src=\"https:\/\/www.rehafit.ch\/wp-content\/uploads\/2016\/12\/mobilex_logo.jpg\" alt=\"mobilex_logo\" width=\"97\" height=\"71\"><\/p>\n<div class=\"woocommerce-product-details__short-description\">\n<p>Mobilex A \/ S a \u00e9t\u00e9 fond\u00e9e par 2003 et commercialise depuis lors des aides pour les personnes \u00e0 mobilit\u00e9 r\u00e9duite, telles que fauteuils roulants, aides \u00e0 la marche, rampes, produits pour le bain et diverses pi\u00e8ces d\u00e9tach\u00e9es.<\/p>\n<\/div>\n<p>&nbsp;<\/p>\n","protected":false},"featured_media":14103,"comment_status":"open","ping_status":"closed","template":"","meta":{"kt_blocks_editor_width":""},"product_brand":[],"product_cat":[152,178],"product_tag":[],"class_list":{"0":"post-14101","1":"product","2":"type-product","3":"status-publish","4":"has-post-thumbnail","6":"product_cat-aides-a-la-toilette","7":"product_cat-support-de-toilette","9":"first","10":"instock","11":"featured","12":"taxable","13":"shipping-taxable","14":"purchasable","15":"product-type-simple"},"aioseo_notices":[],"_links":{"self":[{"href":"https:\/\/www.rehafit.ch\/fr\/wp-json\/wp\/v2\/product\/14101","targetHints":{"allow":["GET"]}}],"collection":[{"href":"https:\/\/www.rehafit.ch\/fr\/wp-json\/wp\/v2\/product"}],"about":[{"href":"https:\/\/www.rehafit.ch\/fr\/wp-json\/wp\/v2\/types\/product"}],"replies":[{"embeddable":true,"href":"https:\/\/www.rehafit.ch\/fr\/wp-json\/wp\/v2\/comments?post=14101"}],"wp:featuredmedia":[{"embeddable":true,"href":"https:\/\/www.rehafit.ch\/fr\/wp-json\/wp\/v2\/media\/14103"}],"wp:attachment":[{"href":"https:\/\/www.rehafit.ch\/fr\/wp-json\/wp\/v2\/media?parent=14101"}],"wp:term":[{"taxonomy":"product_brand","embeddable":true,"href":"https:\/\/www.rehafit.ch\/fr\/wp-json\/wp\/v2\/product_brand?post=14101"},{"taxonomy":"product_cat","embeddable":true,"href":"https:\/\/www.rehafit.ch\/fr\/wp-json\/wp\/v2\/product_cat?post=14101"},{"taxonomy":"product_tag","embeddable":true,"href":"https:\/\/www.rehafit.ch\/fr\/wp-json\/wp\/v2\/product_tag?post=14101"}],"curies":[{"name":"wp","href":"https:\/\/api.w.org\/{rel}","templated":true}]}}