{"id":13776,"date":"2023-08-17T13:06:57","date_gmt":"2023-08-17T13:06:59","guid":{"rendered":"https:\/\/www.rehafit.ch\/?post_type=product&#038;p=13776"},"modified":"2024-11-19T14:50:36","modified_gmt":"2024-11-19T14:50:36","slug":"capsule_en_caoutchouc_safety_foot_kowsky","status":"publish","type":"product","link":"https:\/\/www.rehafit.ch\/fr\/Produit\/capsule_en_caoutchouc_safety_foot_kowsky\/","title":{"rendered":"Capsule en caoutchouc Safety Foot Kowsky"},"content":{"rendered":"<p>&nbsp;<\/p>\n<p>Solide, antid\u00e9rapant et stable &#8211; pour une mobilit\u00e9 maximale.<br \/>\nRapides et faciles \u00e0 monter sur n&rsquo;importe quel d\u00e9ambulateur, ils aident \u00e0 marcher d&rsquo;un pas s\u00fbr dans la vie. Au quotidien comme pendant les loisirs, pour les jeunes et les moins jeunes ou pour les personnes qui ne peuvent pas se passer d&rsquo;un d\u00e9ambulateur. Der SafetyFoot ist aus der Notwendigkeit entstanden, gehbehinderten Menschen auf Untergr\u00fcnden wie Schnee, Sand oder auf Feld- und Wanderwegen Sicherheit und Halt zu geben.<\/p>\n<ul>\n<li>Surface d&rsquo;appui : 90&#215;90 mm<\/li>\n<li>Poids : 135 g<\/li>\n<li>max. Charge : 200 kg de poids corporel<\/li>\n<\/ul>\n<p>&nbsp;<\/p>\n","protected":false},"excerpt":{"rendered":"<p><img loading=\"lazy\" decoding=\"async\" class=\"alignnone size-medium wp-image-13770\" src=\"https:\/\/www.rehafit.ch\/wp-content\/uploads\/2016\/12\/KOWSKY-Logo-250x95.jpg\" alt=\"\" width=\"250\" height=\"95\" srcset=\"https:\/\/www.rehafit.ch\/wp-content\/uploads\/2016\/12\/KOWSKY-Logo-250x95.jpg 250w, https:\/\/www.rehafit.ch\/wp-content\/uploads\/2016\/12\/KOWSKY-Logo-768x292.jpg 768w, https:\/\/www.rehafit.ch\/wp-content\/uploads\/2016\/12\/KOWSKY-Logo.jpg 828w\" sizes=\"auto, (max-width: 250px) 100vw, 250px\" \/><\/p>\n<p>Kowsky est une entreprise moderne et efficace avec plus de 100 ans de tradition, qui est g\u00e9r\u00e9e avec succ\u00e8s par la 4\u00e8me g\u00e9n\u00e9ration. Ils garantissent des processus de travail optimis\u00e9s et garantissent le plus haut niveau de s\u00e9curit\u00e9 et de fiabilit\u00e9 pour leurs produits.<\/p>\n<p>&nbsp;<\/p>\n","protected":false},"featured_media":13781,"comment_status":"open","ping_status":"closed","template":"","meta":{"kt_blocks_editor_width":""},"product_brand":[],"product_cat":[139,161],"product_tag":[],"class_list":{"0":"post-13776","1":"product","2":"type-product","3":"status-publish","4":"has-post-thumbnail","6":"product_cat-aides-a-la-marche","7":"product_cat-accessoire","9":"first","10":"instock","11":"taxable","12":"shipping-taxable","13":"purchasable","14":"product-type-variable"},"aioseo_notices":[],"_links":{"self":[{"href":"https:\/\/www.rehafit.ch\/fr\/wp-json\/wp\/v2\/product\/13776","targetHints":{"allow":["GET"]}}],"collection":[{"href":"https:\/\/www.rehafit.ch\/fr\/wp-json\/wp\/v2\/product"}],"about":[{"href":"https:\/\/www.rehafit.ch\/fr\/wp-json\/wp\/v2\/types\/product"}],"replies":[{"embeddable":true,"href":"https:\/\/www.rehafit.ch\/fr\/wp-json\/wp\/v2\/comments?post=13776"}],"wp:featuredmedia":[{"embeddable":true,"href":"https:\/\/www.rehafit.ch\/fr\/wp-json\/wp\/v2\/media\/13781"}],"wp:attachment":[{"href":"https:\/\/www.rehafit.ch\/fr\/wp-json\/wp\/v2\/media?parent=13776"}],"wp:term":[{"taxonomy":"product_brand","embeddable":true,"href":"https:\/\/www.rehafit.ch\/fr\/wp-json\/wp\/v2\/product_brand?post=13776"},{"taxonomy":"product_cat","embeddable":true,"href":"https:\/\/www.rehafit.ch\/fr\/wp-json\/wp\/v2\/product_cat?post=13776"},{"taxonomy":"product_tag","embeddable":true,"href":"https:\/\/www.rehafit.ch\/fr\/wp-json\/wp\/v2\/product_tag?post=13776"}],"curies":[{"name":"wp","href":"https:\/\/api.w.org\/{rel}","templated":true}]}}