{"id":13753,"date":"2023-08-12T13:46:59","date_gmt":"2023-08-12T13:47:00","guid":{"rendered":"https:\/\/www.rehafit.ch\/?post_type=product&#038;p=13753"},"modified":"2024-01-13T15:25:14","modified_gmt":"2024-01-13T15:25:14","slug":"lets-shop","status":"publish","type":"product","link":"https:\/\/www.rehafit.ch\/fr\/Produit\/lets-shop\/","title":{"rendered":"Let&rsquo;s shop"},"content":{"rendered":"<ul>\n<li>Largeur: 57cm<\/li>\n<li>Longueur: 63cm<\/li>\n<li>Hauteur de si\u00e8ge: 60cm<\/li>\n<li>Poids: 6,9kg<\/li>\n<li>Hauteur des poign\u00e9es de pouss\u00e9e : 76 &#8211; 95cm<\/li>\n<li>Capacit\u00e9 de charge de 130 kg<\/li>\n<li>Sac: pour 12kg<\/li>\n<\/ul>\n<p>&nbsp;<\/p>\n","protected":false},"excerpt":{"rendered":"<p><img loading=\"lazy\" decoding=\"async\" class=\"alignnone size-full wp-image-270\" src=\"https:\/\/www.rehafit.ch\/wp-content\/uploads\/2016\/12\/logo_143.gif\" alt=\"logo_143\" width=\"96\" height=\"43\"><\/p>\n<p><strong>Let&rsquo;s Shop vous facilite la vie<\/strong><\/p>\n<p class=\"p2\">Avec Let&rsquo;s Shop, vous pouvez transporter vos achats partout rapidement, facilement et en toute s\u00e9curit\u00e9. Ce rollator l\u00e9ger en aluminium est \u00e9quip\u00e9 d&rsquo;un grand sac \u00e0 provisions qui vous permet de transporter toutes sortes de choses et d&rsquo;effets personnels.<\/p>\n<p><strong>Grand espace de rangement.<\/strong><\/p>\n<p class=\"p1\">Le sac offre un grand espace de rangement et dispose de nombreuses fonctions intelligentes, comme une poche int\u00e9rieure amovible qui facilite le d\u00e9chargement de vos achats, des poches en filet sur le c\u00f4t\u00e9 du sac et un couvercle sur lequel vous pouvez vous asseoir pour vous reposer et soulager vos jambes ! De plus, il y a une poche \u00e0 l&rsquo;avant du sac pour<\/p>\n<p class=\"p1\">les petits objets. Let&rsquo;s Shop est l&rsquo;outil id\u00e9al pour transporter les achats de votre magasin pr\u00e9f\u00e9r\u00e9 \u00e0 la maison. Il vous facilitera consid\u00e9rablement la vie.<\/p>\n<p><strong>Si\u00e8ge int\u00e9gr\u00e9 dans le couvercle du sac.<\/strong><\/p>\n<p>Let&rsquo;s Shop a un couvercle de si\u00e8ge\/sac ergonomique, parfait si vous devez faire une pause pendant votre promenade ou votre shopping. Le si\u00e8ge est int\u00e9gr\u00e9 dans le couvercle, ce qui le rend invisible et permet de conserver le beau design du rollator et du sac. Le si\u00e8ge peut supporter une charge maximale de 130 kg.<\/p>\n<p class=\"p2\">\n","protected":false},"featured_media":13755,"comment_status":"open","ping_status":"closed","template":"","meta":{"kt_blocks_editor_width":""},"product_brand":[],"product_cat":[147,146,199],"product_tag":[],"class_list":{"0":"post-13753","1":"product","2":"type-product","3":"status-publish","4":"has-post-thumbnail","6":"product_cat-poids-leger","7":"product_cat-rollator","8":"product_cat-top-offres","10":"first","11":"instock","12":"sale","13":"taxable","14":"shipping-taxable","15":"purchasable","16":"product-type-simple"},"aioseo_notices":[],"_links":{"self":[{"href":"https:\/\/www.rehafit.ch\/fr\/wp-json\/wp\/v2\/product\/13753","targetHints":{"allow":["GET"]}}],"collection":[{"href":"https:\/\/www.rehafit.ch\/fr\/wp-json\/wp\/v2\/product"}],"about":[{"href":"https:\/\/www.rehafit.ch\/fr\/wp-json\/wp\/v2\/types\/product"}],"replies":[{"embeddable":true,"href":"https:\/\/www.rehafit.ch\/fr\/wp-json\/wp\/v2\/comments?post=13753"}],"wp:featuredmedia":[{"embeddable":true,"href":"https:\/\/www.rehafit.ch\/fr\/wp-json\/wp\/v2\/media\/13755"}],"wp:attachment":[{"href":"https:\/\/www.rehafit.ch\/fr\/wp-json\/wp\/v2\/media?parent=13753"}],"wp:term":[{"taxonomy":"product_brand","embeddable":true,"href":"https:\/\/www.rehafit.ch\/fr\/wp-json\/wp\/v2\/product_brand?post=13753"},{"taxonomy":"product_cat","embeddable":true,"href":"https:\/\/www.rehafit.ch\/fr\/wp-json\/wp\/v2\/product_cat?post=13753"},{"taxonomy":"product_tag","embeddable":true,"href":"https:\/\/www.rehafit.ch\/fr\/wp-json\/wp\/v2\/product_tag?post=13753"}],"curies":[{"name":"wp","href":"https:\/\/api.w.org\/{rel}","templated":true}]}}