{"id":13569,"date":"2023-03-22T07:37:25","date_gmt":"2023-06-22T12:36:06","guid":{"rendered":"https:\/\/www.rehafit.ch\/produkt\/location-du-rollateur-a-genoux-mobi-roll\/"},"modified":"2025-06-07T14:17:21","modified_gmt":"2025-06-07T14:17:21","slug":"location-mobi-roll-rollator","status":"publish","type":"product","link":"https:\/\/www.rehafit.ch\/fr\/Produit\/location-mobi-roll-rollator\/","title":{"rendered":"Location du rollateur \u00e0 genoux MOBI-ROLL MRR-22"},"content":{"rendered":"<table>\n<tbody>\n<tr>\n<td width=\"257\">&nbsp;<\/p>\n<p>&nbsp;<\/p>\n<p><strong>Mod\u00e8le<\/strong><\/td>\n<td width=\"257\">&nbsp;<\/p>\n<p><strong>Mobi-Roll <\/strong><strong>MR22<\/strong><\/td>\n<td width=\"257\"><\/td>\n<td width=\"257\"><\/td>\n<\/tr>\n<tr>\n<td width=\"257\">&nbsp;<\/p>\n<p>Roues<\/td>\n<td width=\"257\">8&Prime; &#8211; 2 X caoutchouc plein \u00e0 ressort\/<\/p>\n<p>2 X caoutchouc plein<\/td>\n<td width=\"257\"><\/td>\n<td width=\"257\"><\/td>\n<\/tr>\n<tr>\n<td width=\"257\">Frein<\/td>\n<td width=\"257\">Frein de stationnement \u00e0 \u00e9trier<\/td>\n<td width=\"257\"><\/td>\n<td width=\"257\"><\/td>\n<\/tr>\n<tr>\n<td width=\"257\">&nbsp;<\/p>\n<p>Utilisation<\/td>\n<td width=\"257\">Int\u00e9rieur, ext\u00e9rieur Sols lisses, trottoirs, centres commerciaux,<\/p>\n<p>Sol plat\/plat<\/td>\n<td width=\"257\"><\/td>\n<td width=\"257\"><\/td>\n<\/tr>\n<tr>\n<td width=\"257\">Fonction pliante<\/td>\n<td width=\"257\">Oui<\/td>\n<td width=\"257\"><\/td>\n<td width=\"257\"><\/td>\n<\/tr>\n<tr>\n<td width=\"257\">Si\u00e8ge<\/td>\n<td width=\"257\">En option &#8211; 45.80<\/td>\n<td width=\"257\"><\/td>\n<td width=\"257\"><\/td>\n<\/tr>\n<tr>\n<td width=\"257\">Genouill\u00e8res en viscose<\/td>\n<td width=\"257\">Oui<\/td>\n<td width=\"257\"><\/td>\n<td width=\"257\"><\/td>\n<\/tr>\n<tr>\n<td width=\"257\">Sonnette<\/td>\n<td width=\"257\">Oui<\/td>\n<td width=\"257\"><\/td>\n<td width=\"257\"><\/td>\n<\/tr>\n<tr>\n<td width=\"257\">poche amovible<\/td>\n<td width=\"257\">Oui<\/td>\n<td width=\"257\"><\/td>\n<td width=\"257\"><\/td>\n<\/tr>\n<tr>\n<td width=\"257\">Amortisseur arri\u00e8re<\/td>\n<td width=\"257\">Oui<\/td>\n<td width=\"257\"><\/td>\n<td width=\"257\"><\/td>\n<\/tr>\n<tr>\n<td width=\"257\">Support pour cannes \u00ab\u00a0Klickfix<\/td>\n<td width=\"257\">Accessoires<\/td>\n<td width=\"257\"><\/td>\n<td width=\"257\"><\/td>\n<\/tr>\n<tr>\n<td width=\"257\">Couleur<\/td>\n<td width=\"257\">Argent<\/td>\n<td width=\"257\"><\/td>\n<td width=\"257\"><\/td>\n<\/tr>\n<tr>\n<td width=\"257\">poids<\/td>\n<td width=\"257\">11 kg<\/td>\n<td width=\"257\"><\/td>\n<td width=\"257\"><\/td>\n<\/tr>\n<\/tbody>\n<\/table>\n","protected":false},"excerpt":{"rendered":"<p><strong>La location expliqu\u00e9e en bref :<\/strong><\/p>\n<ol>\n<li>Pour la dur\u00e9e de location, vous voyez \u00ab\u00a02\u00a0\u00bb par d\u00e9faut &#8211; il s&rsquo;agit ici de la dur\u00e9e de location minimale de 2 semaines. Veuillez indiquer le nombre de semaines souhait\u00e9es &#8211; vous pouvez aussi prolonger \u00e0 tout moment par la suite dans la \u00ab\u00a0boutique\u00a0\u00bb.<\/li>\n<li>Une fois le nombre de semaines confirm\u00e9, vous verrez sur la page suivante les informations sur les frais de livraison. Pour le retour, vous recevrez avec la facture (coll\u00e9e sur le carton dans l&rsquo;enveloppe rouge) l&rsquo;\u00e9tiquette de retour de DPD.<\/li>\n<li>En cas de retour, veuillez d\u00e9poser le paquet re\u00e7u avec le Mobi-Roll et l&rsquo;\u00e9tiquette de retour re\u00e7ue \u00e0 votre magasin de colis DPD le plus proche.<\/li>\n<\/ol>\n<p><span style=\"color: #ff0000;\"><strong>IMPORTANT ! Lire imp\u00e9rativement les instructions et les informations qui sont jointes.<\/strong><\/span><\/p>\n<p><strong>\u00c9quipement:<\/strong><\/p>\n<table>\n<tbody>\n<tr>\n<td><a href=\"https:\/\/www.rehafit.ch\/fr\/?post_type=product&amp;p=13673\">Support pour cannes<\/a><\/td>\n<td><a href=\"https:\/\/www.rehafit.ch\/fr\/?post_type=product&amp;p=13684\">Selle<\/a><\/td>\n<\/tr>\n<tr>\n<td><a href=\"https:\/\/www.rehafit.ch\/fr\/?post_type=product&amp;p=13673\"><img loading=\"lazy\" decoding=\"async\" class=\"alignnone size-medium wp-image-13677\" src=\"https:\/\/www.rehafit.ch\/wp-content\/uploads\/2023\/07\/MR-Gehstuetzenhalter-250x167.jpg\" alt=\"\" width=\"250\" height=\"167\" srcset=\"https:\/\/www.rehafit.ch\/wp-content\/uploads\/2023\/07\/MR-Gehstuetzenhalter-250x167.jpg 250w, https:\/\/www.rehafit.ch\/wp-content\/uploads\/2023\/07\/MR-Gehstuetzenhalter.jpg 400w\" sizes=\"auto, (max-width: 250px) 100vw, 250px\" \/><\/a><\/td>\n<td><a href=\"https:\/\/www.rehafit.ch\/fr\/?post_type=product&amp;p=13684\"><img loading=\"lazy\" decoding=\"async\" class=\"alignnone size-medium wp-image-13685\" src=\"https:\/\/www.rehafit.ch\/wp-content\/uploads\/2023\/07\/Sattel-250x189.png\" alt=\"\" width=\"250\" height=\"189\" srcset=\"https:\/\/www.rehafit.ch\/wp-content\/uploads\/2023\/07\/Sattel-250x189.png 250w, https:\/\/www.rehafit.ch\/wp-content\/uploads\/2023\/07\/Sattel-768x580.png 768w, https:\/\/www.rehafit.ch\/wp-content\/uploads\/2023\/07\/Sattel.png 1004w\" sizes=\"auto, (max-width: 250px) 100vw, 250px\" \/><\/a><\/td>\n<\/tr>\n<\/tbody>\n<\/table>\n<p><a href=\"https:\/\/www.rehafit.ch\/fr\/produkt\/verlaengerung-miete-mobi-roll-knie-rollator\/\"><span style=\"color: #ff0000;\"><strong>Prolonger la location&gt;&gt;<\/strong><\/span><\/a><\/p>\n<table>\n<tbody>\n<tr>\n<td><a href=\"https:\/\/www.rehafit.ch\/fr\/Produit\/location-mobi-roll-cc-genou-roller-cross-country\/\"><img loading=\"lazy\" decoding=\"async\" class=\"alignnone wp-image-13982 size-medium\" src=\"https:\/\/www.rehafit.ch\/wp-content\/uploads\/2023\/10\/MR.CC_1920x1920-175x250.jpg\" alt=\"\" width=\"175\" height=\"250\" srcset=\"https:\/\/www.rehafit.ch\/wp-content\/uploads\/2023\/10\/MR.CC_1920x1920-175x250.jpg 175w, https:\/\/www.rehafit.ch\/wp-content\/uploads\/2023\/10\/MR.CC_1920x1920-718x1024.jpg 718w, https:\/\/www.rehafit.ch\/wp-content\/uploads\/2023\/10\/MR.CC_1920x1920-768x1096.jpg 768w, https:\/\/www.rehafit.ch\/wp-content\/uploads\/2023\/10\/MR.CC_1920x1920-1077x1536.jpg 1077w, https:\/\/www.rehafit.ch\/wp-content\/uploads\/2023\/10\/MR.CC_1920x1920-1320x1883.jpg 1320w, https:\/\/www.rehafit.ch\/wp-content\/uploads\/2023\/10\/MR.CC_1920x1920.jpg 1346w\" sizes=\"auto, (max-width: 175px) 100vw, 175px\" \/><\/a><\/td>\n<td><a href=\"https:\/\/www.rehafit.ch\/fr\/Produit\/location-mobi-roll-cc-genou-roller-cross-country\/\"><strong><span style=\"color: #ff0000;\">Location Mobi-Roll avec pneus \u00e0 air 14&Prime; et frein \u00e0 tambour&gt;&gt;<\/span><\/strong><\/a><\/td>\n<\/tr>\n<\/tbody>\n<\/table>\n","protected":false},"featured_media":12787,"comment_status":"open","ping_status":"closed","template":"","meta":{"kt_blocks_editor_width":""},"product_brand":[],"product_cat":[146,209],"product_tag":[],"class_list":{"0":"post-13569","1":"product","2":"type-product","3":"status-publish","4":"has-post-thumbnail","6":"product_cat-rollator","7":"product_cat-rollator-pour-les-genoux","9":"first","10":"instock","11":"sold-individually","12":"taxable","13":"shipping-taxable","14":"purchasable","15":"product-type-variable"},"aioseo_notices":[],"_links":{"self":[{"href":"https:\/\/www.rehafit.ch\/fr\/wp-json\/wp\/v2\/product\/13569","targetHints":{"allow":["GET"]}}],"collection":[{"href":"https:\/\/www.rehafit.ch\/fr\/wp-json\/wp\/v2\/product"}],"about":[{"href":"https:\/\/www.rehafit.ch\/fr\/wp-json\/wp\/v2\/types\/product"}],"replies":[{"embeddable":true,"href":"https:\/\/www.rehafit.ch\/fr\/wp-json\/wp\/v2\/comments?post=13569"}],"wp:featuredmedia":[{"embeddable":true,"href":"https:\/\/www.rehafit.ch\/fr\/wp-json\/wp\/v2\/media\/12787"}],"wp:attachment":[{"href":"https:\/\/www.rehafit.ch\/fr\/wp-json\/wp\/v2\/media?parent=13569"}],"wp:term":[{"taxonomy":"product_brand","embeddable":true,"href":"https:\/\/www.rehafit.ch\/fr\/wp-json\/wp\/v2\/product_brand?post=13569"},{"taxonomy":"product_cat","embeddable":true,"href":"https:\/\/www.rehafit.ch\/fr\/wp-json\/wp\/v2\/product_cat?post=13569"},{"taxonomy":"product_tag","embeddable":true,"href":"https:\/\/www.rehafit.ch\/fr\/wp-json\/wp\/v2\/product_tag?post=13569"}],"curies":[{"name":"wp","href":"https:\/\/api.w.org\/{rel}","templated":true}]}}