{"id":13336,"date":"2023-03-06T13:24:44","date_gmt":"2023-03-06T13:24:45","guid":{"rendered":"https:\/\/www.rehafit.ch\/?post_type=product&#038;p=13336"},"modified":"2024-07-29T08:19:45","modified_gmt":"2024-07-29T08:19:45","slug":"byacre-sac-weekend-kopie","status":"publish","type":"product","link":"https:\/\/www.rehafit.ch\/fr\/Produit\/byacre-sac-weekend-kopie\/","title":{"rendered":"ByAcre Sac de transport-Ultralight"},"content":{"rendered":"","protected":false},"excerpt":{"rendered":"<p><a href=\"http:\/\/shop.novomed.ch.novomed.ch\/wp-content\/uploads\/2020\/01\/byacre.jpg\"><img loading=\"lazy\" decoding=\"async\" class=\"alignnone wp-image-4902 \" src=\"http:\/\/shop.novomed.ch.novomed.ch\/wp-content\/uploads\/2020\/01\/byacre-300x157.jpg\" alt=\"\" width=\"146\" height=\"76\"><\/a>  Pour prot\u00e9ger votre d\u00e9ambulateur lors de vos d\u00e9placements, nous avons con\u00e7u ce sac de voyage.<br \/>\nUn must pour toutes les aventures.   <\/p>\n<ul>\n<li>  Gardez votre d\u00e9ambulateur en s\u00e9curit\u00e9 et \u00e0 l&rsquo;abri des rayures lorsque vous voyagez.<\/li>\n<li>  Con\u00e7u sur mesure pour le design dynamique du carbone ultral\u00e9ger afin de le prot\u00e9ger aux bons endroits<\/li>\n<li>Mat\u00e9riau robuste, parfait pour toutes les situations<\/li>\n<li>  Syst\u00e8me de double sangle avec poign\u00e9e de transport et bandouli\u00e8re r\u00e9glable<\/li>\n<\/ul>\n<p>  Notre housse de voyage pour le Carbon Ultralight vous permet de voyager et de partir \u00e0 l&rsquo;aventure avec \u00e9l\u00e9gance, tout en gardant votre d\u00e9ambulateur en s\u00e9curit\u00e9 et \u00e0 l&rsquo;abri des rayures.  &nbsp;  Ce sac a \u00e9t\u00e9 sp\u00e9cialement con\u00e7u pour s&rsquo;adapter au design dynamique du rollateur Carbon Ultralight, de sorte qu&rsquo;il s&rsquo;ajuste parfaitement et prot\u00e8ge aux bons endroits.<br \/>\nAvec un coussin de protection entre les roues, m\u00eame la fourche de la roue avant est prot\u00e9g\u00e9e des rayures pendant le transport.   &nbsp;  Le mat\u00e9riau robuste permet au sac de conserver son apparence m\u00eame apr\u00e8s plusieurs utilisations et la belle couleur gris chin\u00e9 pr\u00e9serve des taches visibles.<br \/>\nAfin de prot\u00e9ger au mieux l&rsquo;int\u00e9rieur du rollator, le sac est rembourr\u00e9 et doubl\u00e9 d&rsquo;une doublure \u00e9l\u00e9gante et douce.   &nbsp;  Le syst\u00e8me de double sangle avec poign\u00e9e et bandouli\u00e8re r\u00e9glable vous permet de porter le sac dans toutes les situations.<\/p>\n","protected":false},"featured_media":13338,"comment_status":"open","ping_status":"closed","template":"","meta":{"kt_blocks_editor_width":""},"product_brand":[],"product_cat":[168],"product_tag":[],"class_list":{"0":"post-13336","1":"product","2":"type-product","3":"status-publish","4":"has-post-thumbnail","6":"product_cat-accessoires","8":"first","9":"instock","10":"taxable","11":"shipping-taxable","12":"purchasable","13":"product-type-simple"},"aioseo_notices":[],"_links":{"self":[{"href":"https:\/\/www.rehafit.ch\/fr\/wp-json\/wp\/v2\/product\/13336","targetHints":{"allow":["GET"]}}],"collection":[{"href":"https:\/\/www.rehafit.ch\/fr\/wp-json\/wp\/v2\/product"}],"about":[{"href":"https:\/\/www.rehafit.ch\/fr\/wp-json\/wp\/v2\/types\/product"}],"replies":[{"embeddable":true,"href":"https:\/\/www.rehafit.ch\/fr\/wp-json\/wp\/v2\/comments?post=13336"}],"wp:featuredmedia":[{"embeddable":true,"href":"https:\/\/www.rehafit.ch\/fr\/wp-json\/wp\/v2\/media\/13338"}],"wp:attachment":[{"href":"https:\/\/www.rehafit.ch\/fr\/wp-json\/wp\/v2\/media?parent=13336"}],"wp:term":[{"taxonomy":"product_brand","embeddable":true,"href":"https:\/\/www.rehafit.ch\/fr\/wp-json\/wp\/v2\/product_brand?post=13336"},{"taxonomy":"product_cat","embeddable":true,"href":"https:\/\/www.rehafit.ch\/fr\/wp-json\/wp\/v2\/product_cat?post=13336"},{"taxonomy":"product_tag","embeddable":true,"href":"https:\/\/www.rehafit.ch\/fr\/wp-json\/wp\/v2\/product_tag?post=13336"}],"curies":[{"name":"wp","href":"https:\/\/api.w.org\/{rel}","templated":true}]}}