{"id":13103,"date":"2022-12-19T12:03:01","date_gmt":"2022-12-19T12:03:04","guid":{"rendered":"https:\/\/www.rehafit.ch\/?post_type=product&#038;p=13103"},"modified":"2022-12-27T09:43:09","modified_gmt":"2022-12-27T09:43:09","slug":"rollator-standard-avec-support-de-canne-et-insert-en-plastique","status":"publish","type":"product","link":"https:\/\/www.rehafit.ch\/fr\/Produit\/rollator-standard-avec-support-de-canne-et-insert-en-plastique\/","title":{"rendered":"Rollator standard avec porte-canne et insert en plastique"},"content":{"rendered":"<ul>\n<li>\n<table id=\"product-material-specs-table\" class=\"data table material-attributes\">\n<tbody>\n<tr>\n<th class=\"col label\" scope=\"row\">longueur<\/th>\n<td class=\"col data\" data-th=\"L\u00e4nge\">64cm<\/td>\n<\/tr>\n<tr>\n<th class=\"col label\" scope=\"row\">Largeur<\/th>\n<td class=\"col data\" data-th=\"Breite\">59 cm<\/td>\n<\/tr>\n<tr>\n<th class=\"col label\" scope=\"row\">Hauteur de la poign\u00e9e :<\/th>\n<td class=\"col data\" data-th=\"H\u00f6he\">79.5 &#8211; 94 cm<\/td>\n<\/tr>\n<tr>\n<th class=\"col label\" scope=\"row\">Poids sans grain<\/th>\n<td class=\"col data\" data-th=\"Gewicht\">8.3 kg<\/td>\n<\/tr>\n<tr>\n<th class=\"col label\" scope=\"row\">Max. Capacit\u00e9 de charge<\/th>\n<td class=\"col data\" data-th=\"Max. Belastbarkeit\">120kg<\/td>\n<\/tr>\n<tr>\n<th class=\"col label\" scope=\"row\">Charge maximale<\/th>\n<td class=\"col data\" data-th=\"Maximale Zuladung\">10 kg<\/td>\n<\/tr>\n<tr>\n<th class=\"col label\" scope=\"row\">Panier<\/th>\n<td class=\"col data\" data-th=\"Korb\">Oui<\/td>\n<\/tr>\n<tr>\n<th class=\"col label\" scope=\"row\">Porte-canne<\/th>\n<td class=\"col data\" data-th=\"Stockhalter\">Oui<\/td>\n<\/tr>\n<tr>\n<th class=\"col label\" scope=\"row\">Plateau<\/th>\n<td class=\"col data\" data-th=\"Tablett\">Oui<\/td>\n<\/tr>\n<\/tbody>\n<\/table>\n<\/li>\n<\/ul>\n","protected":false},"excerpt":{"rendered":"<p>Le d\u00e9ambulateur aide les personnes \u00e0 mobilit\u00e9 r\u00e9duite, par exemple les personnes qui ont des difficult\u00e9s \u00e0 marcher ou dont l&rsquo;endurance \u00e0 la marche est fortement r\u00e9duite, \u00e0 se d\u00e9placer et leur permet ainsi d&rsquo;\u00e9largir leur rayon d&rsquo;action.<\/p>\n<p>Le rollator est \u00e9quip\u00e9 d&rsquo;un porte-bagages amovible, d&rsquo;un panier \u00e0 provisions et d&rsquo;un plateau de rangement. Avec si\u00e8ge pour les courtes pauses. Pliable, ce qui le rend maniable et peu encombrant \u00e0 transporter et \u00e0 ranger. En outre, elle est \u00e9quip\u00e9e de roues avant pivotantes, de poign\u00e9es r\u00e9glables en hauteur et de freins verrouillables. Une s\u00e9curit\u00e9 de pliage automatique emp\u00eache le pliage accidentel du rollator pendant l&rsquo;utilisation.<\/p>\n","protected":false},"featured_media":13106,"comment_status":"open","ping_status":"closed","template":"","meta":{"kt_blocks_editor_width":""},"product_brand":[],"product_cat":[146,167],"product_tag":[],"class_list":{"0":"post-13103","1":"product","2":"type-product","3":"status-publish","4":"has-post-thumbnail","6":"product_cat-rollator","7":"product_cat-standard-fr","9":"first","10":"instock","11":"taxable","12":"shipping-taxable","13":"purchasable","14":"product-type-simple"},"aioseo_notices":[],"_links":{"self":[{"href":"https:\/\/www.rehafit.ch\/fr\/wp-json\/wp\/v2\/product\/13103","targetHints":{"allow":["GET"]}}],"collection":[{"href":"https:\/\/www.rehafit.ch\/fr\/wp-json\/wp\/v2\/product"}],"about":[{"href":"https:\/\/www.rehafit.ch\/fr\/wp-json\/wp\/v2\/types\/product"}],"replies":[{"embeddable":true,"href":"https:\/\/www.rehafit.ch\/fr\/wp-json\/wp\/v2\/comments?post=13103"}],"wp:featuredmedia":[{"embeddable":true,"href":"https:\/\/www.rehafit.ch\/fr\/wp-json\/wp\/v2\/media\/13106"}],"wp:attachment":[{"href":"https:\/\/www.rehafit.ch\/fr\/wp-json\/wp\/v2\/media?parent=13103"}],"wp:term":[{"taxonomy":"product_brand","embeddable":true,"href":"https:\/\/www.rehafit.ch\/fr\/wp-json\/wp\/v2\/product_brand?post=13103"},{"taxonomy":"product_cat","embeddable":true,"href":"https:\/\/www.rehafit.ch\/fr\/wp-json\/wp\/v2\/product_cat?post=13103"},{"taxonomy":"product_tag","embeddable":true,"href":"https:\/\/www.rehafit.ch\/fr\/wp-json\/wp\/v2\/product_tag?post=13103"}],"curies":[{"name":"wp","href":"https:\/\/api.w.org\/{rel}","templated":true}]}}