{"id":12887,"date":"2022-10-25T16:13:05","date_gmt":"2022-10-25T16:13:06","guid":{"rendered":"https:\/\/www.rehafit.ch\/?post_type=product&#038;p=12887"},"modified":"2022-12-27T09:41:31","modified_gmt":"2022-12-27T09:41:31","slug":"sac-a-dos-kangourou","status":"publish","type":"product","link":"https:\/\/www.rehafit.ch\/fr\/Produit\/sac-a-dos-kangourou\/","title":{"rendered":"Sac \u00e0 enfiler Kangaroo"},"content":{"rendered":"<ul>\n<li>Largeur: 36cm<\/li>\n<li>Profondeur: 40cm<\/li>\n<li>Dimensions int\u00e9rieures : 27 x 22 cm<\/li>\n<li>Capacit\u00e9 de charge : 190 kg<\/li>\n<li>Poids: 2 kg<\/li>\n<li>Couleur blanche<\/li>\n<\/ul>\n","protected":false},"excerpt":{"rendered":"<p><img loading=\"lazy\" decoding=\"async\" class=\"alignnone wp-image-351\" src=\"https:\/\/www.rehafit.ch\/wp-content\/uploads\/2016\/12\/mobilex_logo.jpg\" alt=\"mobilex_logo\" width=\"97\" height=\"71\" \/><\/p>\n<ul>\n<li>Fabriqu\u00e9 en nylon imperm\u00e9able r\u00e9sistant \u00e0 la d\u00e9chirure<\/li>\n<li>Doublure thermique chaude et agr\u00e9able \u00e0 l&rsquo;int\u00e9rieur<\/li>\n<li>Fixation s\u00fbre au dos, ou aux poign\u00e9es de pouss\u00e9e du fauteuil roulant<\/li>\n<\/ul>\n","protected":false},"featured_media":12880,"comment_status":"open","ping_status":"closed","template":"","meta":{"kt_blocks_editor_width":""},"product_brand":[],"product_cat":[192,150],"product_tag":[],"class_list":{"0":"post-12887","1":"product","2":"type-product","3":"status-publish","4":"has-post-thumbnail","6":"product_cat-accessoires-fr","7":"product_cat-fauteuils-roulants","9":"first","10":"instock","11":"sale","12":"featured","13":"taxable","14":"shipping-taxable","15":"purchasable","16":"product-type-variable"},"aioseo_notices":[],"_links":{"self":[{"href":"https:\/\/www.rehafit.ch\/fr\/wp-json\/wp\/v2\/product\/12887","targetHints":{"allow":["GET"]}}],"collection":[{"href":"https:\/\/www.rehafit.ch\/fr\/wp-json\/wp\/v2\/product"}],"about":[{"href":"https:\/\/www.rehafit.ch\/fr\/wp-json\/wp\/v2\/types\/product"}],"replies":[{"embeddable":true,"href":"https:\/\/www.rehafit.ch\/fr\/wp-json\/wp\/v2\/comments?post=12887"}],"wp:featuredmedia":[{"embeddable":true,"href":"https:\/\/www.rehafit.ch\/fr\/wp-json\/wp\/v2\/media\/12880"}],"wp:attachment":[{"href":"https:\/\/www.rehafit.ch\/fr\/wp-json\/wp\/v2\/media?parent=12887"}],"wp:term":[{"taxonomy":"product_brand","embeddable":true,"href":"https:\/\/www.rehafit.ch\/fr\/wp-json\/wp\/v2\/product_brand?post=12887"},{"taxonomy":"product_cat","embeddable":true,"href":"https:\/\/www.rehafit.ch\/fr\/wp-json\/wp\/v2\/product_cat?post=12887"},{"taxonomy":"product_tag","embeddable":true,"href":"https:\/\/www.rehafit.ch\/fr\/wp-json\/wp\/v2\/product_tag?post=12887"}],"curies":[{"name":"wp","href":"https:\/\/api.w.org\/{rel}","templated":true}]}}