{"id":12822,"date":"2022-09-21T13:54:57","date_gmt":"2022-09-22T11:03:31","guid":{"rendered":"https:\/\/www.rehafit.ch\/produkt\/mobi-roll-le-rollator-orthopedique-pour-le-genou\/"},"modified":"2025-06-07T14:07:45","modified_gmt":"2025-06-07T14:07:45","slug":"mobi-roll-le-rollator-orthopedique-pour-le-genou","status":"publish","type":"product","link":"https:\/\/www.rehafit.ch\/fr\/Produit\/mobi-roll-le-rollator-orthopedique-pour-le-genou\/","title":{"rendered":"Mobi-Roll rollator pour les genoux"},"content":{"rendered":"<table>\n<tbody>\n<tr>\n<td width=\"257\"><strong>Mod\u00e8le<\/strong><\/td>\n<td width=\"257\"><strong>Mobi-Roll <\/strong><strong>MR-22 avec freins standard<br \/>\n<\/strong><\/td>\n<td width=\"257\"><strong>Mobi-Roll<\/strong> <strong>B <\/strong><strong>MRB-23 avec freins \u00e0 tambour<br \/>\n<\/strong><\/td>\n<td width=\"257\"><strong>Mobi-Roll<\/strong> <strong>S <\/strong><strong>MRS-23 Si\u00e8ge roulant<br \/>\n<\/strong><\/td>\n<td width=\"257\"><strong>Mobi-Roll<\/strong> <strong>MR-CC23 Country Cross<\/strong><strong><br \/>\n<\/strong><\/td>\n<td width=\"257\"><strong>Mobi-Roll MRW-24 Trottinette ou Walker<\/strong><\/td>\n<\/tr>\n<tr>\n<td width=\"257\">&nbsp;<\/p>\n<p>Roues<\/td>\n<td width=\"257\">8&Prime; &#8211; 4 X caoutchouc plein \/ roue arri\u00e8re suspendue<\/td>\n<td width=\"257\">8&Prime; &#8211; 4 X caoutchouc plein \/ roue arri\u00e8re suspendue<\/td>\n<td width=\"257\">8&Prime; &#8211; 4 X caoutchouc plein \/ roue arri\u00e8re suspendue<\/td>\n<td width=\"257\">12&Prime; &#8211; 4 X pneus \u00e0 air<\/td>\n<td width=\"257\">8&Prime; &#8211; 4 X caoutchouc plein \/ roue arri\u00e8re suspendue<\/td>\n<\/tr>\n<tr>\n<td width=\"257\">Frein<\/td>\n<td width=\"257\">Frein de stationnement \u00e0 \u00e9trier<\/td>\n<td width=\"257\">Frein \u00e0 tambour<\/td>\n<td width=\"257\">Frein \u00e0 tambour<\/td>\n<td width=\"257\">Frein \u00e0 tambour<\/td>\n<td width=\"257\">Frein \u00e0 tambour<\/td>\n<\/tr>\n<tr>\n<td width=\"257\">&nbsp;<\/p>\n<p>Utilisation<\/td>\n<td width=\"257\">Int\u00e9rieur, ext\u00e9rieur Sols lisses, trottoirs, centres commerciaux,<\/p>\n<p>Sol plat\/plat<\/td>\n<td width=\"257\">Int\u00e9rieur, ext\u00e9rieur Sols lisses, trottoirs, centres commerciaux,<\/p>\n<p>l\u00e9g\u00e8re pente<\/td>\n<td width=\"257\">Int\u00e9rieur, ext\u00e9rieur Sols lisses, trottoirs, centres commerciaux,<\/p>\n<p>l\u00e9g\u00e8re pente<\/td>\n<td width=\"257\">Int\u00e9rieur, ext\u00e9rieur, bons sentiers forestiers, l\u00e9g\u00e8re pente<br \/>\nl\u00e9g\u00e8re pente<\/td>\n<td width=\"257\">L&rsquo;essieu avant plus \u00e9troit maximise la libert\u00e9 de mouvement. Int\u00e9rieur, ext\u00e9rieur, bons sentiers forestiers, l\u00e9g\u00e8re pente<\/td>\n<\/tr>\n<tr>\n<td width=\"257\">Fonction pliante<\/td>\n<td width=\"257\">Oui<\/td>\n<td width=\"257\">Oui<\/td>\n<td width=\"257\">Oui<\/td>\n<td width=\"257\">Oui<\/td>\n<td width=\"257\">Oui<\/td>\n<\/tr>\n<tr>\n<td width=\"257\">Selle<\/td>\n<td width=\"257\">En option &#8211; 45.80<\/td>\n<td width=\"257\">En option &#8211; 45.80<\/td>\n<td width=\"257\">Oui<\/td>\n<td width=\"257\">En option &#8211; 45.80<\/td>\n<td width=\"257\">En option &#8211; 45.80<\/td>\n<\/tr>\n<tr>\n<td width=\"257\">Genouill\u00e8res en viscose<\/td>\n<td width=\"257\">Oui<\/td>\n<td width=\"257\">Oui<\/td>\n<td width=\"257\">&#8211;<\/td>\n<td width=\"257\">Oui<\/td>\n<td width=\"257\">Oui<\/td>\n<\/tr>\n<tr>\n<td width=\"257\">Sonnette<\/td>\n<td width=\"257\">Oui<\/td>\n<td width=\"257\">Oui<\/td>\n<td width=\"257\">Oui<\/td>\n<td width=\"257\">Oui<\/td>\n<td width=\"257\">Oui<\/td>\n<\/tr>\n<tr>\n<td width=\"257\">poche amovible<\/td>\n<td width=\"257\">Oui<\/td>\n<td width=\"257\">Oui<\/td>\n<td width=\"257\">Oui<\/td>\n<td width=\"257\">Oui<\/td>\n<td width=\"257\">Oui<\/td>\n<\/tr>\n<tr>\n<td width=\"257\">Amortisseur arri\u00e8re<\/td>\n<td width=\"257\">Oui<\/td>\n<td width=\"257\">Oui<\/td>\n<td width=\"257\">Oui<\/td>\n<td width=\"257\">Oui<\/td>\n<td width=\"257\">Oui<\/td>\n<\/tr>\n<tr>\n<td width=\"257\">Support pour cannes \u00ab\u00a0Klickfix<\/td>\n<td width=\"257\">Accessoires<\/td>\n<td width=\"257\">Accessoires<\/td>\n<td width=\"257\">Accessoires<\/td>\n<td width=\"257\">Accessoires<\/td>\n<td width=\"257\">Accessoires<\/td>\n<\/tr>\n<tr>\n<td width=\"257\">Autorisation dispositif m\u00e9dical<\/td>\n<td width=\"257\">Oui<\/td>\n<td width=\"257\">Oui<\/td>\n<td width=\"257\">Oui<\/td>\n<td width=\"257\">Oui<\/td>\n<td width=\"257\">Oui<\/td>\n<\/tr>\n<tr>\n<td width=\"257\">Couleur<\/td>\n<td width=\"257\">Argent<\/td>\n<td width=\"257\">Argent<\/td>\n<td width=\"257\">Argent<\/td>\n<td width=\"257\">Argent<\/td>\n<td width=\"257\">Argent<\/td>\n<\/tr>\n<tr>\n<td width=\"257\">poids<\/td>\n<td width=\"257\">11 kg<\/td>\n<td width=\"257\">11,5 kg<\/td>\n<td width=\"257\">12 kg<\/td>\n<td width=\"257\">13.5 kg<\/td>\n<td width=\"257\">12,5 kg<\/td>\n<\/tr>\n<tr>\n<td width=\"257\">N\u00b0<\/td>\n<td width=\"257\">MR-SW10002<\/td>\n<td width=\"257\">MR-SW10008<\/td>\n<td width=\"257\">MR-SW10007<\/td>\n<td width=\"257\">MR-SW10009<\/td>\n<td width=\"257\">MR-SW10022<\/td>\n<\/tr>\n<\/tbody>\n<\/table>\n<table width=\"650\">\n<tbody>\n<tr>\n<td><img loading=\"lazy\" decoding=\"async\" class=\"alignnone size-medium wp-image-6657\" src=\"https:\/\/www.novomed.ch\/wp-content\/uploads\/2022\/09\/IMG_0167-300x225.png\" alt=\"\" width=\"300\" height=\"225\" \/><\/td>\n<td><img loading=\"lazy\" decoding=\"async\" class=\"alignnone size-medium wp-image-6655\" src=\"https:\/\/www.novomed.ch\/wp-content\/uploads\/2022\/09\/IMG_0163_1920x1920-300x209.png\" alt=\"\" width=\"300\" height=\"209\" \/><\/td>\n<td><img loading=\"lazy\" decoding=\"async\" class=\"alignnone size-medium wp-image-6654\" src=\"https:\/\/www.novomed.ch\/wp-content\/uploads\/2022\/09\/IMG_0162-300x209.jpg\" alt=\"\" width=\"300\" height=\"209\" \/><\/td>\n<\/tr>\n<tr>\n<td bgcolor=\"ffffff\"><strong>Selle en viscose<\/strong><\/td>\n<td bgcolor=\"ffffff\"><strong>Suspension arri\u00e8re<\/strong><\/td>\n<td bgcolor=\"ffffff\"><strong>Frein \u00e0 main<\/strong><\/td>\n<\/tr>\n<tr>\n<td valign=\"top\">Selle confortable avec d\u00e9coupe pour la rotule. Position stable \u00e0 90 degr\u00e9s dans le creux transversal de la selle.<\/td>\n<td style=\"text-align: left;\" valign=\"top\">Suspension confortable pour l&rsquo;utilisation en plein air &#8211; m\u00e9nage vos blessures gr\u00e2ce \u00e0 une r\u00e9duction consid\u00e9rable de l&rsquo;usure.<br \/>\nChoc.<\/td>\n<td style=\"text-align: left;\" valign=\"top\">Double commande de frein !<br \/>\nLes deux leviers agissent sur les roues arri\u00e8re &#8211; ce qui permet de les utiliser d&rsquo;une seule main.<br \/>\nLe frein peut \u00eatre compl\u00e8tement bloqu\u00e9 pour une position fixe &#8211; fonction de frein \u00e0 main &#8211; important pour travailler en position unijambiste avec appui sur les genoux.<\/td>\n<\/tr>\n<tr>\n<td bgcolor=\"ffffff\"><img loading=\"lazy\" decoding=\"async\" class=\"alignnone size-medium wp-image-6653\" src=\"https:\/\/www.novomed.ch\/wp-content\/uploads\/2022\/09\/IMG_0160-300x209.jpg\" alt=\"\" width=\"300\" height=\"209\" \/><\/td>\n<td bgcolor=\"ffffff\"><img loading=\"lazy\" decoding=\"async\" class=\"alignnone size-medium wp-image-6652\" src=\"https:\/\/www.novomed.ch\/wp-content\/uploads\/2022\/09\/IMG_0159_1920x1920-e1663831427125-209x300.png\" alt=\"\" width=\"209\" height=\"300\" \/><\/td>\n<td bgcolor=\"ffffff\"><img loading=\"lazy\" decoding=\"async\" class=\"alignnone size-medium wp-image-6658\" src=\"https:\/\/www.novomed.ch\/wp-content\/uploads\/2022\/09\/IMG_0156-300x209.jpg\" alt=\"\" width=\"300\" height=\"209\" \/><\/td>\n<\/tr>\n<tr>\n<td bgcolor=\"ffffff\"><strong>Montage \/ Pliage<\/strong><\/td>\n<td bgcolor=\"ffffff\"><strong>Faible rayon de braquage<\/strong><\/td>\n<td bgcolor=\"ffffff\"><strong>Guidon et selle r\u00e9glables en hauteur<\/strong><\/td>\n<\/tr>\n<tr>\n<td valign=\"top\">Montage sans outils et<br \/>\nD\u00e9montage en un tour de main.<br \/>\nTransport aussi dans les<br \/>\nles plus petits mod\u00e8les de v\u00e9hicules.<\/td>\n<td valign=\"top\">Ce faible rayon de braquage permet de man\u0153uvrer facilement, m\u00eame dans les espaces de vie restreints. (Andere Modelle mit anderen Lenksystemen haben \u00fcber 2,60 mtr. Wenderadius &#8211; ungeeignet f\u00fcr eine Indoor-Nutzung).<\/td>\n<td valign=\"top\">R\u00e9glable en plusieurs \u00e9tapes &#8211; pour toutes les tailles de 1,20 m jusqu&rsquo;\u00e0 1,90 m.<\/td>\n<\/tr>\n<\/tbody>\n<\/table>\n<p>&nbsp;<\/p>\n<h2><span style=\"color: #ff0000;\">AVERTISSEMENTS ET CONSIGNES DE S\u00c9CURIT\u00c9<\/span><\/h2>\n<ul>\n<li>La capacit\u00e9 de poids maximale est de<strong> 136 kg<\/strong><\/li>\n<li>NE PAS d\u00e9passer la capacit\u00e9 de poids maximale (y compris le contenu du panier) ou cela pourrait entra\u00eener des blessures graves.<\/li>\n<li>La capacit\u00e9 de poids maximale pour le panier Mobi-Roll est de 5 kg.<\/li>\n<li><strong>Ne <\/strong>suspendez \u00e0 aucun moment quoi que ce soit aux poign\u00e9es ou au cadre du knee walker. Cela peut entra\u00eener le basculement du Mobi-Roll, ce qui peut provoquer des blessures corporelles ou endommager le Mobi-Roll. Les produits doivent \u00eatre ajout\u00e9s au panier.<\/li>\n<li><strong>N&rsquo;<\/strong>essayez PAS d&rsquo;atteindre des objets pendant que vous utilisez le Mobi-Roll. La saisie de ces objets entra\u00eene une modification de la r\u00e9partition du poids et peut entra\u00eener un basculement, ce qui provoque des blessures ou des dommages.<\/li>\n<li><strong>NE<\/strong>PAS reculer pendant l&rsquo;utilisation du Mobi-Roll.<\/li>\n<li>Toutes les roues <strong>DOIVENT <\/strong>\u00eatre en contact avec le sol \u00e0 tout moment pendant l&rsquo;utilisation. Cela permet de s&rsquo;assurer que le Mobi-Roll s&rsquo;\u00e9quilibre correctement.<\/li>\n<li>Lors de l&rsquo;utilisation, gardez toujours les deux mains sur les poign\u00e9es.<\/li>\n<li>N&rsquo;utilisez que des accessoires et des pi\u00e8ces de rechange autoris\u00e9s par le vendeur.<\/li>\n<li>Lorsque vous faites tourner le Mobi-Roll, soyez prudent et ne tournez que lorsque vous vous d\u00e9placez lentement.<\/li>\n<li>Le Mobi-Roll est uniquement destin\u00e9 \u00e0 un usage individuel. <strong>N&rsquo;essayez PAS<\/strong> de pousser le Mobi-Roll si quelqu&rsquo;un est assis sur le si\u00e8ge. Cela peut entra\u00eener des blessures graves et endommager le Mobi-Roll.<\/li>\n<\/ul>\n<h4><a href=\"https:\/\/www.rehafit.ch\/wp-content\/uploads\/2022\/09\/Manual-for-Mobi_de_en_es_fr_it.pdf\" target=\"_blank\" rel=\"noopener\">Mode d&#8217;emploi &gt;&gt;<\/a><\/h4>\n","protected":false},"excerpt":{"rendered":"<p align=\"left\"><img loading=\"lazy\" decoding=\"async\" class=\"alignnone wp-image-12771\" src=\"https:\/\/www.rehafit.ch\/wp-content\/uploads\/2022\/09\/MOBI-ROLl.logo_.weiss_.png\" alt=\"\" width=\"254\" height=\"61\" \/><\/p>\n<p><iframe loading=\"lazy\" title=\"Nous vous rendons mobile\" src=\"https:\/\/www.youtube.com\/embed\/0mF5c49gKN4\" width=\"450\" height=\"235\" frameborder=\"0\" allowfullscreen=\"allowfullscreen\"><\/iframe><br \/>\nEn cas de blessures de la cheville, du tendon d&rsquo;Achille ainsi que de fractures du bas de la jambe, de d\u00e9chirure du ligament syndesmique et de blessures similaires, le m\u00e9decin propose r\u00e9guli\u00e8rement une d\u00e9charge compl\u00e8te de la jambe concern\u00e9e.<br \/>\nJusqu&rsquo;\u00e0 pr\u00e9sent, les alternatives \u00e9taient toujours les m\u00eames : b\u00e9quilles ou fauteuil roulant, deux solutions tr\u00e8s mauvaises. Les cannes sont trop fatigantes &#8211; le fauteuil roulant trop encombrant.<br \/>\nAvec le Mobi-Roll, vous r\u00e9cup\u00e9rez une grande partie de votre mobilit\u00e9. Votre jambe bless\u00e9e est intacte jusqu&rsquo;au genou et peut vous soutenir efficacement. Sur le Mobi-Roll, vous soutenez votre genou et assurez la propulsion et le d\u00e9placement souhait\u00e9 avec votre pied sain.<br \/>\nL&rsquo;effet secondaire agr\u00e9able est que la jambe endommag\u00e9e reste fonctionnelle jusqu&rsquo;au genou et qu&rsquo;il n&rsquo;y a pas de r\u00e9gression des muscles de la cuisse.<br \/>\nAvec la sensation de conduite ludique que certains ont encore en m\u00e9moire depuis la \u00ab\u00a0trottinette\u00a0\u00bb, vous vous d\u00e9placez \u00e0 nouveau de mani\u00e8re autonome \u00e0 l&rsquo;int\u00e9rieur et \u00e0 l&rsquo;ext\u00e9rieur.<br \/>\nLa charge consid\u00e9rable des cannes anglaises appartient au pass\u00e9. Les travaux dans la cuisine, le bureau ou m\u00eame la salle de bain peuvent \u00eatre effectu\u00e9s sans effort &#8211; en s&rsquo;appuyant bien.<br \/>\nFaire ses courses devient m\u00eame un plaisir lorsque vous roulez facilement sur de longues distances, alors que vos contemporains en bonne sant\u00e9 se frayent p\u00e9niblement un chemin.<\/p>\n<p><strong>\u00c9quipement:<\/strong><\/p>\n<table>\n<tbody>\n<tr>\n<td><a href=\"https:\/\/www.rehafit.ch\/fr\/?post_type=product&#038;p=13673\">Support pour cannes<\/a><\/td>\n<td><a href=\"https:\/\/www.rehafit.ch\/fr\/?post_type=product&#038;p=13684\">Selle<\/a><\/td>\n<\/tr>\n<tr>\n<td><a href=\"https:\/\/www.rehafit.ch\/fr\/?post_type=product&#038;p=13673\"><img loading=\"lazy\" decoding=\"async\" class=\"alignnone size-medium wp-image-13677\" src=\"https:\/\/www.rehafit.ch\/wp-content\/uploads\/2023\/07\/MR-Gehstuetzenhalter-250x167.jpg\" alt=\"\" width=\"250\" height=\"167\" srcset=\"https:\/\/www.rehafit.ch\/wp-content\/uploads\/2023\/07\/MR-Gehstuetzenhalter-250x167.jpg 250w, https:\/\/www.rehafit.ch\/wp-content\/uploads\/2023\/07\/MR-Gehstuetzenhalter.jpg 400w\" sizes=\"auto, (max-width: 250px) 100vw, 250px\" \/><\/a><\/td>\n<td><a href=\"https:\/\/www.rehafit.ch\/fr\/?post_type=product&#038;p=13684\"><img loading=\"lazy\" decoding=\"async\" class=\"alignnone size-medium wp-image-13685\" src=\"https:\/\/www.rehafit.ch\/wp-content\/uploads\/2023\/07\/Sattel-250x189.png\" alt=\"\" width=\"250\" height=\"189\" srcset=\"https:\/\/www.rehafit.ch\/wp-content\/uploads\/2023\/07\/Sattel-250x189.png 250w, https:\/\/www.rehafit.ch\/wp-content\/uploads\/2023\/07\/Sattel-768x580.png 768w, https:\/\/www.rehafit.ch\/wp-content\/uploads\/2023\/07\/Sattel.png 1004w\" sizes=\"auto, (max-width: 250px) 100vw, 250px\" \/><\/a><\/td>\n<\/tr>\n<\/tbody>\n<\/table>\n<p><span style=\"color: #ff0000;\"><strong>Le Mobi-Roll peut \u00e9galement \u00eatre <a href=\"https:\/\/www.rehafit.ch\/fr\/produkt\/miete-mobi-roll-rollator\/\">lou\u00e9&gt;&gt;<\/a> <\/strong><\/span><\/p>\n","protected":false},"featured_media":12789,"comment_status":"open","ping_status":"closed","template":"","meta":{"kt_blocks_editor_width":""},"product_brand":[],"product_cat":[146,209],"product_tag":[],"class_list":{"0":"post-12822","1":"product","2":"type-product","3":"status-publish","4":"has-post-thumbnail","6":"product_cat-rollator","7":"product_cat-rollator-pour-les-genoux","9":"first","10":"instock","11":"taxable","12":"shipping-taxable","13":"purchasable","14":"product-type-variable"},"aioseo_notices":[],"_links":{"self":[{"href":"https:\/\/www.rehafit.ch\/fr\/wp-json\/wp\/v2\/product\/12822","targetHints":{"allow":["GET"]}}],"collection":[{"href":"https:\/\/www.rehafit.ch\/fr\/wp-json\/wp\/v2\/product"}],"about":[{"href":"https:\/\/www.rehafit.ch\/fr\/wp-json\/wp\/v2\/types\/product"}],"replies":[{"embeddable":true,"href":"https:\/\/www.rehafit.ch\/fr\/wp-json\/wp\/v2\/comments?post=12822"}],"wp:featuredmedia":[{"embeddable":true,"href":"https:\/\/www.rehafit.ch\/fr\/wp-json\/wp\/v2\/media\/12789"}],"wp:attachment":[{"href":"https:\/\/www.rehafit.ch\/fr\/wp-json\/wp\/v2\/media?parent=12822"}],"wp:term":[{"taxonomy":"product_brand","embeddable":true,"href":"https:\/\/www.rehafit.ch\/fr\/wp-json\/wp\/v2\/product_brand?post=12822"},{"taxonomy":"product_cat","embeddable":true,"href":"https:\/\/www.rehafit.ch\/fr\/wp-json\/wp\/v2\/product_cat?post=12822"},{"taxonomy":"product_tag","embeddable":true,"href":"https:\/\/www.rehafit.ch\/fr\/wp-json\/wp\/v2\/product_tag?post=12822"}],"curies":[{"name":"wp","href":"https:\/\/api.w.org\/{rel}","templated":true}]}}