{"id":12341,"date":"2021-12-25T13:40:38","date_gmt":"2021-12-25T14:05:04","guid":{"rendered":"https:\/\/www.rehafit.ch\/produkt\/siege-catapulte\/"},"modified":"2021-12-25T14:05:04","modified_gmt":"2021-12-25T14:05:04","slug":"siege-catapulte","status":"publish","type":"product","link":"https:\/\/www.rehafit.ch\/fr\/Produit\/siege-catapulte\/","title":{"rendered":"Si\u00e8ge catapulte"},"content":{"rendered":"<ul>\n<li>soul\u00e8ve 80% du poids corporel<\/li>\n<li>soutient le mouvement debout<\/li>\n<li>m\u00e9canisme \u00e0 ressort robuste<\/li>\n<li>Dessous avec antid\u00e9rapant<br \/>\nenrobage<\/li>\n<li>dans 5 cat\u00e9gories de poids corporel<br \/>\neinstellbar<\/li>\n<\/ul>\n<table class=\"technical-specification\">\n<tbody>\n<tr>\n<th>Si\u00e8ge:<\/th>\n<td>40 x 45 cm<\/td>\n<\/tr>\n<tr>\n<th>Hauteur d&rsquo;assise:<\/th>\n<td>plus 2,5 cm<\/td>\n<\/tr>\n<tr>\n<th>Poids:<\/th>\n<td>43, 55, 68,<br \/>\n82, 100 kg<\/td>\n<\/tr>\n<tr>\n<th>Poids de la personne:<\/th>\n<td>3,7 kg<\/td>\n<\/tr>\n<tr>\n<th>Capacit\u00e9 de charge:<\/th>\n<td>100 kg<\/td>\n<\/tr>\n<\/tbody>\n<\/table>\n","protected":false},"excerpt":{"rendered":"<p><img loading=\"lazy\" decoding=\"async\" class=\"alignnone size-full wp-image-246\" src=\"https:\/\/www.rehafit.ch\/wp-content\/uploads\/2016\/12\/meyralogo.jpg\" alt=\"meyralogo\" width=\"131\" height=\"40\"><span class=\"text_allg\"><b><br \/>\nMEYRA aides quotidiennes<\/b><\/span><\/p>\n<p>Cette aide peut \u00eatre une personne diff\u00e9rente. Ou un produit pens\u00e9 et adapt\u00e9 \u00e0 vos besoins individuels.<\/p>\n<p>MEYRA vend de tels produits. Des produits pour tous les domaines de la vie quotidienne: des \u00e9l\u00e9vateurs de bain aux aides novatrices pour les loisirs et le travail.<\/p>\n","protected":false},"featured_media":12325,"comment_status":"open","ping_status":"closed","template":"","meta":{"kt_blocks_editor_width":""},"product_brand":[],"product_cat":[175,182],"product_tag":[],"class_list":{"0":"post-12341","1":"product","2":"type-product","3":"status-publish","4":"has-post-thumbnail","6":"product_cat-assis-couches","7":"product_cat-xl-rollators","9":"first","10":"instock","11":"taxable","12":"shipping-taxable","13":"purchasable","14":"product-type-simple"},"aioseo_notices":[],"_links":{"self":[{"href":"https:\/\/www.rehafit.ch\/fr\/wp-json\/wp\/v2\/product\/12341","targetHints":{"allow":["GET"]}}],"collection":[{"href":"https:\/\/www.rehafit.ch\/fr\/wp-json\/wp\/v2\/product"}],"about":[{"href":"https:\/\/www.rehafit.ch\/fr\/wp-json\/wp\/v2\/types\/product"}],"replies":[{"embeddable":true,"href":"https:\/\/www.rehafit.ch\/fr\/wp-json\/wp\/v2\/comments?post=12341"}],"wp:featuredmedia":[{"embeddable":true,"href":"https:\/\/www.rehafit.ch\/fr\/wp-json\/wp\/v2\/media\/12325"}],"wp:attachment":[{"href":"https:\/\/www.rehafit.ch\/fr\/wp-json\/wp\/v2\/media?parent=12341"}],"wp:term":[{"taxonomy":"product_brand","embeddable":true,"href":"https:\/\/www.rehafit.ch\/fr\/wp-json\/wp\/v2\/product_brand?post=12341"},{"taxonomy":"product_cat","embeddable":true,"href":"https:\/\/www.rehafit.ch\/fr\/wp-json\/wp\/v2\/product_cat?post=12341"},{"taxonomy":"product_tag","embeddable":true,"href":"https:\/\/www.rehafit.ch\/fr\/wp-json\/wp\/v2\/product_tag?post=12341"}],"curies":[{"name":"wp","href":"https:\/\/api.w.org\/{rel}","templated":true}]}}