{"id":12311,"date":"2021-04-29T13:53:37","date_gmt":"2021-12-19T18:18:18","guid":{"rendered":"https:\/\/www.rehafit.ch\/produkt\/mambo-max-yoga-set-1-mat-2-blocks-1-boucle\/"},"modified":"2021-12-19T18:18:19","modified_gmt":"2021-12-19T18:18:19","slug":"mambo-max-yoga-set-1-mat-2-blocks-1-boucle","status":"publish","type":"product","link":"https:\/\/www.rehafit.ch\/fr\/Produit\/mambo-max-yoga-set-1-mat-2-blocks-1-boucle\/","title":{"rendered":"Mambo Max Yoga Set | 1 mat | 2 blocks | 1 boucle"},"content":{"rendered":"<p>Mens sana in corpore sano, un esprit sain dans un corps sain, qui ne veut pas de cela ? Commencez d\u00e8s aujourd&rsquo;hui avec notre ensemble complet de yoga Mambo Max et d\u00e9couvrez les nombreux avantages. Renforcez votre corps, am\u00e9liorez votre posture, tout en vous concentrant sur votre respiration pour soulager le stress. De plus, le yoga am\u00e9liore la flexibilit\u00e9, l&rsquo;endurance et la circulation sanguine.<\/p>\n<p>Cet ensemble de yoga se compose de :<\/p>\n<ul>\n<li>1 PVC Yoga mat (173 x 61 x 0,4 cm)<\/li>\n<li>2 EVA (Ethylene-vinyl Acetat ) blocs de yoga en mousse (7,5 x 15 x 23 cm)<\/li>\n<li>Bande de yoga avec boucle (180 x 3,8 cm)<\/li>\n<\/ul>\n<p>&nbsp;<\/p>\n<p>&nbsp;<\/p>\n","protected":false},"excerpt":{"rendered":"<p><img loading=\"lazy\" decoding=\"async\" class=\"alignnone wp-image-9812\" src=\"https:\/\/www.rehafit.ch\/wp-content\/uploads\/2021\/02\/logo-300x225-1.png\" alt=\"\" width=\"139\" height=\"104\" srcset=\"https:\/\/www.rehafit.ch\/wp-content\/uploads\/2021\/02\/logo-300x225-1.png 300w, https:\/\/www.rehafit.ch\/wp-content\/uploads\/2021\/02\/logo-300x225-1-250x188.png 250w\" sizes=\"auto, (max-width: 139px) 100vw, 139px\" \/><\/p>\n<p>MVS In Motion est sp\u00e9cialis\u00e9 dans les produits de physioth\u00e9rapie et de r\u00e9\u00e9ducation, de sport et de fitness et s&rsquo;efforce toujours d&rsquo;offrir des produits de haute qualit\u00e9.<\/p>\n","protected":false},"featured_media":9992,"comment_status":"open","ping_status":"closed","template":"","meta":{"kt_blocks_editor_width":""},"product_brand":[],"product_cat":[144,140],"product_tag":[],"class_list":{"0":"post-12311","1":"product","2":"type-product","3":"status-publish","4":"has-post-thumbnail","6":"product_cat-nouveaux-hits","7":"product_cat-fitness-wellness-pilates-fr","9":"first","10":"instock","11":"taxable","12":"shipping-taxable","13":"purchasable","14":"product-type-simple"},"aioseo_notices":[],"_links":{"self":[{"href":"https:\/\/www.rehafit.ch\/fr\/wp-json\/wp\/v2\/product\/12311","targetHints":{"allow":["GET"]}}],"collection":[{"href":"https:\/\/www.rehafit.ch\/fr\/wp-json\/wp\/v2\/product"}],"about":[{"href":"https:\/\/www.rehafit.ch\/fr\/wp-json\/wp\/v2\/types\/product"}],"replies":[{"embeddable":true,"href":"https:\/\/www.rehafit.ch\/fr\/wp-json\/wp\/v2\/comments?post=12311"}],"wp:featuredmedia":[{"embeddable":true,"href":"https:\/\/www.rehafit.ch\/fr\/wp-json\/wp\/v2\/media\/9992"}],"wp:attachment":[{"href":"https:\/\/www.rehafit.ch\/fr\/wp-json\/wp\/v2\/media?parent=12311"}],"wp:term":[{"taxonomy":"product_brand","embeddable":true,"href":"https:\/\/www.rehafit.ch\/fr\/wp-json\/wp\/v2\/product_brand?post=12311"},{"taxonomy":"product_cat","embeddable":true,"href":"https:\/\/www.rehafit.ch\/fr\/wp-json\/wp\/v2\/product_cat?post=12311"},{"taxonomy":"product_tag","embeddable":true,"href":"https:\/\/www.rehafit.ch\/fr\/wp-json\/wp\/v2\/product_tag?post=12311"}],"curies":[{"name":"wp","href":"https:\/\/api.w.org\/{rel}","templated":true}]}}