{"id":12292,"date":"2016-12-05T12:53:59","date_gmt":"2021-12-19T15:19:38","guid":{"rendered":"https:\/\/www.rehafit.ch\/produkt\/coussins-de-siege-de-toilette\/"},"modified":"2021-12-19T15:20:28","modified_gmt":"2021-12-19T15:20:28","slug":"coussins-de-siege-de-toilette","status":"publish","type":"product","link":"https:\/\/www.rehafit.ch\/fr\/Produit\/coussins-de-siege-de-toilette\/","title":{"rendered":"Coussins de si\u00e8ge de toilette"},"content":{"rendered":"<div class=\"text_allg\" align=\"left\">\n<ul class=\"text_allg\">\n<li>en mousse souple PU<\/li>\n<li>Largeur: 38cm<\/li>\n<li>Profondeur: 43cm<\/li>\n<li>Hauteur d&rsquo;assise: 3.5cm<\/li>\n<li>Poids: 1.1kg<\/li>\n<li>Capacit\u00e9 de charge: 130kg<\/li>\n<\/ul>\n<\/div>\n","protected":false},"excerpt":{"rendered":"<p><img loading=\"lazy\" decoding=\"async\" class=\"alignnone size-full wp-image-246\" src=\"https:\/\/www.rehafit.ch\/wp-content\/uploads\/2016\/12\/meyralogo.jpg\" alt=\"meyralogo\" width=\"131\" height=\"40\"><span class=\"text_allg\"><b><br \/>\nMEYRA aides quotidiennes<\/b><\/span><\/p>\n<p>Cette aide peut \u00eatre une personne diff\u00e9rente. Ou un produit pens\u00e9 et adapt\u00e9 \u00e0 vos besoins individuels.<\/p>\n<p>MEYRA vend de tels produits. Des produits pour tous les domaines de la vie quotidienne: des \u00e9l\u00e9vateurs de bain aux aides novatrices pour les loisirs et le travail.<\/p>\n","protected":false},"featured_media":347,"comment_status":"open","ping_status":"closed","template":"","meta":{"kt_blocks_editor_width":""},"product_brand":[],"product_cat":[153],"product_tag":[],"class_list":{"0":"post-12292","1":"product","2":"type-product","3":"status-publish","4":"has-post-thumbnail","6":"product_cat-siege-de-toilette-sureleve","8":"first","9":"instock","10":"taxable","11":"shipping-taxable","12":"purchasable","13":"product-type-simple"},"aioseo_notices":[],"_links":{"self":[{"href":"https:\/\/www.rehafit.ch\/fr\/wp-json\/wp\/v2\/product\/12292","targetHints":{"allow":["GET"]}}],"collection":[{"href":"https:\/\/www.rehafit.ch\/fr\/wp-json\/wp\/v2\/product"}],"about":[{"href":"https:\/\/www.rehafit.ch\/fr\/wp-json\/wp\/v2\/types\/product"}],"replies":[{"embeddable":true,"href":"https:\/\/www.rehafit.ch\/fr\/wp-json\/wp\/v2\/comments?post=12292"}],"wp:featuredmedia":[{"embeddable":true,"href":"https:\/\/www.rehafit.ch\/fr\/wp-json\/wp\/v2\/media\/347"}],"wp:attachment":[{"href":"https:\/\/www.rehafit.ch\/fr\/wp-json\/wp\/v2\/media?parent=12292"}],"wp:term":[{"taxonomy":"product_brand","embeddable":true,"href":"https:\/\/www.rehafit.ch\/fr\/wp-json\/wp\/v2\/product_brand?post=12292"},{"taxonomy":"product_cat","embeddable":true,"href":"https:\/\/www.rehafit.ch\/fr\/wp-json\/wp\/v2\/product_cat?post=12292"},{"taxonomy":"product_tag","embeddable":true,"href":"https:\/\/www.rehafit.ch\/fr\/wp-json\/wp\/v2\/product_tag?post=12292"}],"curies":[{"name":"wp","href":"https:\/\/api.w.org\/{rel}","templated":true}]}}