{"id":12262,"date":"2016-12-10T21:15:38","date_gmt":"2021-12-13T14:01:28","guid":{"rendered":"https:\/\/www.rehafit.ch\/produkt\/support-quatro-power-390-120-mm-avec-rallonge-de-poignee\/"},"modified":"2021-12-13T14:01:35","modified_gmt":"2021-12-13T14:01:35","slug":"support-quatro-power","status":"publish","type":"product","link":"https:\/\/www.rehafit.ch\/fr\/Produit\/support-quatro-power\/","title":{"rendered":"Support Quatro-Power 390 + 120 mm avec rallonge de poign\u00e9e"},"content":{"rendered":"<p><img loading=\"lazy\" decoding=\"async\" class=\"alignnone wp-image-12241\" src=\"https:\/\/www.rehafit.ch\/wp-content\/uploads\/2016\/12\/mobeli_hinweis-1.jpg\" alt=\"\" width=\"354\" height=\"288\"><\/p>\n","protected":false},"excerpt":{"rendered":"<p><img loading=\"lazy\" decoding=\"async\" class=\"alignnone size-full wp-image-51\" src=\"https:\/\/www.rehafit.ch\/wp-content\/uploads\/2016\/11\/mobeli_logo.jpg\" alt=\"logo_mobeli\" width=\"140\" height=\"46\"><\/p>\n<p>Le syst\u00e8me de support QuattroPower avec ventouses 4 et une conception sp\u00e9ciale pour r\u00e9duire l&rsquo;effet de levier et peut m\u00eame \u00eatre fix\u00e9 aux murs de cavit\u00e9 les plus efficaces.<\/p>\n<ul>\n<li>Longueur de pr\u00e9hension: 390 + 120 mm<\/li>\n<li>Max. Poids de l\u2019utilisateur 80kg<\/li>\n<li>Couleur blanche<img loading=\"lazy\" decoding=\"async\" class=\"alignnone size-full wp-image-1552\" src=\"https:\/\/www.rehafit.ch\/wp-content\/uploads\/2016\/11\/T%C3%9CV-Symbol-f%C3%BCr-MOBELI-Haltegriffe-2019-e1571229986972.jpg\" alt=\"\" width=\"150\" height=\"150\"><\/li>\n<\/ul>\n<p>&nbsp;<\/p>\n","protected":false},"featured_media":547,"comment_status":"open","ping_status":"closed","template":"","meta":{"kt_blocks_editor_width":""},"product_brand":[],"product_cat":[157,165],"product_tag":[],"class_list":{"0":"post-12262","1":"product","2":"type-product","3":"status-publish","4":"has-post-thumbnail","6":"product_cat-poignee-mobeli-ventouse","7":"product_cat-soutiens","9":"first","10":"instock","11":"taxable","12":"shipping-taxable","13":"purchasable","14":"product-type-simple"},"aioseo_notices":[],"_links":{"self":[{"href":"https:\/\/www.rehafit.ch\/fr\/wp-json\/wp\/v2\/product\/12262","targetHints":{"allow":["GET"]}}],"collection":[{"href":"https:\/\/www.rehafit.ch\/fr\/wp-json\/wp\/v2\/product"}],"about":[{"href":"https:\/\/www.rehafit.ch\/fr\/wp-json\/wp\/v2\/types\/product"}],"replies":[{"embeddable":true,"href":"https:\/\/www.rehafit.ch\/fr\/wp-json\/wp\/v2\/comments?post=12262"}],"wp:featuredmedia":[{"embeddable":true,"href":"https:\/\/www.rehafit.ch\/fr\/wp-json\/wp\/v2\/media\/547"}],"wp:attachment":[{"href":"https:\/\/www.rehafit.ch\/fr\/wp-json\/wp\/v2\/media?parent=12262"}],"wp:term":[{"taxonomy":"product_brand","embeddable":true,"href":"https:\/\/www.rehafit.ch\/fr\/wp-json\/wp\/v2\/product_brand?post=12262"},{"taxonomy":"product_cat","embeddable":true,"href":"https:\/\/www.rehafit.ch\/fr\/wp-json\/wp\/v2\/product_cat?post=12262"},{"taxonomy":"product_tag","embeddable":true,"href":"https:\/\/www.rehafit.ch\/fr\/wp-json\/wp\/v2\/product_tag?post=12262"}],"curies":[{"name":"wp","href":"https:\/\/api.w.org\/{rel}","templated":true}]}}