{"id":12255,"date":"2017-03-20T09:44:53","date_gmt":"2021-12-12T16:19:07","guid":{"rendered":"https:\/\/www.rehafit.ch\/produkt\/main-courante-reglable-en-angle-a-longueur-fixe\/"},"modified":"2021-12-12T16:30:23","modified_gmt":"2021-12-12T16:30:23","slug":"main-courante-reglable-en-angle","status":"publish","type":"product","link":"https:\/\/www.rehafit.ch\/fr\/Produit\/main-courante-reglable-en-angle\/","title":{"rendered":"Main courante \u00e0 angle r\u00e9glable avec dimension fixe 350mm"},"content":{"rendered":"<p><img loading=\"lazy\" decoding=\"async\" class=\"alignnone wp-image-10777\" src=\"https:\/\/www.rehafit.ch\/wp-content\/uploads\/2016\/12\/mobeli_hinweis-2.jpg\" width=\"341\" height=\"277\"><\/p>\n","protected":false},"excerpt":{"rendered":"<p><img loading=\"lazy\" decoding=\"async\" class=\"alignnone size-full wp-image-51\" src=\"https:\/\/www.rehafit.ch\/wp-content\/uploads\/2016\/11\/mobeli_logo.jpg\" alt=\"logo_mobeli\" width=\"140\" height=\"46\"><\/p>\n<ul>\n<li style=\"list-style-type: none;\">La main courante \u00e0 angle r\u00e9glable est l&rsquo;aide id\u00e9ale pour une salle de bain sans obstacle. La combinaison horizontale-verticale unique de la main courante mobile est utile dans de nombreuses situations de la vie quotidienne, que ce soit dans la baignoire lors de la lev\u00e9e ou comme aide \u00e0 la tenue dans la douche. La grande port\u00e9e d&rsquo;action et sa polyvalence sont la force de notre main courante mobile.<br \/>\nMax. Poids maximal de l&rsquo;utilisateur: 95kg<\/li>\n<\/ul>\n<p>&nbsp;<\/p>\n","protected":false},"featured_media":669,"comment_status":"open","ping_status":"closed","template":"","meta":{"kt_blocks_editor_width":""},"product_brand":[],"product_cat":[156,157],"product_tag":[],"class_list":{"0":"post-12255","1":"product","2":"type-product","3":"status-publish","4":"has-post-thumbnail","6":"product_cat-longueur-fixe","7":"product_cat-poignee-mobeli-ventouse","9":"first","10":"instock","11":"taxable","12":"shipping-taxable","13":"purchasable","14":"product-type-simple"},"aioseo_notices":[],"_links":{"self":[{"href":"https:\/\/www.rehafit.ch\/fr\/wp-json\/wp\/v2\/product\/12255","targetHints":{"allow":["GET"]}}],"collection":[{"href":"https:\/\/www.rehafit.ch\/fr\/wp-json\/wp\/v2\/product"}],"about":[{"href":"https:\/\/www.rehafit.ch\/fr\/wp-json\/wp\/v2\/types\/product"}],"replies":[{"embeddable":true,"href":"https:\/\/www.rehafit.ch\/fr\/wp-json\/wp\/v2\/comments?post=12255"}],"wp:featuredmedia":[{"embeddable":true,"href":"https:\/\/www.rehafit.ch\/fr\/wp-json\/wp\/v2\/media\/669"}],"wp:attachment":[{"href":"https:\/\/www.rehafit.ch\/fr\/wp-json\/wp\/v2\/media?parent=12255"}],"wp:term":[{"taxonomy":"product_brand","embeddable":true,"href":"https:\/\/www.rehafit.ch\/fr\/wp-json\/wp\/v2\/product_brand?post=12255"},{"taxonomy":"product_cat","embeddable":true,"href":"https:\/\/www.rehafit.ch\/fr\/wp-json\/wp\/v2\/product_cat?post=12255"},{"taxonomy":"product_tag","embeddable":true,"href":"https:\/\/www.rehafit.ch\/fr\/wp-json\/wp\/v2\/product_tag?post=12255"}],"curies":[{"name":"wp","href":"https:\/\/api.w.org\/{rel}","templated":true}]}}