{"id":12164,"date":"2016-12-10T20:29:00","date_gmt":"2021-11-26T14:02:02","guid":{"rendered":"https:\/\/www.rehafit.ch\/produkt\/taboure-de-douche-delphi-turn\/"},"modified":"2021-11-26T14:02:05","modified_gmt":"2021-11-26T14:02:05","slug":"tabouret-de-douche-delphi-turn","status":"publish","type":"product","link":"https:\/\/www.rehafit.ch\/fr\/Produit\/tabouret-de-douche-delphi-turn\/","title":{"rendered":"Taboure de douche Delphi Turn"},"content":{"rendered":"<p>Si\u00e8ge facilement orientable<br \/>\nFacilite le transfert et l&rsquo;hygi\u00e8ne quotidienne<br \/>\nRev\u00eatement amical pour la peau<\/p>\n<ul>\n<li>Longueur: 38.5cm<\/li>\n<li>Largeur: 38.5cm<\/li>\n<li>Hauteur: 46,2 &#8211; 51,2 &#8211; 56,2cm<\/li>\n<li>Profondeur: 52cm<\/li>\n<li>Assise rotative : \u00f8 32,5 cm<\/li>\n<li>Hauteur d&rsquo;assise: 46,2 &#8211; 51,2 &#8211; 56,2cm<\/li>\n<li>Poids: 3.1kg<\/li>\n<li>Capacit\u00e9 de charge: 140kg<\/li>\n<\/ul>\n","protected":false},"excerpt":{"rendered":"<h2><img loading=\"lazy\" decoding=\"async\" class=\"alignnone wp-image-218\" src=\"https:\/\/www.rehafit.ch\/wp-content\/uploads\/2016\/12\/drive_logo.jpg\" alt=\"drive_logo\" width=\"116\" height=\"40\"><\/h2>\n<p><span class=\"text_allg\">DRIVE MEDICAL, bas\u00e9 \u00e0 Isny \/Allg\u00e4u, est l&rsquo;un des principaux fabricants et fournisseurs d&rsquo;accessoires de haute qualit\u00e9 pour la salle de bain, la douche et les toilettes. Dar\u00fcber hinaus bieten wir innovative Mobilit\u00e4tsprodukte an. Als einer der f\u00fchrenden Hersteller von Badewannenliften blickt DRIVE MEDICAL auf eine erfolgreiche Firmengeschichte und viele Innovationen zur\u00fcck. <\/span><\/p>\n<p>&nbsp;<\/p>\n","protected":false},"featured_media":539,"comment_status":"open","ping_status":"closed","template":"","meta":{"kt_blocks_editor_width":""},"product_brand":[],"product_cat":[132],"product_tag":[],"class_list":{"0":"post-12164","1":"product","2":"type-product","3":"status-publish","4":"has-post-thumbnail","6":"product_cat-tabouret-de-douche","8":"first","9":"instock","10":"taxable","11":"shipping-taxable","12":"purchasable","13":"product-type-simple"},"aioseo_notices":[],"_links":{"self":[{"href":"https:\/\/www.rehafit.ch\/fr\/wp-json\/wp\/v2\/product\/12164","targetHints":{"allow":["GET"]}}],"collection":[{"href":"https:\/\/www.rehafit.ch\/fr\/wp-json\/wp\/v2\/product"}],"about":[{"href":"https:\/\/www.rehafit.ch\/fr\/wp-json\/wp\/v2\/types\/product"}],"replies":[{"embeddable":true,"href":"https:\/\/www.rehafit.ch\/fr\/wp-json\/wp\/v2\/comments?post=12164"}],"wp:featuredmedia":[{"embeddable":true,"href":"https:\/\/www.rehafit.ch\/fr\/wp-json\/wp\/v2\/media\/539"}],"wp:attachment":[{"href":"https:\/\/www.rehafit.ch\/fr\/wp-json\/wp\/v2\/media?parent=12164"}],"wp:term":[{"taxonomy":"product_brand","embeddable":true,"href":"https:\/\/www.rehafit.ch\/fr\/wp-json\/wp\/v2\/product_brand?post=12164"},{"taxonomy":"product_cat","embeddable":true,"href":"https:\/\/www.rehafit.ch\/fr\/wp-json\/wp\/v2\/product_cat?post=12164"},{"taxonomy":"product_tag","embeddable":true,"href":"https:\/\/www.rehafit.ch\/fr\/wp-json\/wp\/v2\/product_tag?post=12164"}],"curies":[{"name":"wp","href":"https:\/\/api.w.org\/{rel}","templated":true}]}}