{"id":12154,"date":"2016-12-09T08:13:27","date_gmt":"2021-11-26T13:59:07","guid":{"rendered":"https:\/\/www.rehafit.ch\/produkt\/siege-de-bain-dubastar\/"},"modified":"2024-10-26T07:10:07","modified_gmt":"2024-10-26T07:10:07","slug":"siege-de-bain-dubastar","status":"publish","type":"product","link":"https:\/\/www.rehafit.ch\/fr\/Produit\/siege-de-bain-dubastar\/","title":{"rendered":"Si\u00e8ge de bain DuBaStar"},"content":{"rendered":"<div class=\"text_allg\" align=\"left\">\n<ul class=\"text_allg\">\n<li>Cadre en aluminium enduit de poudre<\/li>\n<li>Vis en acier V 2 A<\/li>\n<li>plastique facile d&rsquo;entretien<\/li>\n<li>avec d\u00e9coupe intime<\/li>\n<li>offre des places assises sur\u00e9lev\u00e9es<\/li>\n<li>r\u00e9glable en largeur<\/li>\n<li>Peut \u00eatre utilis\u00e9 pour diff\u00e9rentes largeurs de baignoire<\/li>\n<li>Largeur: 71 &#8211; 89cm<\/li>\n<li>Profondeur: 44cm<\/li>\n<li>Hauteur: 36cm<\/li>\n<li>Dimension d&rsquo;assise: 40 x 40cm<\/li>\n<li>avec d\u00e9coupe intime<\/li>\n<li>Poids: 3 kg<\/li>\n<li>Capacit\u00e9 de charge 120kg<\/li>\n<li>Couleur blanche<\/li>\n<\/ul>\n<\/div>\n","protected":false},"excerpt":{"rendered":"<p><img loading=\"lazy\" decoding=\"async\" class=\"alignnone size-full wp-image-246\" src=\"https:\/\/www.rehafit.ch\/wp-content\/uploads\/2016\/12\/meyralogo.jpg\" alt=\"meyralogo\" width=\"131\" height=\"40\"><span class=\"text_allg\"><b><br \/>\nMEYRA aides quotidiennes<\/b><\/span><\/p>\n<p>Cette aide peut \u00eatre une personne diff\u00e9rente. Ou un produit pens\u00e9 et adapt\u00e9 \u00e0 vos besoins individuels.<\/p>\n<p>MEYRA vend de tels produits. Des produits pour tous les domaines de la vie quotidienne: des \u00e9l\u00e9vateurs de bain aux aides novatrices pour les loisirs et le travail.<\/p>\n","protected":false},"featured_media":0,"comment_status":"open","ping_status":"closed","template":"","meta":{"kt_blocks_editor_width":""},"product_brand":[],"product_cat":[129],"product_tag":[],"class_list":{"0":"post-12154","1":"product","2":"type-product","3":"status-publish","5":"product_cat-siege-de-bain","7":"first","8":"instock","9":"taxable","10":"shipping-taxable","11":"purchasable","12":"product-type-variable","13":"has-default-attributes"},"aioseo_notices":[],"_links":{"self":[{"href":"https:\/\/www.rehafit.ch\/fr\/wp-json\/wp\/v2\/product\/12154","targetHints":{"allow":["GET"]}}],"collection":[{"href":"https:\/\/www.rehafit.ch\/fr\/wp-json\/wp\/v2\/product"}],"about":[{"href":"https:\/\/www.rehafit.ch\/fr\/wp-json\/wp\/v2\/types\/product"}],"replies":[{"embeddable":true,"href":"https:\/\/www.rehafit.ch\/fr\/wp-json\/wp\/v2\/comments?post=12154"}],"wp:attachment":[{"href":"https:\/\/www.rehafit.ch\/fr\/wp-json\/wp\/v2\/media?parent=12154"}],"wp:term":[{"taxonomy":"product_brand","embeddable":true,"href":"https:\/\/www.rehafit.ch\/fr\/wp-json\/wp\/v2\/product_brand?post=12154"},{"taxonomy":"product_cat","embeddable":true,"href":"https:\/\/www.rehafit.ch\/fr\/wp-json\/wp\/v2\/product_cat?post=12154"},{"taxonomy":"product_tag","embeddable":true,"href":"https:\/\/www.rehafit.ch\/fr\/wp-json\/wp\/v2\/product_tag?post=12154"}],"curies":[{"name":"wp","href":"https:\/\/api.w.org\/{rel}","templated":true}]}}