{"id":12151,"date":"2016-12-09T07:48:04","date_gmt":"2021-11-26T13:54:39","guid":{"rendered":"https:\/\/www.rehafit.ch\/produkt\/atlantis-chaise-de-douche-roulante\/"},"modified":"2021-11-26T13:54:42","modified_gmt":"2021-11-26T13:54:42","slug":"chaise-de-douche-roulante","status":"publish","type":"product","link":"https:\/\/www.rehafit.ch\/fr\/Produit\/chaise-de-douche-roulante\/","title":{"rendered":"ATLANTIS Chaise de douche roulante"},"content":{"rendered":"<ul class=\"text_allg\">\n<li>Confort et design<\/li>\n<li>Si\u00e8ge baquet<\/li>\n<li>Cadre en aluminium enduit de poudre<\/li>\n<li>Largeur d&rsquo;assise: 46cm<\/li>\n<li>Hauteur d&rsquo;assise: 54cm<\/li>\n<li>Profondeur: 38cm<\/li>\n<li>Poids 7.1kg<\/li>\n<li>Capacit\u00e9 de charge: 100kg<\/li>\n<li>Couleur blanche<\/li>\n<\/ul>\n","protected":false},"excerpt":{"rendered":"<p><span class=\"text_allg\"><img loading=\"lazy\" decoding=\"async\" class=\"alignnone wp-image-184\" src=\"https:\/\/www.rehafit.ch\/wp-content\/uploads\/2016\/12\/herdegen_logo.jpg\" alt=\"herdegen_logo\" width=\"120\" height=\"71\"><\/span><\/p>\n<p>Herdegen se caract\u00e9rise par des produits innovants tels que le si\u00e8ge de toilette sur\u00e9lev\u00e9 doux<a href=\"https:\/\/www.rehafit.ch\/produkt\/toilettensitzerhoehung-contact-plus\/\"> CONTACTER PLUS<\/a> ou la b\u00e9quille d&rsquo;avant-bras en mousse ADVANCE.<\/p>\n","protected":false},"featured_media":425,"comment_status":"open","ping_status":"closed","template":"","meta":{"kt_blocks_editor_width":""},"product_brand":[],"product_cat":[135,199],"product_tag":[],"class_list":{"0":"post-12151","1":"product","2":"type-product","3":"status-publish","4":"has-post-thumbnail","6":"product_cat-siege-de-douche","7":"product_cat-top-offres","9":"first","10":"instock","11":"sale","12":"taxable","13":"shipping-taxable","14":"purchasable","15":"product-type-simple"},"aioseo_notices":[],"_links":{"self":[{"href":"https:\/\/www.rehafit.ch\/fr\/wp-json\/wp\/v2\/product\/12151","targetHints":{"allow":["GET"]}}],"collection":[{"href":"https:\/\/www.rehafit.ch\/fr\/wp-json\/wp\/v2\/product"}],"about":[{"href":"https:\/\/www.rehafit.ch\/fr\/wp-json\/wp\/v2\/types\/product"}],"replies":[{"embeddable":true,"href":"https:\/\/www.rehafit.ch\/fr\/wp-json\/wp\/v2\/comments?post=12151"}],"wp:featuredmedia":[{"embeddable":true,"href":"https:\/\/www.rehafit.ch\/fr\/wp-json\/wp\/v2\/media\/425"}],"wp:attachment":[{"href":"https:\/\/www.rehafit.ch\/fr\/wp-json\/wp\/v2\/media?parent=12151"}],"wp:term":[{"taxonomy":"product_brand","embeddable":true,"href":"https:\/\/www.rehafit.ch\/fr\/wp-json\/wp\/v2\/product_brand?post=12151"},{"taxonomy":"product_cat","embeddable":true,"href":"https:\/\/www.rehafit.ch\/fr\/wp-json\/wp\/v2\/product_cat?post=12151"},{"taxonomy":"product_tag","embeddable":true,"href":"https:\/\/www.rehafit.ch\/fr\/wp-json\/wp\/v2\/product_tag?post=12151"}],"curies":[{"name":"wp","href":"https:\/\/api.w.org\/{rel}","templated":true}]}}