{"id":12143,"date":"2016-12-09T07:45:05","date_gmt":"2021-11-23T20:24:12","guid":{"rendered":"https:\/\/www.rehafit.ch\/produkt\/chaise-de-douche-ds-130\/"},"modified":"2021-11-23T20:24:21","modified_gmt":"2021-11-23T20:24:21","slug":"chaise-de-douche-ds-130","status":"publish","type":"product","link":"https:\/\/www.rehafit.ch\/fr\/Produit\/chaise-de-douche-ds-130\/","title":{"rendered":"Chaise de douche DS 130"},"content":{"rendered":"<p>Confortable, s\u00fbr et stable<br \/>\nGrand si\u00e8ge avec fentes de drainage<br \/>\nL&rsquo;\u00e9videment d&rsquo;hygi\u00e8ne facilite l&rsquo;hygi\u00e8ne intime<\/p>\n<ul>\n<li>Largeur: 51cm<\/li>\n<li>Hauteur: 63-71cm<\/li>\n<li>Profondeur: 52cm<\/li>\n<li>Largeur d&rsquo;assise: 41cm<\/li>\n<li>Hauteur d&rsquo;assise: 45-53cm<\/li>\n<li>Profondeur d&rsquo;assise: 43cm<\/li>\n<li>Dimension pli\u00e9 : 25cm<\/li>\n<li>Poids: 4.5kg<\/li>\n<li>Capacit\u00e9 de charge de 130 kg<\/li>\n<\/ul>\n","protected":false},"excerpt":{"rendered":"<h2><img loading=\"lazy\" decoding=\"async\" class=\"alignnone wp-image-218\" src=\"https:\/\/www.rehafit.ch\/wp-content\/uploads\/2016\/12\/drive_logo.jpg\" alt=\"drive_logo\" width=\"116\" height=\"40\"><\/h2>\n<p><span class=\"text_allg\">DRIVE MEDICAL, bas\u00e9 \u00e0 Isny \/Allg\u00e4u, est l&rsquo;un des principaux fabricants et fournisseurs d&rsquo;accessoires de haute qualit\u00e9 pour la salle de bain, la douche et les toilettes. Dar\u00fcber hinaus bieten wir innovative Mobilit\u00e4tsprodukte an. Als einer der f\u00fchrenden Hersteller von Badewannenliften blickt DRIVE MEDICAL auf eine erfolgreiche Firmengeschichte und viele Innovationen zur\u00fcck. <\/span><\/p>\n<p>&nbsp;<\/p>\n","protected":false},"featured_media":0,"comment_status":"open","ping_status":"closed","template":"","meta":{"kt_blocks_editor_width":""},"product_brand":[],"product_cat":[135],"product_tag":[],"class_list":{"0":"post-12143","1":"product","2":"type-product","3":"status-publish","5":"product_cat-siege-de-douche","7":"first","8":"outofstock","9":"taxable","10":"shipping-taxable","11":"purchasable","12":"product-type-simple"},"aioseo_notices":[],"_links":{"self":[{"href":"https:\/\/www.rehafit.ch\/fr\/wp-json\/wp\/v2\/product\/12143","targetHints":{"allow":["GET"]}}],"collection":[{"href":"https:\/\/www.rehafit.ch\/fr\/wp-json\/wp\/v2\/product"}],"about":[{"href":"https:\/\/www.rehafit.ch\/fr\/wp-json\/wp\/v2\/types\/product"}],"replies":[{"embeddable":true,"href":"https:\/\/www.rehafit.ch\/fr\/wp-json\/wp\/v2\/comments?post=12143"}],"wp:attachment":[{"href":"https:\/\/www.rehafit.ch\/fr\/wp-json\/wp\/v2\/media?parent=12143"}],"wp:term":[{"taxonomy":"product_brand","embeddable":true,"href":"https:\/\/www.rehafit.ch\/fr\/wp-json\/wp\/v2\/product_brand?post=12143"},{"taxonomy":"product_cat","embeddable":true,"href":"https:\/\/www.rehafit.ch\/fr\/wp-json\/wp\/v2\/product_cat?post=12143"},{"taxonomy":"product_tag","embeddable":true,"href":"https:\/\/www.rehafit.ch\/fr\/wp-json\/wp\/v2\/product_tag?post=12143"}],"curies":[{"name":"wp","href":"https:\/\/api.w.org\/{rel}","templated":true}]}}