{"id":12112,"date":"2016-12-05T09:46:31","date_gmt":"2021-11-23T16:52:36","guid":{"rendered":"https:\/\/www.rehafit.ch\/produkt\/cadre-de-marche-gecko-pliable\/"},"modified":"2021-11-23T16:52:38","modified_gmt":"2021-11-23T16:52:38","slug":"cadre-de-marche-gecko-pliable","status":"publish","type":"product","link":"https:\/\/www.rehafit.ch\/fr\/Produit\/cadre-de-marche-gecko-pliable\/","title":{"rendered":"Cadre de marche GECKO pliable"},"content":{"rendered":"<ul>\n<li>Longueur: 47cm<\/li>\n<li>Hauteur poign\u00e9es: 81 &#8211; 98.5<\/li>\n<li>Largeur: max.61cm<\/li>\n<li>Largeur derri\u00e8re: 52 cm<\/li>\n<li>Largeur entre les poign\u00e9es: 43.5cm<\/li>\n<li>Poids: 2.5kg<\/li>\n<li>Capacit\u00e9 de charge de 120kg<\/li>\n<\/ul>\n","protected":false},"excerpt":{"rendered":"<h2><img loading=\"lazy\" decoding=\"async\" class=\"alignnone wp-image-218\" src=\"https:\/\/www.rehafit.ch\/wp-content\/uploads\/2016\/12\/drive_logo.jpg\" alt=\"drive_logo\" width=\"116\" height=\"40\"><\/h2>\n<p>DRIVE MEDICAL, bas\u00e9 \u00e0 Isny \/Allg\u00e4u, est l&rsquo;un des principaux fabricants et fournisseurs d&rsquo;accessoires de haute qualit\u00e9 pour la salle de bain, la douche et les toilettes. Dar\u00fcber hinaus bieten wir innovative Mobilit\u00e4tsprodukte an. DRIVE MEDICAL est diff\u00e9rent de ce que vous pourriez savoir d&rsquo;un fournisseur d&rsquo;aide : plus color\u00e9, plus non conventionnel, plus flexible, plus rapide.<\/p>\n<p>&nbsp;<\/p>\n","protected":false},"featured_media":327,"comment_status":"open","ping_status":"closed","template":"","meta":{"kt_blocks_editor_width":""},"product_brand":[],"product_cat":[139,145],"product_tag":[],"class_list":{"0":"post-12112","1":"product","2":"type-product","3":"status-publish","4":"has-post-thumbnail","6":"product_cat-aides-a-la-marche","7":"product_cat-cadres-de-marche","9":"first","10":"instock","11":"taxable","12":"shipping-taxable","13":"purchasable","14":"product-type-simple"},"aioseo_notices":[],"_links":{"self":[{"href":"https:\/\/www.rehafit.ch\/fr\/wp-json\/wp\/v2\/product\/12112","targetHints":{"allow":["GET"]}}],"collection":[{"href":"https:\/\/www.rehafit.ch\/fr\/wp-json\/wp\/v2\/product"}],"about":[{"href":"https:\/\/www.rehafit.ch\/fr\/wp-json\/wp\/v2\/types\/product"}],"replies":[{"embeddable":true,"href":"https:\/\/www.rehafit.ch\/fr\/wp-json\/wp\/v2\/comments?post=12112"}],"wp:featuredmedia":[{"embeddable":true,"href":"https:\/\/www.rehafit.ch\/fr\/wp-json\/wp\/v2\/media\/327"}],"wp:attachment":[{"href":"https:\/\/www.rehafit.ch\/fr\/wp-json\/wp\/v2\/media?parent=12112"}],"wp:term":[{"taxonomy":"product_brand","embeddable":true,"href":"https:\/\/www.rehafit.ch\/fr\/wp-json\/wp\/v2\/product_brand?post=12112"},{"taxonomy":"product_cat","embeddable":true,"href":"https:\/\/www.rehafit.ch\/fr\/wp-json\/wp\/v2\/product_cat?post=12112"},{"taxonomy":"product_tag","embeddable":true,"href":"https:\/\/www.rehafit.ch\/fr\/wp-json\/wp\/v2\/product_tag?post=12112"}],"curies":[{"name":"wp","href":"https:\/\/api.w.org\/{rel}","templated":true}]}}