{"id":12088,"date":"2016-12-04T22:25:33","date_gmt":"2021-11-22T22:53:44","guid":{"rendered":"https:\/\/www.rehafit.ch\/produkt\/gobelet-a-rainures-sure-grip\/"},"modified":"2021-11-23T07:44:59","modified_gmt":"2021-11-23T07:44:59","slug":"gobelet-a-rainures-sure-grip-avec-couvercle","status":"publish","type":"product","link":"https:\/\/www.rehafit.ch\/fr\/Produit\/gobelet-a-rainures-sure-grip-avec-couvercle\/","title":{"rendered":"Gobelet \u00e0 rainures SURE GRIP"},"content":{"rendered":"<p><span class=\"text_allg\" style=\"font-size: small;\">La tasse rainur\u00e9e de forme ergonomique convient aux grandes et petites mains. Incassable Pour les boissons chaudes et froides Pour lave-vaisselle, micro-ondes et cong\u00e9lateur, y compris couvercle avec embout buccal Le couvercle de forme sp\u00e9ciale avec embout buccal s&rsquo;adapte parfaitement sur le gobelet rainur\u00e9 et une valve garantit qu&rsquo;aucun liquide ne s&rsquo;\u00e9chappe d&rsquo;un gobelet renvers\u00e9. Boire peut \u00e9galement se faire allong\u00e9 sans aucun probl\u00e8me, avec un contr\u00f4le total sur la quantit\u00e9 consomm\u00e9e.<br \/>\nIl existe des couvercles \u00e0 petites et grandes ouvertures :<br \/>\n<\/span><\/p>\n<p><a href=\"https:\/\/www.rehafit.ch\/fr\/Produit\/nombril-couvercle-a-groove-cup-sure-grip\/\"><img loading=\"lazy\" decoding=\"async\" class=\"alignnone wp-image-10615 size-thumbnail\" src=\"https:\/\/www.rehafit.ch\/wp-content\/uploads\/2019\/11\/deckel-150x150.png\" alt=\"\" width=\"150\" height=\"150\" srcset=\"https:\/\/www.rehafit.ch\/wp-content\/uploads\/2019\/11\/deckel-150x150.png 150w, https:\/\/www.rehafit.ch\/wp-content\/uploads\/2019\/11\/deckel-300x300.png 300w, https:\/\/www.rehafit.ch\/wp-content\/uploads\/2019\/11\/deckel-100x100.png 100w, https:\/\/www.rehafit.ch\/wp-content\/uploads\/2019\/11\/deckel-240x240.png 240w\" sizes=\"auto, (max-width: 150px) 100vw, 150px\" \/><\/a><\/p>\n<p><span class=\"text_allg\" style=\"font-size: small;\"><strong>Vous obtenez 6 gobelets de couleurs diff\u00e9rentes avec couvercles, dans les couleurs :<\/strong><\/span><\/p>\n<p>&nbsp;<\/p>\n","protected":false},"excerpt":{"rendered":"<p><img loading=\"lazy\" decoding=\"async\" class=\"alignnone wp-image-311\" src=\"https:\/\/www.rehafit.ch\/wp-content\/uploads\/2016\/12\/rika_logo.jpg\" alt=\"rika_logo\" width=\"105\" height=\"57\"><\/p>\n<p><span class=\"text_allg\">Rika Care produit des aides pour les personnes handicap\u00e9es, les personnes \u00e2g\u00e9es et les enfants ayant des besoins sp\u00e9ciaux. Nous souhaitons faciliter le quotidien des consommateurs et leur offrir une meilleure qualit\u00e9 de vie.<\/span><\/p>\n<p>Rika Care produit des aides depuis 1992, nous avons donc acquis une grande connaissance des bons produits pour nos clients. Les produits sont fabriqu\u00e9s dans notre propre usine, Rika Plast, ils sont fabriqu\u00e9s ici en utilisant le processus de moulage par injection.<\/p>\n","protected":false},"featured_media":1778,"comment_status":"open","ping_status":"closed","template":"","meta":{"kt_blocks_editor_width":""},"product_brand":[],"product_cat":[120],"product_tag":[],"class_list":{"0":"post-12088","1":"product","2":"type-product","3":"status-publish","4":"has-post-thumbnail","6":"product_cat-divers-fr","8":"first","9":"instock","10":"taxable","11":"shipping-taxable","12":"purchasable","13":"product-type-variable"},"aioseo_notices":[],"_links":{"self":[{"href":"https:\/\/www.rehafit.ch\/fr\/wp-json\/wp\/v2\/product\/12088","targetHints":{"allow":["GET"]}}],"collection":[{"href":"https:\/\/www.rehafit.ch\/fr\/wp-json\/wp\/v2\/product"}],"about":[{"href":"https:\/\/www.rehafit.ch\/fr\/wp-json\/wp\/v2\/types\/product"}],"replies":[{"embeddable":true,"href":"https:\/\/www.rehafit.ch\/fr\/wp-json\/wp\/v2\/comments?post=12088"}],"wp:featuredmedia":[{"embeddable":true,"href":"https:\/\/www.rehafit.ch\/fr\/wp-json\/wp\/v2\/media\/1778"}],"wp:attachment":[{"href":"https:\/\/www.rehafit.ch\/fr\/wp-json\/wp\/v2\/media?parent=12088"}],"wp:term":[{"taxonomy":"product_brand","embeddable":true,"href":"https:\/\/www.rehafit.ch\/fr\/wp-json\/wp\/v2\/product_brand?post=12088"},{"taxonomy":"product_cat","embeddable":true,"href":"https:\/\/www.rehafit.ch\/fr\/wp-json\/wp\/v2\/product_cat?post=12088"},{"taxonomy":"product_tag","embeddable":true,"href":"https:\/\/www.rehafit.ch\/fr\/wp-json\/wp\/v2\/product_tag?post=12088"}],"curies":[{"name":"wp","href":"https:\/\/api.w.org\/{rel}","templated":true}]}}