{"id":12085,"date":"2016-12-04T22:31:09","date_gmt":"2021-11-22T22:36:49","guid":{"rendered":"https:\/\/www.rehafit.ch\/produkt\/plateau-tournant-avec-poignee\/"},"modified":"2021-11-22T22:36:53","modified_gmt":"2021-11-22T22:36:53","slug":"plateau-tournant-avec-poignee","status":"publish","type":"product","link":"https:\/\/www.rehafit.ch\/fr\/Produit\/plateau-tournant-avec-poignee\/","title":{"rendered":"Plateau tournant avec poign\u00e9e"},"content":{"rendered":"<div class=\"text_allg\" align=\"left\">\n<ul>\n<li>Avec poign\u00e9e<\/li>\n<li>Une aide \u00e0 la mise en \u0153uvre de z. B. du lit au fauteuil roulant<\/li>\n<li>Facile \u00e0 tourner, m\u00eame sous charge<\/li>\n<li>Surface de marche &#8211; caoutchouc ondul\u00e9<\/li>\n<li>Diam\u00e8tre 32 cm, hauteur 2 cm<\/li>\n<li>Poids: 1,2 kg<\/li>\n<li>Max. Capacit\u00e9 de charge: 100 kg<\/li>\n<li>\n<div class=\"full-description\">\n<p>Le transfert simple et l&rsquo;aide debout.<\/p>\n<\/div>\n<\/li>\n<\/ul>\n<\/div>\n","protected":false},"excerpt":{"rendered":"<p><img loading=\"lazy\" decoding=\"async\" class=\"alignnone size-full wp-image-255\" src=\"https:\/\/www.rehafit.ch\/wp-content\/uploads\/2016\/12\/nordic.jpg\" alt=\"nordic\" width=\"162\" height=\"47\"><\/p>\n<p><span class=\"text_allg\"><b>Nor<\/b><\/span> <span class=\"text_allg\"><b>dic<\/b> est<\/span> <span class=\"text_allg\">une entreprise su\u00e9doise qui d\u00e9veloppe, con\u00e7oit et fabrique des aides aux personnes \u00e2g\u00e9es et handicap\u00e9es depuis 1993, principalement pour les douches, les salles de bains et les toilettes.<\/span><\/p>\n","protected":false},"featured_media":316,"comment_status":"open","ping_status":"closed","template":"","meta":{"kt_blocks_editor_width":""},"product_brand":[],"product_cat":[120],"product_tag":[],"class_list":{"0":"post-12085","1":"product","2":"type-product","3":"status-publish","4":"has-post-thumbnail","6":"product_cat-divers-fr","8":"first","9":"instock","10":"taxable","11":"shipping-taxable","12":"purchasable","13":"product-type-simple"},"aioseo_notices":[],"_links":{"self":[{"href":"https:\/\/www.rehafit.ch\/fr\/wp-json\/wp\/v2\/product\/12085","targetHints":{"allow":["GET"]}}],"collection":[{"href":"https:\/\/www.rehafit.ch\/fr\/wp-json\/wp\/v2\/product"}],"about":[{"href":"https:\/\/www.rehafit.ch\/fr\/wp-json\/wp\/v2\/types\/product"}],"replies":[{"embeddable":true,"href":"https:\/\/www.rehafit.ch\/fr\/wp-json\/wp\/v2\/comments?post=12085"}],"wp:featuredmedia":[{"embeddable":true,"href":"https:\/\/www.rehafit.ch\/fr\/wp-json\/wp\/v2\/media\/316"}],"wp:attachment":[{"href":"https:\/\/www.rehafit.ch\/fr\/wp-json\/wp\/v2\/media?parent=12085"}],"wp:term":[{"taxonomy":"product_brand","embeddable":true,"href":"https:\/\/www.rehafit.ch\/fr\/wp-json\/wp\/v2\/product_brand?post=12085"},{"taxonomy":"product_cat","embeddable":true,"href":"https:\/\/www.rehafit.ch\/fr\/wp-json\/wp\/v2\/product_cat?post=12085"},{"taxonomy":"product_tag","embeddable":true,"href":"https:\/\/www.rehafit.ch\/fr\/wp-json\/wp\/v2\/product_tag?post=12085"}],"curies":[{"name":"wp","href":"https:\/\/api.w.org\/{rel}","templated":true}]}}