{"id":12078,"date":"2016-12-04T22:34:04","date_gmt":"2021-11-22T22:34:57","guid":{"rendered":"https:\/\/www.rehafit.ch\/produkt\/table-de-lit-avec-tablette-laterale\/"},"modified":"2021-11-22T22:35:04","modified_gmt":"2021-11-22T22:35:04","slug":"table-de-lit-avec-tablette-laterale","status":"publish","type":"product","link":"https:\/\/www.rehafit.ch\/fr\/Produit\/table-de-lit-avec-tablette-laterale\/","title":{"rendered":"Table de lit (avec tablette lat\u00e9rale)"},"content":{"rendered":"<div class=\"text_allg\" align=\"left\">\n<ul>\n<li>Construction en tube d&rsquo;acier stable<\/li>\n<li>Sur 4 roulettes \u00d8 4,5 cm, (2 roulettes avec freins)<\/li>\n<li>Base en U : 59 x 54 cm (hauteur : 10 cm)<\/li>\n<li>Id\u00e9alement adapt\u00e9 aux personnes en fauteuil roulant<\/li>\n<li>Plateau de table &#8211; placage de h\u00eatre \/ blanc, avec bords, r\u00e9glable en hauteur en continu, grand plateau de table r\u00e9glable en continu en angle. Petite tablette lat\u00e9rale rigide.<\/li>\n<li>Assemblage individuel du plateau de table, \u00e0 droite ou \u00e0 gauche<\/li>\n<li>Assiette : 55x41cm<\/li>\n<li>Tablette lat\u00e9rale : 21x32cm,<\/li>\n<li>Hauteur de la table: 68-108cm<\/li>\n<li>Poids : 9kg<\/li>\n<li>Max. Capacit\u00e9 de charge de la table 10 kg<\/li>\n<\/ul>\n<\/div>\n","protected":false},"excerpt":{"rendered":"<p><img loading=\"lazy\" decoding=\"async\" class=\"alignnone size-full wp-image-255\" src=\"https:\/\/www.rehafit.ch\/wp-content\/uploads\/2016\/12\/nordic.jpg\" alt=\"nordic\" width=\"162\" height=\"47\"><\/p>\n<p><span class=\"text_allg\"><b>Nor<\/b><\/span> <span class=\"text_allg\"><b>dic<\/b> est<\/span> <span class=\"text_allg\">une entreprise su\u00e9doise qui d\u00e9veloppe, con\u00e7oit et fabrique des aides aux personnes \u00e2g\u00e9es et handicap\u00e9es depuis 1993, principalement pour les douches, les salles de bains et les toilettes.<\/span><\/p>\n","protected":false},"featured_media":0,"comment_status":"open","ping_status":"closed","template":"","meta":{"kt_blocks_editor_width":""},"product_brand":[],"product_cat":[175],"product_tag":[],"class_list":{"0":"post-12078","1":"product","2":"type-product","3":"status-publish","5":"product_cat-assis-couches","7":"first","8":"instock","9":"taxable","10":"shipping-taxable","11":"purchasable","12":"product-type-variable"},"aioseo_notices":[],"_links":{"self":[{"href":"https:\/\/www.rehafit.ch\/fr\/wp-json\/wp\/v2\/product\/12078","targetHints":{"allow":["GET"]}}],"collection":[{"href":"https:\/\/www.rehafit.ch\/fr\/wp-json\/wp\/v2\/product"}],"about":[{"href":"https:\/\/www.rehafit.ch\/fr\/wp-json\/wp\/v2\/types\/product"}],"replies":[{"embeddable":true,"href":"https:\/\/www.rehafit.ch\/fr\/wp-json\/wp\/v2\/comments?post=12078"}],"wp:attachment":[{"href":"https:\/\/www.rehafit.ch\/fr\/wp-json\/wp\/v2\/media?parent=12078"}],"wp:term":[{"taxonomy":"product_brand","embeddable":true,"href":"https:\/\/www.rehafit.ch\/fr\/wp-json\/wp\/v2\/product_brand?post=12078"},{"taxonomy":"product_cat","embeddable":true,"href":"https:\/\/www.rehafit.ch\/fr\/wp-json\/wp\/v2\/product_cat?post=12078"},{"taxonomy":"product_tag","embeddable":true,"href":"https:\/\/www.rehafit.ch\/fr\/wp-json\/wp\/v2\/product_tag?post=12078"}],"curies":[{"name":"wp","href":"https:\/\/api.w.org\/{rel}","templated":true}]}}