{"id":12070,"date":"2016-12-04T22:41:30","date_gmt":"2016-12-04T22:41:30","guid":{"rendered":"https:\/\/www.rehafit.ch\/produkt\/support-dorsal-avec-coussin-de-tete\/"},"modified":"2021-11-22T19:10:24","modified_gmt":"2021-11-22T19:10:24","slug":"support-dorsal-avec-coussin-de-tete","status":"publish","type":"product","link":"https:\/\/www.rehafit.ch\/fr\/Produit\/support-dorsal-avec-coussin-de-tete\/","title":{"rendered":"Support dorsal avec coussin de t\u00eate"},"content":{"rendered":"<ul>\n<li>Longueur: 50cm<\/li>\n<li>Hauteur: 55cm<\/li>\n<li>Profondeur: 49cm<\/li>\n<li>R\u00e9glage de l&rsquo;angle : 25-75\u00b0<\/li>\n<li>Capacit\u00e9 de charge: 100kg<\/li>\n<li>Couleur: bleu\/blanc<\/li>\n<\/ul>\n","protected":false},"excerpt":{"rendered":"<p><span class=\"text_allg\"><img loading=\"lazy\" decoding=\"async\" class=\"alignnone wp-image-184\" src=\"https:\/\/www.rehafit.ch\/wp-content\/uploads\/2016\/12\/herdegen_logo.jpg\" alt=\"herdegen_logo\" width=\"120\" height=\"71\"><\/span><\/p>\n<p><span class=\"text_allg\">Le dossier robuste et confortable avec coussin de t\u00eate permet de s&rsquo;asseoir dans le lit pour manger, boire, lire, regarder la t\u00e9l\u00e9vision, etc. Il est id\u00e9al pour les personnes qui souhaitent se d\u00e9tendre au lit ou qui doivent passer beaucoup de temps au lit en raison d&rsquo;une maladie, d&rsquo;une mobilit\u00e9 r\u00e9duite ou de blessures. Pour permettre une position assise optimale, il offre cinq r\u00e9glages d&rsquo;angle faciles \u00e0 r\u00e9gler.<br \/>\nDepuis plus de 50 ans, Herdegen con\u00e7oit et fabrique des outils peu co\u00fbteux pour une utilisation quotidienne.<\/span><\/p>\n<p>Herdegen se caract\u00e9rise par des produits innovants tels que le si\u00e8ge de toilette sur\u00e9lev\u00e9 doux<a href=\"https:\/\/www.rehafit.ch\/produkt\/toilettensitzerhoehung-contact-plus\/\"> CONTACTER PLUS<\/a> ou la b\u00e9quille d&rsquo;avant-bras en mousse ADVANCE.<\/p>\n","protected":false},"featured_media":0,"comment_status":"open","ping_status":"closed","template":"","meta":{"kt_blocks_editor_width":""},"product_brand":[],"product_cat":[175],"product_tag":[],"class_list":{"0":"post-12070","1":"product","2":"type-product","3":"status-publish","5":"product_cat-assis-couches","7":"first","8":"instock","9":"taxable","10":"shipping-taxable","11":"purchasable","12":"product-type-simple"},"aioseo_notices":[],"_links":{"self":[{"href":"https:\/\/www.rehafit.ch\/fr\/wp-json\/wp\/v2\/product\/12070","targetHints":{"allow":["GET"]}}],"collection":[{"href":"https:\/\/www.rehafit.ch\/fr\/wp-json\/wp\/v2\/product"}],"about":[{"href":"https:\/\/www.rehafit.ch\/fr\/wp-json\/wp\/v2\/types\/product"}],"replies":[{"embeddable":true,"href":"https:\/\/www.rehafit.ch\/fr\/wp-json\/wp\/v2\/comments?post=12070"}],"wp:attachment":[{"href":"https:\/\/www.rehafit.ch\/fr\/wp-json\/wp\/v2\/media?parent=12070"}],"wp:term":[{"taxonomy":"product_brand","embeddable":true,"href":"https:\/\/www.rehafit.ch\/fr\/wp-json\/wp\/v2\/product_brand?post=12070"},{"taxonomy":"product_cat","embeddable":true,"href":"https:\/\/www.rehafit.ch\/fr\/wp-json\/wp\/v2\/product_cat?post=12070"},{"taxonomy":"product_tag","embeddable":true,"href":"https:\/\/www.rehafit.ch\/fr\/wp-json\/wp\/v2\/product_tag?post=12070"}],"curies":[{"name":"wp","href":"https:\/\/api.w.org\/{rel}","templated":true}]}}