{"id":12055,"date":"2016-12-04T12:21:55","date_gmt":"2016-12-04T12:21:55","guid":{"rendered":"https:\/\/www.rehafit.ch\/produkt\/rollator-leger-gigo\/"},"modified":"2024-01-13T12:26:15","modified_gmt":"2024-01-13T12:26:15","slug":"rollator-leger-gigo","status":"publish","type":"product","link":"https:\/\/www.rehafit.ch\/fr\/Produit\/rollator-leger-gigo\/","title":{"rendered":"Rollator l\u00e9ger Gigo 2"},"content":{"rendered":"<ul>\n<li>Longueur: 61cm<\/li>\n<li>Largeur: 63cm<\/li>\n<li>Hauteur: 93.5cm<\/li>\n<li>Largeur entre les poign\u00e9es: 46cm<\/li>\n<li>Largeur d&rsquo;assise: 34cm<\/li>\n<li>Hauteur d&rsquo;assise: 54cm<\/li>\n<li>Profondeur d&rsquo;assise: 33.5cm<\/li>\n<li>Dimensions pli\u00e9 : 28 x 63 x 100 cm<\/li>\n<li>Poids: 8kg<\/li>\n<li>Capacit\u00e9 de charge de 120kg<\/li>\n<\/ul>\n","protected":false},"excerpt":{"rendered":"<p><img loading=\"lazy\" decoding=\"async\" class=\"alignnone wp-image-218\" src=\"https:\/\/www.rehafit.ch\/wp-content\/uploads\/2016\/12\/drive_logo.jpg\" alt=\"drive_logo\" width=\"136\" height=\"47\" \/><\/p>\n<h2>Plus de mobilit\u00e9 tr\u00e8s facilement<\/h2>\n<ul>\n<li>Rollator particuli\u00e8rement l\u00e9ger et \u00e9l\u00e9gant en aluminium<\/li>\n<li>Les coussins d&rsquo;assise et de dossier profonds assurent le confort<\/li>\n<li>Faltsicherung erfolgt \u00fcber eingerasteten Sitz<\/li>\n<li>Reste \u00e0 l&rsquo;\u00e9tat pli\u00e9<\/li>\n<li>Le m\u00e9canisme de pliage \u00e0 une main assure un pliage s\u00fbr et confortable<\/li>\n<li>Le frein peut \u00eatre facilement fix\u00e9 et r\u00e9ajust\u00e9<\/li>\n<li>Poign\u00e9es ergonomiques r\u00e9glables en hauteur en continu<\/li>\n<li>Diam\u00e8tre roue \/ largeur 190\/35 mm<\/li>\n<li>Max. Panier de chargement et plateau de 5 kg chacun<\/li>\n<li>Fourni en standard avec panier, plateau, support dorsal et porte-canne<\/li>\n<\/ul>\n","protected":false},"featured_media":262,"comment_status":"open","ping_status":"closed","template":"","meta":{"kt_blocks_editor_width":""},"product_brand":[],"product_cat":[146,167],"product_tag":[],"class_list":{"0":"post-12055","1":"product","2":"type-product","3":"status-publish","4":"has-post-thumbnail","6":"product_cat-rollator","7":"product_cat-standard-fr","9":"first","10":"instock","11":"taxable","12":"shipping-taxable","13":"purchasable","14":"product-type-simple"},"aioseo_notices":[],"_links":{"self":[{"href":"https:\/\/www.rehafit.ch\/fr\/wp-json\/wp\/v2\/product\/12055","targetHints":{"allow":["GET"]}}],"collection":[{"href":"https:\/\/www.rehafit.ch\/fr\/wp-json\/wp\/v2\/product"}],"about":[{"href":"https:\/\/www.rehafit.ch\/fr\/wp-json\/wp\/v2\/types\/product"}],"replies":[{"embeddable":true,"href":"https:\/\/www.rehafit.ch\/fr\/wp-json\/wp\/v2\/comments?post=12055"}],"wp:featuredmedia":[{"embeddable":true,"href":"https:\/\/www.rehafit.ch\/fr\/wp-json\/wp\/v2\/media\/262"}],"wp:attachment":[{"href":"https:\/\/www.rehafit.ch\/fr\/wp-json\/wp\/v2\/media?parent=12055"}],"wp:term":[{"taxonomy":"product_brand","embeddable":true,"href":"https:\/\/www.rehafit.ch\/fr\/wp-json\/wp\/v2\/product_brand?post=12055"},{"taxonomy":"product_cat","embeddable":true,"href":"https:\/\/www.rehafit.ch\/fr\/wp-json\/wp\/v2\/product_cat?post=12055"},{"taxonomy":"product_tag","embeddable":true,"href":"https:\/\/www.rehafit.ch\/fr\/wp-json\/wp\/v2\/product_tag?post=12055"}],"curies":[{"name":"wp","href":"https:\/\/api.w.org\/{rel}","templated":true}]}}