{"id":12035,"date":"2016-12-14T12:53:46","date_gmt":"2021-11-22T16:06:11","guid":{"rendered":"https:\/\/www.rehafit.ch\/produkt\/poignee-2-pieces\/"},"modified":"2021-11-22T16:06:11","modified_gmt":"2021-11-22T16:06:11","slug":"poignee","status":"publish","type":"product","link":"https:\/\/www.rehafit.ch\/fr\/Produit\/poignee\/","title":{"rendered":"Poign\u00e9e (2 pi\u00e8ces)"},"content":{"rendered":"<p>La fixation offre tous les avantages de la poign\u00e9e EASI GRIP:<\/p>\n<ul>\n<li>poign\u00e9e coud\u00e9e<\/li>\n<li>surface antid\u00e9rapante.<\/li>\n<\/ul>\n<p>Gr\u00e2ce \u00e0 la poign\u00e9e, vos propres outils de jardin peuvent \u00eatre utilis\u00e9s.<\/p>\n<p>Convient aux personnes avec:<\/p>\n<ul>\n<li>prise faible<\/li>\n<li>Utilisation \u00e0 la main de 1<\/li>\n<li>d\u00e9ficience visuelle<\/li>\n<li>Des probl\u00e8mes \u00e0 se pencher<\/li>\n<\/ul>\n<p>Garantie : 2 ans<\/p>\n","protected":false},"excerpt":{"rendered":"<p><img loading=\"lazy\" decoding=\"async\" class=\"alignnone size-full wp-image-639\" src=\"https:\/\/www.rehafit.ch\/wp-content\/uploads\/2016\/12\/peta_logo.jpg\" alt=\"\" width=\"300\" height=\"62\"><\/p>\n<p>Peta (UK) Ltd. a d\u00e9velopp\u00e9 une gamme d&rsquo;outils de jardin et de couteaux et ustensiles de cuisine Easi-Grip\u00ae. Peta reste attach\u00e9 aux principes de conception universels qui profitent \u00e0 tous, quel que soit l&rsquo;\u00e2ge ou les capacit\u00e9s.<\/p>\n","protected":false},"featured_media":642,"comment_status":"open","ping_status":"closed","template":"","meta":{"kt_blocks_editor_width":""},"product_brand":[],"product_cat":[120],"product_tag":[],"class_list":{"0":"post-12035","1":"product","2":"type-product","3":"status-publish","4":"has-post-thumbnail","6":"product_cat-divers-fr","8":"first","9":"instock","10":"taxable","11":"shipping-taxable","12":"purchasable","13":"product-type-simple"},"aioseo_notices":[],"_links":{"self":[{"href":"https:\/\/www.rehafit.ch\/fr\/wp-json\/wp\/v2\/product\/12035","targetHints":{"allow":["GET"]}}],"collection":[{"href":"https:\/\/www.rehafit.ch\/fr\/wp-json\/wp\/v2\/product"}],"about":[{"href":"https:\/\/www.rehafit.ch\/fr\/wp-json\/wp\/v2\/types\/product"}],"replies":[{"embeddable":true,"href":"https:\/\/www.rehafit.ch\/fr\/wp-json\/wp\/v2\/comments?post=12035"}],"wp:featuredmedia":[{"embeddable":true,"href":"https:\/\/www.rehafit.ch\/fr\/wp-json\/wp\/v2\/media\/642"}],"wp:attachment":[{"href":"https:\/\/www.rehafit.ch\/fr\/wp-json\/wp\/v2\/media?parent=12035"}],"wp:term":[{"taxonomy":"product_brand","embeddable":true,"href":"https:\/\/www.rehafit.ch\/fr\/wp-json\/wp\/v2\/product_brand?post=12035"},{"taxonomy":"product_cat","embeddable":true,"href":"https:\/\/www.rehafit.ch\/fr\/wp-json\/wp\/v2\/product_cat?post=12035"},{"taxonomy":"product_tag","embeddable":true,"href":"https:\/\/www.rehafit.ch\/fr\/wp-json\/wp\/v2\/product_tag?post=12035"}],"curies":[{"name":"wp","href":"https:\/\/api.w.org\/{rel}","templated":true}]}}