{"id":12029,"date":"2016-12-05T19:24:14","date_gmt":"2021-11-22T14:09:33","guid":{"rendered":"https:\/\/www.rehafit.ch\/produkt\/rehausseur-de-toilette-5-cm\/"},"modified":"2021-11-22T14:09:35","modified_gmt":"2021-11-22T14:09:35","slug":"rehausseur-de-toilette-5cm","status":"publish","type":"product","link":"https:\/\/www.rehafit.ch\/fr\/Produit\/rehausseur-de-toilette-5cm\/","title":{"rendered":"Rehausseur de toilette 5 cm"},"content":{"rendered":"<ul>\n<li>Largeur: 36cm<\/li>\n<li>Profondeur: 40cm<\/li>\n<li>Dimensions int\u00e9rieures : 27 x 22 cm<\/li>\n<li>Capacit\u00e9 de charge : 190 kg<\/li>\n<li>Poids: 2 kg<\/li>\n<li>Couleur blanche<\/li>\n<\/ul>\n","protected":false},"excerpt":{"rendered":"<p><img loading=\"lazy\" decoding=\"async\" class=\"alignnone wp-image-351\" src=\"https:\/\/www.rehafit.ch\/wp-content\/uploads\/2016\/12\/mobilex_logo.jpg\" alt=\"mobilex_logo\" width=\"97\" height=\"71\"><\/p>\n<p>Comme il n&rsquo;y a pas de bords sur lesquels la salet\u00e9 peut s&rsquo;accumuler, le si\u00e8ge d&rsquo;appoint est tr\u00e8s facile \u00e0 entretenir. Der Aufsatz ist wasserdicht und kann bei 85\u00b0C sterili\u00adsiert werden<\/p>\n","protected":false},"featured_media":0,"comment_status":"open","ping_status":"closed","template":"","meta":{"kt_blocks_editor_width":""},"product_brand":[],"product_cat":[153],"product_tag":[],"class_list":{"0":"post-12029","1":"product","2":"type-product","3":"status-publish","5":"product_cat-siege-de-toilette-sureleve","7":"first","8":"outofstock","9":"taxable","10":"shipping-taxable","11":"purchasable","12":"product-type-simple"},"aioseo_notices":[],"_links":{"self":[{"href":"https:\/\/www.rehafit.ch\/fr\/wp-json\/wp\/v2\/product\/12029","targetHints":{"allow":["GET"]}}],"collection":[{"href":"https:\/\/www.rehafit.ch\/fr\/wp-json\/wp\/v2\/product"}],"about":[{"href":"https:\/\/www.rehafit.ch\/fr\/wp-json\/wp\/v2\/types\/product"}],"replies":[{"embeddable":true,"href":"https:\/\/www.rehafit.ch\/fr\/wp-json\/wp\/v2\/comments?post=12029"}],"wp:attachment":[{"href":"https:\/\/www.rehafit.ch\/fr\/wp-json\/wp\/v2\/media?parent=12029"}],"wp:term":[{"taxonomy":"product_brand","embeddable":true,"href":"https:\/\/www.rehafit.ch\/fr\/wp-json\/wp\/v2\/product_brand?post=12029"},{"taxonomy":"product_cat","embeddable":true,"href":"https:\/\/www.rehafit.ch\/fr\/wp-json\/wp\/v2\/product_cat?post=12029"},{"taxonomy":"product_tag","embeddable":true,"href":"https:\/\/www.rehafit.ch\/fr\/wp-json\/wp\/v2\/product_tag?post=12029"}],"curies":[{"name":"wp","href":"https:\/\/api.w.org\/{rel}","templated":true}]}}