{"id":12023,"date":"2016-12-09T11:51:24","date_gmt":"2021-11-22T14:07:34","guid":{"rendered":"https:\/\/www.rehafit.ch\/produkt\/rehausseur-de-toilette-7cm-avec-couvercle\/"},"modified":"2021-11-22T14:08:07","modified_gmt":"2021-11-22T14:08:07","slug":"rehausseur-de-toilette-7cm-avec-couvercle","status":"publish","type":"product","link":"https:\/\/www.rehafit.ch\/fr\/Produit\/rehausseur-de-toilette-7cm-avec-couvercle\/","title":{"rendered":"Rehausseur de toilette 7cm avec couvercle"},"content":{"rendered":"<ul>\n<li><span id=\"InfoBoxTab_tabDescription_ctrlProductDescription_lblProductDescription\">Dimensions : 43&#215;44,5cm<\/span><\/li>\n<li><span id=\"InfoBoxTab_tabDescription_ctrlProductDescription_lblProductDescription\">grande ouverture : 26x20cm<\/span><\/li>\n<li><span id=\"InfoBoxTab_tabDescription_ctrlProductDescription_lblProductDescription\">Composition : polypropyl\u00e8ne<\/span><\/li>\n<li><span id=\"InfoBoxTab_tabDescription_ctrlProductDescription_lblProductDescription\">max. Capacit\u00e9 de charge: 180kg<\/span><\/li>\n<li>Couleur blanche<\/li>\n<\/ul>\n","protected":false},"excerpt":{"rendered":"<p><span id=\"InfoBoxTab_tabDescription_ctrlProductDescription_lblProductDescription\">Recommand\u00e9 pour : les personnes \u00e2g\u00e9es, les amput\u00e9s partiels, les patients atteints de hanche et<br \/>\nBlessures au dos, sensibilit\u00e9 \u00e0 la pression et mobilit\u00e9 r\u00e9duite<br \/>\nPersonnes.<\/p>\n<p>&#8211; construction facile<br \/>\n&#8211; sangle de fixation int\u00e9gr\u00e9e (antid\u00e9rapante)<br \/>\n&#8211; S\u00e9curit\u00e9 gr\u00e2ce \u00e0 2 vis tournantes optimis\u00e9es<br \/>\n&#8211; design confortable et ergonomique<br \/>\n&#8211; Inclinaison de l&rsquo;assise de 3\u00b0<br \/>\n&#8211; d\u00e9coupe fonctionnelle devant et derri\u00e8re<br \/>\n&#8211; s&rsquo;adapte aux contours du corps<br \/>\n&#8211; r\u00e9pulsif liquide<br \/>\n&#8211; autoclavable<\/span><\/p>\n","protected":false},"featured_media":478,"comment_status":"open","ping_status":"closed","template":"","meta":{"kt_blocks_editor_width":""},"product_brand":[],"product_cat":[153],"product_tag":[],"class_list":{"0":"post-12023","1":"product","2":"type-product","3":"status-publish","4":"has-post-thumbnail","6":"product_cat-siege-de-toilette-sureleve","8":"first","9":"instock","10":"taxable","11":"shipping-taxable","12":"purchasable","13":"product-type-simple"},"aioseo_notices":[],"_links":{"self":[{"href":"https:\/\/www.rehafit.ch\/fr\/wp-json\/wp\/v2\/product\/12023","targetHints":{"allow":["GET"]}}],"collection":[{"href":"https:\/\/www.rehafit.ch\/fr\/wp-json\/wp\/v2\/product"}],"about":[{"href":"https:\/\/www.rehafit.ch\/fr\/wp-json\/wp\/v2\/types\/product"}],"replies":[{"embeddable":true,"href":"https:\/\/www.rehafit.ch\/fr\/wp-json\/wp\/v2\/comments?post=12023"}],"wp:featuredmedia":[{"embeddable":true,"href":"https:\/\/www.rehafit.ch\/fr\/wp-json\/wp\/v2\/media\/478"}],"wp:attachment":[{"href":"https:\/\/www.rehafit.ch\/fr\/wp-json\/wp\/v2\/media?parent=12023"}],"wp:term":[{"taxonomy":"product_brand","embeddable":true,"href":"https:\/\/www.rehafit.ch\/fr\/wp-json\/wp\/v2\/product_brand?post=12023"},{"taxonomy":"product_cat","embeddable":true,"href":"https:\/\/www.rehafit.ch\/fr\/wp-json\/wp\/v2\/product_cat?post=12023"},{"taxonomy":"product_tag","embeddable":true,"href":"https:\/\/www.rehafit.ch\/fr\/wp-json\/wp\/v2\/product_tag?post=12023"}],"curies":[{"name":"wp","href":"https:\/\/api.w.org\/{rel}","templated":true}]}}