{"id":11996,"date":"2016-12-09T08:06:30","date_gmt":"2021-11-22T13:46:52","guid":{"rendered":"https:\/\/www.rehafit.ch\/produkt\/marche-pied-sky-pour-baignoire\/"},"modified":"2021-11-22T13:46:54","modified_gmt":"2021-11-22T13:46:54","slug":"marche-pied-sky-pour-baignoire","status":"publish","type":"product","link":"https:\/\/www.rehafit.ch\/fr\/Produit\/marche-pied-sky-pour-baignoire\/","title":{"rendered":"Marche pied SKY pour baignoire"},"content":{"rendered":"<ul>\n<li>Longueur: 50cm<\/li>\n<li>Largeur: 40cm<\/li>\n<li>Hauteur: 10cm<\/li>\n<li>Poids: 0.4kg<\/li>\n<li>Capacit\u00e9 de charge: 140kg<\/li>\n<li>Prix pour marche<\/li>\n<\/ul>\n","protected":false},"excerpt":{"rendered":"<h2><img loading=\"lazy\" decoding=\"async\" class=\"alignnone wp-image-218\" src=\"https:\/\/www.rehafit.ch\/wp-content\/uploads\/2016\/12\/drive_logo.jpg\" alt=\"drive_logo\" width=\"116\" height=\"40\"><\/h2>\n<p><span class=\"text_allg\">Le petit qui fait grandir : absolument polyvalent dans la salle de bain ! Facilite l&rsquo;entr\u00e9e et la sortie de la baignoire<br \/>\nLa grande surface de marche antid\u00e9rapante garantit une stabilit\u00e9 absolue.Peut \u00eatre empil\u00e9 en toute s\u00e9curit\u00e9 et rapidement pour \u00e9lever les marches. Facile \u00e0 nettoyer<\/span><\/p>\n<p>&nbsp;<\/p>\n","protected":false},"featured_media":0,"comment_status":"open","ping_status":"closed","template":"","meta":{"kt_blocks_editor_width":""},"product_brand":[],"product_cat":[137],"product_tag":[],"class_list":{"0":"post-11996","1":"product","2":"type-product","3":"status-publish","5":"product_cat-marche-pied","7":"first","8":"instock","9":"taxable","10":"shipping-taxable","11":"purchasable","12":"product-type-simple"},"aioseo_notices":[],"_links":{"self":[{"href":"https:\/\/www.rehafit.ch\/fr\/wp-json\/wp\/v2\/product\/11996","targetHints":{"allow":["GET"]}}],"collection":[{"href":"https:\/\/www.rehafit.ch\/fr\/wp-json\/wp\/v2\/product"}],"about":[{"href":"https:\/\/www.rehafit.ch\/fr\/wp-json\/wp\/v2\/types\/product"}],"replies":[{"embeddable":true,"href":"https:\/\/www.rehafit.ch\/fr\/wp-json\/wp\/v2\/comments?post=11996"}],"wp:attachment":[{"href":"https:\/\/www.rehafit.ch\/fr\/wp-json\/wp\/v2\/media?parent=11996"}],"wp:term":[{"taxonomy":"product_brand","embeddable":true,"href":"https:\/\/www.rehafit.ch\/fr\/wp-json\/wp\/v2\/product_brand?post=11996"},{"taxonomy":"product_cat","embeddable":true,"href":"https:\/\/www.rehafit.ch\/fr\/wp-json\/wp\/v2\/product_cat?post=11996"},{"taxonomy":"product_tag","embeddable":true,"href":"https:\/\/www.rehafit.ch\/fr\/wp-json\/wp\/v2\/product_tag?post=11996"}],"curies":[{"name":"wp","href":"https:\/\/api.w.org\/{rel}","templated":true}]}}