{"id":11993,"date":"2016-12-09T07:58:29","date_gmt":"2021-11-22T13:44:00","guid":{"rendered":"https:\/\/www.rehafit.ch\/produkt\/planche-de-bain-kingfisher\/"},"modified":"2021-11-22T13:44:11","modified_gmt":"2021-11-22T13:44:11","slug":"planche-de-bain-kingfisher","status":"publish","type":"product","link":"https:\/\/www.rehafit.ch\/fr\/Produit\/planche-de-bain-kingfisher\/","title":{"rendered":"Planche de bain KINGFISHER"},"content":{"rendered":"<div class=\"text_allg\" align=\"left\">\n<ul>\n<li>Profondeur: 33cm<\/li>\n<li>Largeur: 68.5cm<\/li>\n<li>Longueur pieds:17cm<\/li>\n<li>Poids: 2kg<\/li>\n<li>Capacit\u00e9 de charge: 200kg<\/li>\n<\/ul>\n<\/div>\n","protected":false},"excerpt":{"rendered":"<p><img loading=\"lazy\" decoding=\"async\" class=\"alignnone wp-image-168\" src=\"https:\/\/www.rehafit.ch\/wp-content\/uploads\/2016\/12\/hh_logo.jpg\" alt=\"hh_logo\" width=\"61\" height=\"66\"><\/p>\n<p><span class=\"text_allg\">Bas\u00e9 dans le Herefordshire, en Angleterre, Helping Hand est le plus grand fabricant au monde d&rsquo;aides \u00e0 la pr\u00e9hension. L&rsquo;entreprise fabrique des aides \u00e0 la pr\u00e9hension depuis 1965. Apr\u00e8s un changement de propri\u00e9taire en 1988, la gamme d&rsquo;aides au quotidien s&rsquo;est encore d\u00e9velopp\u00e9e.<\/span><\/p>\n<p>&nbsp;<\/p>\n","protected":false},"featured_media":436,"comment_status":"open","ping_status":"closed","template":"","meta":{"kt_blocks_editor_width":""},"product_brand":[],"product_cat":[126,180],"product_tag":[],"class_list":{"0":"post-11993","1":"product","2":"type-product","3":"status-publish","4":"has-post-thumbnail","6":"product_cat-planche-de-bain","7":"product_cat-xl-aides-de-bain","9":"first","10":"instock","11":"taxable","12":"shipping-taxable","13":"purchasable","14":"product-type-simple"},"aioseo_notices":[],"_links":{"self":[{"href":"https:\/\/www.rehafit.ch\/fr\/wp-json\/wp\/v2\/product\/11993","targetHints":{"allow":["GET"]}}],"collection":[{"href":"https:\/\/www.rehafit.ch\/fr\/wp-json\/wp\/v2\/product"}],"about":[{"href":"https:\/\/www.rehafit.ch\/fr\/wp-json\/wp\/v2\/types\/product"}],"replies":[{"embeddable":true,"href":"https:\/\/www.rehafit.ch\/fr\/wp-json\/wp\/v2\/comments?post=11993"}],"wp:featuredmedia":[{"embeddable":true,"href":"https:\/\/www.rehafit.ch\/fr\/wp-json\/wp\/v2\/media\/436"}],"wp:attachment":[{"href":"https:\/\/www.rehafit.ch\/fr\/wp-json\/wp\/v2\/media?parent=11993"}],"wp:term":[{"taxonomy":"product_brand","embeddable":true,"href":"https:\/\/www.rehafit.ch\/fr\/wp-json\/wp\/v2\/product_brand?post=11993"},{"taxonomy":"product_cat","embeddable":true,"href":"https:\/\/www.rehafit.ch\/fr\/wp-json\/wp\/v2\/product_cat?post=11993"},{"taxonomy":"product_tag","embeddable":true,"href":"https:\/\/www.rehafit.ch\/fr\/wp-json\/wp\/v2\/product_tag?post=11993"}],"curies":[{"name":"wp","href":"https:\/\/api.w.org\/{rel}","templated":true}]}}