{"id":11987,"date":"2016-12-03T22:31:30","date_gmt":"2021-11-22T13:42:25","guid":{"rendered":"https:\/\/www.rehafit.ch\/produkt\/planche-de-bain-dubastar\/"},"modified":"2021-11-22T13:42:41","modified_gmt":"2021-11-22T13:42:41","slug":"planche-de-bain-dubastar","status":"publish","type":"product","link":"https:\/\/www.rehafit.ch\/fr\/Produit\/planche-de-bain-dubastar\/","title":{"rendered":"Planche de bain DuBaStar"},"content":{"rendered":"<ul class=\"text_allg\">\n<li>position assise sur\u00e9lev\u00e9e dans la baignoire<\/li>\n<li>pieds de fixation r\u00e9glables pour un maintien s\u00fbr<\/li>\n<li>Vis en acier V 2 A<\/li>\n<li>Si\u00e8ge avec option de drainage<\/li>\n<li>Poign\u00e9e pour s&rsquo;asseoir et se lever en toute s\u00e9curit\u00e9<\/li>\n<li>Largeur: 29 cm<\/li>\n<li>Profondeur: 69cm ou 74cm<\/li>\n<li>Poids: 2.1 kg<\/li>\n<li>Capacit\u00e9 de charge: 130kg<\/li>\n<\/ul>\n","protected":false},"excerpt":{"rendered":"<p><img loading=\"lazy\" decoding=\"async\" class=\"alignnone size-full wp-image-246\" src=\"https:\/\/www.rehafit.ch\/wp-content\/uploads\/2016\/12\/meyralogo.jpg\" alt=\"meyralogo\" width=\"131\" height=\"40\"><\/p>\n<p><span class=\"text_allg\"><b>MEYRA aides quotidiennes<\/b><\/span><\/p>\n<p>Cette aide peut \u00eatre une personne diff\u00e9rente. Ou un produit pens\u00e9 et adapt\u00e9 \u00e0 vos besoins individuels.<\/p>\n<p>MEYRA vend de tels produits. Des produits pour tous les domaines de la vie quotidienne: des \u00e9l\u00e9vateurs de bain aux aides novatrices pour les loisirs et le travail.<\/p>\n","protected":false},"featured_media":245,"comment_status":"open","ping_status":"closed","template":"","meta":{"kt_blocks_editor_width":""},"product_brand":[],"product_cat":[126],"product_tag":[],"class_list":{"0":"post-11987","1":"product","2":"type-product","3":"status-publish","4":"has-post-thumbnail","6":"product_cat-planche-de-bain","8":"first","9":"instock","10":"taxable","11":"shipping-taxable","12":"purchasable","13":"product-type-variable"},"aioseo_notices":[],"_links":{"self":[{"href":"https:\/\/www.rehafit.ch\/fr\/wp-json\/wp\/v2\/product\/11987","targetHints":{"allow":["GET"]}}],"collection":[{"href":"https:\/\/www.rehafit.ch\/fr\/wp-json\/wp\/v2\/product"}],"about":[{"href":"https:\/\/www.rehafit.ch\/fr\/wp-json\/wp\/v2\/types\/product"}],"replies":[{"embeddable":true,"href":"https:\/\/www.rehafit.ch\/fr\/wp-json\/wp\/v2\/comments?post=11987"}],"wp:featuredmedia":[{"embeddable":true,"href":"https:\/\/www.rehafit.ch\/fr\/wp-json\/wp\/v2\/media\/245"}],"wp:attachment":[{"href":"https:\/\/www.rehafit.ch\/fr\/wp-json\/wp\/v2\/media?parent=11987"}],"wp:term":[{"taxonomy":"product_brand","embeddable":true,"href":"https:\/\/www.rehafit.ch\/fr\/wp-json\/wp\/v2\/product_brand?post=11987"},{"taxonomy":"product_cat","embeddable":true,"href":"https:\/\/www.rehafit.ch\/fr\/wp-json\/wp\/v2\/product_cat?post=11987"},{"taxonomy":"product_tag","embeddable":true,"href":"https:\/\/www.rehafit.ch\/fr\/wp-json\/wp\/v2\/product_tag?post=11987"}],"curies":[{"name":"wp","href":"https:\/\/api.w.org\/{rel}","templated":true}]}}