{"id":11977,"date":"2016-12-04T18:08:49","date_gmt":"2021-11-22T13:38:35","guid":{"rendered":"https:\/\/www.rehafit.ch\/produkt\/planche-de-bain-obana\/"},"modified":"2021-11-22T13:38:48","modified_gmt":"2021-11-22T13:38:48","slug":"planche-de-bain-obana","status":"publish","type":"product","link":"https:\/\/www.rehafit.ch\/fr\/Produit\/planche-de-bain-obana\/","title":{"rendered":"Planche de bain OBANA"},"content":{"rendered":"<div class=\"rightBox\">\n<ul class=\"text\">\n<li>position assise sur\u00e9lev\u00e9e dans la baignoire<\/li>\n<li>4 pieds de fixation r\u00e9glables pour un maintien s\u00fbr<\/li>\n<li>Si\u00e8ge avec option de drainage<\/li>\n<li>Poign\u00e9e pour s&rsquo;asseoir et se lever en toute s\u00e9curit\u00e9<\/li>\n<li>Profondeur totale: 35cm<\/li>\n<li>Largeur totale: 69cm<\/li>\n<li>Poids: 3.2kg<\/li>\n<li>Capacit\u00e9 de charge: 150kg<\/li>\n<\/ul>\n<\/div>\n","protected":false},"excerpt":{"rendered":"<p><span class=\"text_allg\"><img loading=\"lazy\" decoding=\"async\" class=\"alignnone wp-image-184\" src=\"https:\/\/www.rehafit.ch\/wp-content\/uploads\/2016\/12\/herdegen_logo.jpg\" alt=\"herdegen_logo\" width=\"120\" height=\"71\"><br \/>\nDepuis plus de 50 ans, Herdegen con\u00e7oit et fabrique des outils peu co\u00fbteux pour une utilisation quotidienne.<\/span><\/p>\n<p>Herdegen se caract\u00e9rise par des produits innovants tels que le si\u00e8ge de toilette sur\u00e9lev\u00e9 doux<a href=\"https:\/\/www.rehafit.ch\/produkt\/toilettensitzerhoehung-contact-plus\/\"> CONTACTER PLUS<\/a> ou la b\u00e9quille d&rsquo;avant-bras en mousse ADVANCE.<\/p>\n","protected":false},"featured_media":583,"comment_status":"open","ping_status":"closed","template":"","meta":{"kt_blocks_editor_width":""},"product_brand":[],"product_cat":[126,180],"product_tag":[],"class_list":{"0":"post-11977","1":"product","2":"type-product","3":"status-publish","4":"has-post-thumbnail","6":"product_cat-planche-de-bain","7":"product_cat-xl-aides-de-bain","9":"first","10":"instock","11":"taxable","12":"shipping-taxable","13":"purchasable","14":"product-type-simple"},"aioseo_notices":[],"_links":{"self":[{"href":"https:\/\/www.rehafit.ch\/fr\/wp-json\/wp\/v2\/product\/11977","targetHints":{"allow":["GET"]}}],"collection":[{"href":"https:\/\/www.rehafit.ch\/fr\/wp-json\/wp\/v2\/product"}],"about":[{"href":"https:\/\/www.rehafit.ch\/fr\/wp-json\/wp\/v2\/types\/product"}],"replies":[{"embeddable":true,"href":"https:\/\/www.rehafit.ch\/fr\/wp-json\/wp\/v2\/comments?post=11977"}],"wp:featuredmedia":[{"embeddable":true,"href":"https:\/\/www.rehafit.ch\/fr\/wp-json\/wp\/v2\/media\/583"}],"wp:attachment":[{"href":"https:\/\/www.rehafit.ch\/fr\/wp-json\/wp\/v2\/media?parent=11977"}],"wp:term":[{"taxonomy":"product_brand","embeddable":true,"href":"https:\/\/www.rehafit.ch\/fr\/wp-json\/wp\/v2\/product_brand?post=11977"},{"taxonomy":"product_cat","embeddable":true,"href":"https:\/\/www.rehafit.ch\/fr\/wp-json\/wp\/v2\/product_cat?post=11977"},{"taxonomy":"product_tag","embeddable":true,"href":"https:\/\/www.rehafit.ch\/fr\/wp-json\/wp\/v2\/product_tag?post=11977"}],"curies":[{"name":"wp","href":"https:\/\/api.w.org\/{rel}","templated":true}]}}