{"id":11970,"date":"2016-12-10T15:25:39","date_gmt":"2021-11-22T13:00:17","guid":{"rendered":"https:\/\/www.rehafit.ch\/produkt\/poignee-de-support-relevable-avec-pied-de-support\/"},"modified":"2021-11-22T13:00:22","modified_gmt":"2021-11-22T13:00:22","slug":"poignee-de-support-relevable-avec-pied-de-support","status":"publish","type":"product","link":"https:\/\/www.rehafit.ch\/fr\/Produit\/poignee-de-support-relevable-avec-pied-de-support\/","title":{"rendered":"Poign\u00e9e de support relevable avec pied de support"},"content":{"rendered":"<p>Lors du relevage, la poign\u00e9e est maintenue par un aimant sur la plaque murale.<\/p>\n<ul>\n<li>Poign\u00e9e qui peut \u00eatre pivot\u00e9e vers le haut<\/li>\n<li>Longueur: 73cm<\/li>\n<li>Hauteur de l&rsquo;arche : 17 cm<\/li>\n<li>Pied r\u00e9glable en hauteur : 80 &#8211; 92,5 cm<\/li>\n<li>Poids: 4kg<\/li>\n<li>Capacit\u00e9 de charge: 130kg<\/li>\n<li>Mat\u00e9riel: m\u00e9tal<\/li>\n<li>Couleur blanche<\/li>\n<\/ul>\n","protected":false},"excerpt":{"rendered":"<p><span class=\"text_allg\"><img loading=\"lazy\" decoding=\"async\" class=\"alignnone wp-image-184\" src=\"https:\/\/www.rehafit.ch\/wp-content\/uploads\/2016\/12\/herdegen_logo.jpg\" alt=\"herdegen_logo\" width=\"120\" height=\"71\"><\/span><\/p>\n<p>Herdegen se caract\u00e9rise par des produits innovants tels que le si\u00e8ge de toilette sur\u00e9lev\u00e9 doux<a href=\"https:\/\/www.rehafit.ch\/produkt\/toilettensitzerhoehung-contact-plus\/\"> CONTACTER PLUS<\/a> ou la b\u00e9quille d&rsquo;avant-bras en mousse ADVANCE.<\/p>\n","protected":false},"featured_media":0,"comment_status":"open","ping_status":"closed","template":"","meta":{"kt_blocks_editor_width":""},"product_brand":[],"product_cat":[174],"product_tag":[],"class_list":{"0":"post-11970","1":"product","2":"type-product","3":"status-publish","5":"product_cat-poignee-de-securite-fr","7":"first","8":"instock","9":"taxable","10":"shipping-taxable","11":"purchasable","12":"product-type-simple"},"aioseo_notices":[],"_links":{"self":[{"href":"https:\/\/www.rehafit.ch\/fr\/wp-json\/wp\/v2\/product\/11970","targetHints":{"allow":["GET"]}}],"collection":[{"href":"https:\/\/www.rehafit.ch\/fr\/wp-json\/wp\/v2\/product"}],"about":[{"href":"https:\/\/www.rehafit.ch\/fr\/wp-json\/wp\/v2\/types\/product"}],"replies":[{"embeddable":true,"href":"https:\/\/www.rehafit.ch\/fr\/wp-json\/wp\/v2\/comments?post=11970"}],"wp:attachment":[{"href":"https:\/\/www.rehafit.ch\/fr\/wp-json\/wp\/v2\/media?parent=11970"}],"wp:term":[{"taxonomy":"product_brand","embeddable":true,"href":"https:\/\/www.rehafit.ch\/fr\/wp-json\/wp\/v2\/product_brand?post=11970"},{"taxonomy":"product_cat","embeddable":true,"href":"https:\/\/www.rehafit.ch\/fr\/wp-json\/wp\/v2\/product_cat?post=11970"},{"taxonomy":"product_tag","embeddable":true,"href":"https:\/\/www.rehafit.ch\/fr\/wp-json\/wp\/v2\/product_tag?post=11970"}],"curies":[{"name":"wp","href":"https:\/\/api.w.org\/{rel}","templated":true}]}}