{"id":11957,"date":"2016-12-10T15:01:45","date_gmt":"2021-11-22T12:56:01","guid":{"rendered":"https:\/\/www.rehafit.ch\/produkt\/poigne-de-securite-dubasafe-5179\/"},"modified":"2021-11-22T12:56:07","modified_gmt":"2021-11-22T12:56:07","slug":"poigne-de-securite-dubasafe-5179-3","status":"publish","type":"product","link":"https:\/\/www.rehafit.ch\/fr\/Produit\/poigne-de-securite-dubasafe-5179-3\/","title":{"rendered":"Poign\u00e9 de s\u00e9curit\u00e9 DUBASAFE 5179"},"content":{"rendered":"<ul>\n<li>Universellement applicable : horizontalement, verticalement, en diagonale<\/li>\n<li>Mat\u00e9riel: acier inoxydable<\/li>\n<li>Dans les longueurs : 30-150cm<\/li>\n<\/ul>\n","protected":false},"excerpt":{"rendered":"<p><img loading=\"lazy\" decoding=\"async\" class=\"alignnone size-full wp-image-246\" src=\"https:\/\/www.rehafit.ch\/wp-content\/uploads\/2016\/12\/meyralogo.jpg\" alt=\"meyralogo\" width=\"131\" height=\"40\"><span class=\"text_allg\"><b><br \/>\nMEYRA aides quotidiennes<\/b><\/span><\/p>\n<p>Cette aide peut \u00eatre une personne diff\u00e9rente. Ou un produit pens\u00e9 et adapt\u00e9 \u00e0 vos besoins individuels.<\/p>\n<p>MEYRA vend de tels produits. Des produits pour tous les domaines de la vie quotidienne: des \u00e9l\u00e9vateurs de bain aux aides novatrices pour les loisirs et le travail.<\/p>\n","protected":false},"featured_media":519,"comment_status":"open","ping_status":"closed","template":"","meta":{"kt_blocks_editor_width":""},"product_brand":[],"product_cat":[174],"product_tag":[],"class_list":{"0":"post-11957","1":"product","2":"type-product","3":"status-publish","4":"has-post-thumbnail","6":"product_cat-poignee-de-securite-fr","8":"first","9":"instock","10":"taxable","11":"shipping-taxable","12":"purchasable","13":"product-type-variable","14":"has-default-attributes"},"aioseo_notices":[],"_links":{"self":[{"href":"https:\/\/www.rehafit.ch\/fr\/wp-json\/wp\/v2\/product\/11957","targetHints":{"allow":["GET"]}}],"collection":[{"href":"https:\/\/www.rehafit.ch\/fr\/wp-json\/wp\/v2\/product"}],"about":[{"href":"https:\/\/www.rehafit.ch\/fr\/wp-json\/wp\/v2\/types\/product"}],"replies":[{"embeddable":true,"href":"https:\/\/www.rehafit.ch\/fr\/wp-json\/wp\/v2\/comments?post=11957"}],"wp:featuredmedia":[{"embeddable":true,"href":"https:\/\/www.rehafit.ch\/fr\/wp-json\/wp\/v2\/media\/519"}],"wp:attachment":[{"href":"https:\/\/www.rehafit.ch\/fr\/wp-json\/wp\/v2\/media?parent=11957"}],"wp:term":[{"taxonomy":"product_brand","embeddable":true,"href":"https:\/\/www.rehafit.ch\/fr\/wp-json\/wp\/v2\/product_brand?post=11957"},{"taxonomy":"product_cat","embeddable":true,"href":"https:\/\/www.rehafit.ch\/fr\/wp-json\/wp\/v2\/product_cat?post=11957"},{"taxonomy":"product_tag","embeddable":true,"href":"https:\/\/www.rehafit.ch\/fr\/wp-json\/wp\/v2\/product_tag?post=11957"}],"curies":[{"name":"wp","href":"https:\/\/api.w.org\/{rel}","templated":true}]}}