{"id":11954,"date":"2016-12-18T09:32:33","date_gmt":"2021-11-22T12:52:14","guid":{"rendered":"https:\/\/www.rehafit.ch\/produkt\/reducteur-avec-2-ventouses\/"},"modified":"2021-11-22T12:52:15","modified_gmt":"2021-11-22T12:52:15","slug":"reducteur-avec-2-ventouses","status":"publish","type":"product","link":"https:\/\/www.rehafit.ch\/fr\/Produit\/reducteur-avec-2-ventouses\/","title":{"rendered":"R\u00e9ducteur avec 2 ventouses"},"content":{"rendered":"<p><img loading=\"lazy\" decoding=\"async\" class=\"alignnone wp-image-10777\" src=\"https:\/\/www.rehafit.ch\/wp-content\/uploads\/2016\/12\/mobeli_hinweis-2.jpg\" width=\"341\" height=\"277\"><\/p>\n","protected":false},"excerpt":{"rendered":"<p><img loading=\"lazy\" decoding=\"async\" class=\"alignnone size-full wp-image-51\" src=\"https:\/\/www.rehafit.ch\/wp-content\/uploads\/2016\/11\/mobeli_logo.jpg\" alt=\"logo_mobeli\" width=\"140\" height=\"46\"><\/p>\n<ul>\n Le r\u00e9ducteur mobile pour baignoire est id\u00e9al pour les personnes qui souhaitent prendre un bain mais qui n\u2019osent tout simplement pas. Les personnes qui ont peur de glisser parce qu\u2019elles manquent d\u2019\u00e9nergie peuvent d\u00e9sormais raccourcir leur baignoire afin d\u2019\u00e9liminer ce risque. <\/p>\n<p>Ainsi, le plaisir de la baignade n\u2019est plus rien.<br \/>\nR\u00e9ducteur de baignore avec 2 ventouses. Le r\u00e9ducteur de baignoire \u00e0 positionnement infini emp\u00eache une immersion dans la baignoire. Ce r\u00e9ducteur de baignoire peut \u00eatre plac\u00e9 sans outils dans presque tous les endroits de la baignoire.<br \/>\nDe la largeur de la baignoire: 51cm<\/p>\n","protected":false},"featured_media":675,"comment_status":"open","ping_status":"closed","template":"","meta":{"kt_blocks_editor_width":""},"product_brand":[],"product_cat":[157,130,164],"product_tag":[],"class_list":{"0":"post-11954","1":"product","2":"type-product","3":"status-publish","4":"has-post-thumbnail","6":"product_cat-poignee-mobeli-ventouse","7":"product_cat-reducteur","8":"product_cat-soins_amis","10":"first","11":"instock","12":"taxable","13":"shipping-taxable","14":"purchasable","15":"product-type-simple"},"aioseo_notices":[],"_links":{"self":[{"href":"https:\/\/www.rehafit.ch\/fr\/wp-json\/wp\/v2\/product\/11954","targetHints":{"allow":["GET"]}}],"collection":[{"href":"https:\/\/www.rehafit.ch\/fr\/wp-json\/wp\/v2\/product"}],"about":[{"href":"https:\/\/www.rehafit.ch\/fr\/wp-json\/wp\/v2\/types\/product"}],"replies":[{"embeddable":true,"href":"https:\/\/www.rehafit.ch\/fr\/wp-json\/wp\/v2\/comments?post=11954"}],"wp:featuredmedia":[{"embeddable":true,"href":"https:\/\/www.rehafit.ch\/fr\/wp-json\/wp\/v2\/media\/675"}],"wp:attachment":[{"href":"https:\/\/www.rehafit.ch\/fr\/wp-json\/wp\/v2\/media?parent=11954"}],"wp:term":[{"taxonomy":"product_brand","embeddable":true,"href":"https:\/\/www.rehafit.ch\/fr\/wp-json\/wp\/v2\/product_brand?post=11954"},{"taxonomy":"product_cat","embeddable":true,"href":"https:\/\/www.rehafit.ch\/fr\/wp-json\/wp\/v2\/product_cat?post=11954"},{"taxonomy":"product_tag","embeddable":true,"href":"https:\/\/www.rehafit.ch\/fr\/wp-json\/wp\/v2\/product_tag?post=11954"}],"curies":[{"name":"wp","href":"https:\/\/api.w.org\/{rel}","templated":true}]}}