{"id":11935,"date":"2016-12-11T17:57:36","date_gmt":"2021-11-22T11:55:25","guid":{"rendered":"https:\/\/www.rehafit.ch\/produkt\/chaise-standhafte-avec-siege-en-pu-noir\/"},"modified":"2021-11-22T11:55:25","modified_gmt":"2021-11-22T11:55:25","slug":"chaise-standhafte-avec-siege-en-pu-noir","status":"publish","type":"product","link":"https:\/\/www.rehafit.ch\/fr\/Produit\/chaise-standhafte-avec-siege-en-pu-noir\/","title":{"rendered":"Chaise STANDHAFTE avec si\u00e8ge en PU noir"},"content":{"rendered":"<p>S&rsquo;asseoir plus sainement, \u00ab\u00a0se d\u00e9tendre en position debout\u00a0\u00bb. Ergonomique et confortable, il augmente vos performances et votre endurance, partout o\u00f9 il n&rsquo;est pas possible de s&rsquo;asseoir pour travailler. La version en acier inoxydable est sp\u00e9cialement con\u00e7ue pour les pi\u00e8ces humides et les environnements de travail avec un haut niveau d&rsquo;hygi\u00e8ne.<\/p>\n<p>Poteau tr\u00e8s robuste en acier inoxydable ou en acier tubulaire, si\u00e8ge confort de forme ergonomique avec insert en acier, si\u00e8ge en mousse int\u00e9grale durable, facile d&rsquo;entretien, r\u00e9glable en hauteur de 600 mm \u00e0 850 mm, r\u00e9glable en 15 \u00b0, pivotant dans toutes les directions, avec r\u00e9initialisation automatique et muni de protections antid\u00e9rapantes. Capacit\u00e9 de charge 120kg<\/p>\n","protected":false},"excerpt":{"rendered":"<p><img loading=\"lazy\" decoding=\"async\" class=\"alignnone size-full wp-image-595\" src=\"https:\/\/www.rehafit.ch\/wp-content\/uploads\/2016\/12\/lotz.gif\" alt=\"\" width=\"151\" height=\"57\"><\/p>\n<p><span class=\"text_allg\">\u00c9vitez de surcharger! Lorsque vous effectuez des activit\u00e9s debout, choisissez un support Lotz pour soulager votre corps et maintenir votre sant\u00e9. \u00c9galement dans le domaine m\u00e9dical, par ex. B. comme aide \u00e0 la th\u00e9rapie par l&rsquo;exercice, nos aides debout ont d\u00e9j\u00e0 fait leurs preuves. Construction stable et stable. Facile \u00e0 utiliser. Si\u00e8ge en mousse int\u00e9grale durable et facile d&rsquo;entretien.<br \/>\n<\/span><\/p>\n","protected":false},"featured_media":597,"comment_status":"open","ping_status":"closed","template":"","meta":{"kt_blocks_editor_width":""},"product_brand":[],"product_cat":[123,175],"product_tag":[],"class_list":{"0":"post-11935","1":"product","2":"type-product","3":"status-publish","4":"has-post-thumbnail","6":"product_cat-aide-a-la-position-assise-et-debout","7":"product_cat-assis-couches","9":"first","10":"instock","11":"taxable","12":"shipping-taxable","13":"purchasable","14":"product-type-variable"},"aioseo_notices":[],"_links":{"self":[{"href":"https:\/\/www.rehafit.ch\/fr\/wp-json\/wp\/v2\/product\/11935","targetHints":{"allow":["GET"]}}],"collection":[{"href":"https:\/\/www.rehafit.ch\/fr\/wp-json\/wp\/v2\/product"}],"about":[{"href":"https:\/\/www.rehafit.ch\/fr\/wp-json\/wp\/v2\/types\/product"}],"replies":[{"embeddable":true,"href":"https:\/\/www.rehafit.ch\/fr\/wp-json\/wp\/v2\/comments?post=11935"}],"wp:featuredmedia":[{"embeddable":true,"href":"https:\/\/www.rehafit.ch\/fr\/wp-json\/wp\/v2\/media\/597"}],"wp:attachment":[{"href":"https:\/\/www.rehafit.ch\/fr\/wp-json\/wp\/v2\/media?parent=11935"}],"wp:term":[{"taxonomy":"product_brand","embeddable":true,"href":"https:\/\/www.rehafit.ch\/fr\/wp-json\/wp\/v2\/product_brand?post=11935"},{"taxonomy":"product_cat","embeddable":true,"href":"https:\/\/www.rehafit.ch\/fr\/wp-json\/wp\/v2\/product_cat?post=11935"},{"taxonomy":"product_tag","embeddable":true,"href":"https:\/\/www.rehafit.ch\/fr\/wp-json\/wp\/v2\/product_tag?post=11935"}],"curies":[{"name":"wp","href":"https:\/\/api.w.org\/{rel}","templated":true}]}}