{"id":11926,"date":"2016-12-11T18:58:44","date_gmt":"2021-11-22T11:50:44","guid":{"rendered":"https:\/\/www.rehafit.ch\/produkt\/tabouret-de-douche-edge\/"},"modified":"2024-01-13T12:17:01","modified_gmt":"2024-01-13T12:17:01","slug":"tabouret-de-douche-edge","status":"publish","type":"product","link":"https:\/\/www.rehafit.ch\/fr\/Produit\/tabouret-de-douche-edge\/","title":{"rendered":"Tabouret de douche EDGE"},"content":{"rendered":"<p><span id=\"InfoBoxTab_tabDescription_ctrlProductDescription_lblProductDescription\">&#8211; stable, peu encombrant<br \/>\n&#8211; facile \u00e0 utiliser<br \/>\n&#8211; pieds r\u00e9glables en hauteur individuellement pour un support s\u00fbr<br \/>\n&#8211; Les pieds en caoutchouc sp\u00e9ciaux compensent en toute s\u00e9curit\u00e9 les diff\u00e9rences de hauteur<br \/>\n&#8211; Assemblage sans outil<\/span><\/p>\n<ul>\n<li><span id=\"InfoBoxTab_tabDescription_ctrlProductDescription_lblProductDescription\">Hauteur d&rsquo;assise: 42-57cm<\/span><\/li>\n<li><span id=\"InfoBoxTab_tabDescription_ctrlProductDescription_lblProductDescription\">Largeur: 50-52cm<\/span><\/li>\n<li><span id=\"InfoBoxTab_tabDescription_ctrlProductDescription_lblProductDescription\">Poids: 2,6kg<\/span><\/li>\n<li><span id=\"InfoBoxTab_tabDescription_ctrlProductDescription_lblProductDescription\">Mati\u00e8re : assise : polypropyl\u00e8ne \/ pieds : aluminium \/ pinces : TPE<\/span><\/li>\n<li><span id=\"InfoBoxTab_tabDescription_ctrlProductDescription_lblProductDescription\">max. Capacit\u00e9 de charge: 130kg<\/span><\/li>\n<li>Couleur: gris<\/li>\n<\/ul>\n","protected":false},"excerpt":{"rendered":"<p><img loading=\"lazy\" decoding=\"async\" class=\"alignnone size-full wp-image-600\" src=\"https:\/\/www.rehafit.ch\/wp-content\/uploads\/2016\/12\/etac_logo.jpg\" alt=\"\" width=\"150\" height=\"49\" \/><\/p>\n","protected":false},"featured_media":0,"comment_status":"open","ping_status":"closed","template":"","meta":{"kt_blocks_editor_width":""},"product_brand":[],"product_cat":[132,199],"product_tag":[],"class_list":{"0":"post-11926","1":"product","2":"type-product","3":"status-publish","5":"product_cat-tabouret-de-douche","6":"product_cat-top-offres","8":"first","9":"instock","10":"sale","11":"taxable","12":"shipping-taxable","13":"purchasable","14":"product-type-simple"},"aioseo_notices":[],"_links":{"self":[{"href":"https:\/\/www.rehafit.ch\/fr\/wp-json\/wp\/v2\/product\/11926","targetHints":{"allow":["GET"]}}],"collection":[{"href":"https:\/\/www.rehafit.ch\/fr\/wp-json\/wp\/v2\/product"}],"about":[{"href":"https:\/\/www.rehafit.ch\/fr\/wp-json\/wp\/v2\/types\/product"}],"replies":[{"embeddable":true,"href":"https:\/\/www.rehafit.ch\/fr\/wp-json\/wp\/v2\/comments?post=11926"}],"wp:attachment":[{"href":"https:\/\/www.rehafit.ch\/fr\/wp-json\/wp\/v2\/media?parent=11926"}],"wp:term":[{"taxonomy":"product_brand","embeddable":true,"href":"https:\/\/www.rehafit.ch\/fr\/wp-json\/wp\/v2\/product_brand?post=11926"},{"taxonomy":"product_cat","embeddable":true,"href":"https:\/\/www.rehafit.ch\/fr\/wp-json\/wp\/v2\/product_cat?post=11926"},{"taxonomy":"product_tag","embeddable":true,"href":"https:\/\/www.rehafit.ch\/fr\/wp-json\/wp\/v2\/product_tag?post=11926"}],"curies":[{"name":"wp","href":"https:\/\/api.w.org\/{rel}","templated":true}]}}