{"id":11906,"date":"2016-12-12T13:31:22","date_gmt":"2021-11-22T11:44:56","guid":{"rendered":"https:\/\/www.rehafit.ch\/produkt\/siege-de-douche-mural-nautica\/"},"modified":"2021-11-22T11:44:59","modified_gmt":"2021-11-22T11:44:59","slug":"siege-de-douche-mural-nautica","status":"publish","type":"product","link":"https:\/\/www.rehafit.ch\/fr\/Produit\/siege-de-douche-mural-nautica\/","title":{"rendered":"Si\u00e8ge de douche mural NAUTICA"},"content":{"rendered":"<ul class=\"text_allg\">\n<li>Confort et design<\/li>\n<li>Rabattable, pourvu d&rsquo;un support<\/li>\n<li>Cadre en aluminium<\/li>\n<li>Largeur d&rsquo;assise: 38cm<\/li>\n<li>Profonduer d&rsquo;assie: 48cm<\/li>\n<li>Poids: 3kg<\/li>\n<li>Capacit\u00e9 de charge: 100kg<\/li>\n<li>Couleur: blanc<\/li>\n<\/ul>\n","protected":false},"excerpt":{"rendered":"<p><span class=\"text_allg\"><img loading=\"lazy\" decoding=\"async\" class=\"alignnone wp-image-184\" src=\"https:\/\/www.rehafit.ch\/wp-content\/uploads\/2016\/12\/herdegen_logo.jpg\" alt=\"herdegen_logo\" width=\"120\" height=\"71\"><\/span><\/p>\n<p>Herdegen se caract\u00e9rise par des produits innovants tels que le si\u00e8ge de toilette sur\u00e9lev\u00e9 doux<a href=\"https:\/\/www.rehafit.ch\/produkt\/toilettensitzerhoehung-contact-plus\/\"> CONTACTER PLUS<\/a> ou la b\u00e9quille d&rsquo;avant-bras en mousse ADVANCE.<\/p>\n<p>&nbsp;<\/p>\n","protected":false},"featured_media":612,"comment_status":"open","ping_status":"closed","template":"","meta":{"kt_blocks_editor_width":""},"product_brand":[],"product_cat":[133],"product_tag":[],"class_list":{"0":"post-11906","1":"product","2":"type-product","3":"status-publish","4":"has-post-thumbnail","6":"product_cat-siege-de-douche-mural","8":"first","9":"instock","10":"taxable","11":"shipping-taxable","12":"purchasable","13":"product-type-simple"},"aioseo_notices":[],"_links":{"self":[{"href":"https:\/\/www.rehafit.ch\/fr\/wp-json\/wp\/v2\/product\/11906","targetHints":{"allow":["GET"]}}],"collection":[{"href":"https:\/\/www.rehafit.ch\/fr\/wp-json\/wp\/v2\/product"}],"about":[{"href":"https:\/\/www.rehafit.ch\/fr\/wp-json\/wp\/v2\/types\/product"}],"replies":[{"embeddable":true,"href":"https:\/\/www.rehafit.ch\/fr\/wp-json\/wp\/v2\/comments?post=11906"}],"wp:featuredmedia":[{"embeddable":true,"href":"https:\/\/www.rehafit.ch\/fr\/wp-json\/wp\/v2\/media\/612"}],"wp:attachment":[{"href":"https:\/\/www.rehafit.ch\/fr\/wp-json\/wp\/v2\/media?parent=11906"}],"wp:term":[{"taxonomy":"product_brand","embeddable":true,"href":"https:\/\/www.rehafit.ch\/fr\/wp-json\/wp\/v2\/product_brand?post=11906"},{"taxonomy":"product_cat","embeddable":true,"href":"https:\/\/www.rehafit.ch\/fr\/wp-json\/wp\/v2\/product_cat?post=11906"},{"taxonomy":"product_tag","embeddable":true,"href":"https:\/\/www.rehafit.ch\/fr\/wp-json\/wp\/v2\/product_tag?post=11906"}],"curies":[{"name":"wp","href":"https:\/\/api.w.org\/{rel}","templated":true}]}}