{"id":11903,"date":"2016-12-12T18:17:41","date_gmt":"2021-11-22T10:10:01","guid":{"rendered":"https:\/\/www.rehafit.ch\/produkt\/cuvette-lave-tete-gonfable\/"},"modified":"2021-11-22T10:10:05","modified_gmt":"2021-11-22T10:10:05","slug":"cuvette-lave-tete-gonfable","status":"publish","type":"product","link":"https:\/\/www.rehafit.ch\/fr\/Produit\/cuvette-lave-tete-gonfable\/","title":{"rendered":"Cuvette lave t\u00eate gonfable"},"content":{"rendered":"<p>Le bassin contient des litres 5. Le r\u00e9servoir d&rsquo;eau peut \u00eatre mont\u00e9 sur une tige pour perfusion intraveineuse.<\/p>\n<ul>\n<li>Grandeur du bassin: 47 x 45 x 25 cm<\/li>\n<li>Poids: 0.95 kg<\/li>\n<li>Couleur blanche<\/li>\n<\/ul>\n","protected":false},"excerpt":{"rendered":"<p><span class=\"text_allg\"><img loading=\"lazy\" decoding=\"async\" class=\"alignnone wp-image-184\" src=\"https:\/\/www.rehafit.ch\/wp-content\/uploads\/2016\/12\/herdegen_logo.jpg\" alt=\"herdegen_logo\" width=\"120\" height=\"71\"><\/span><\/p>\n<p>Herdegen se caract\u00e9rise par des produits innovants tels que le si\u00e8ge de toilette sur\u00e9lev\u00e9 doux<a href=\"https:\/\/www.rehafit.ch\/produkt\/toilettensitzerhoehung-contact-plus\/\"> CONTACTER PLUS<\/a> ou la b\u00e9quille d&rsquo;avant-bras en mousse ADVANCE.<\/p>\n","protected":false},"featured_media":0,"comment_status":"open","ping_status":"closed","template":"","meta":{"kt_blocks_editor_width":""},"product_brand":[],"product_cat":[120],"product_tag":[],"class_list":{"0":"post-11903","1":"product","2":"type-product","3":"status-publish","5":"product_cat-divers-fr","7":"first","8":"instock","9":"taxable","10":"shipping-taxable","11":"purchasable","12":"product-type-simple"},"aioseo_notices":[],"_links":{"self":[{"href":"https:\/\/www.rehafit.ch\/fr\/wp-json\/wp\/v2\/product\/11903","targetHints":{"allow":["GET"]}}],"collection":[{"href":"https:\/\/www.rehafit.ch\/fr\/wp-json\/wp\/v2\/product"}],"about":[{"href":"https:\/\/www.rehafit.ch\/fr\/wp-json\/wp\/v2\/types\/product"}],"replies":[{"embeddable":true,"href":"https:\/\/www.rehafit.ch\/fr\/wp-json\/wp\/v2\/comments?post=11903"}],"wp:attachment":[{"href":"https:\/\/www.rehafit.ch\/fr\/wp-json\/wp\/v2\/media?parent=11903"}],"wp:term":[{"taxonomy":"product_brand","embeddable":true,"href":"https:\/\/www.rehafit.ch\/fr\/wp-json\/wp\/v2\/product_brand?post=11903"},{"taxonomy":"product_cat","embeddable":true,"href":"https:\/\/www.rehafit.ch\/fr\/wp-json\/wp\/v2\/product_cat?post=11903"},{"taxonomy":"product_tag","embeddable":true,"href":"https:\/\/www.rehafit.ch\/fr\/wp-json\/wp\/v2\/product_tag?post=11903"}],"curies":[{"name":"wp","href":"https:\/\/api.w.org\/{rel}","templated":true}]}}