{"id":11900,"date":"2016-12-24T08:14:58","date_gmt":"2021-11-22T10:04:34","guid":{"rendered":"https:\/\/www.rehafit.ch\/produkt\/rollator-leger-active-walker\/"},"modified":"2021-11-22T10:06:01","modified_gmt":"2021-11-22T10:06:01","slug":"rollator-leger-active-walker","status":"publish","type":"product","link":"https:\/\/www.rehafit.ch\/fr\/Produit\/rollator-leger-active-walker\/","title":{"rendered":"Rollator l\u00e9ger Active Walker"},"content":{"rendered":"<div id=\"product.info.description\" class=\"data item content\" data-role=\"content\">\n<div class=\"product attribute description\">\n<div class=\"value\">\n<ul>\n<li>Largeur totale: 60 cm<\/li>\n<li>Longueur totale: 45 \u00e0 72 cm<\/li>\n<li>Hauteur totale: 82 \u00e0 98,5 cm<\/li>\n<li>Largeur d&rsquo;assise: 45 cm<\/li>\n<li>Hauteur d&rsquo;assise: 50 bis 63 cm<\/li>\n<li>Capacit\u00e9 de charge: 125 kg<\/li>\n<li>Poids : 9kg<\/li>\n<li>Roues: devant 10 Zoll, arri\u00e8re 8 Zoll<\/li>\n<\/ul>\n<\/div>\n<\/div>\n<\/div>\n","protected":false},"excerpt":{"rendered":"<p>L&rsquo; <strong>Active Walker<\/strong> \u00e9tablit de nouvelles normes pour les d\u00e9ambulateurs en termes de convivialit\u00e9, de s\u00e9curit\u00e9 et notamment gr\u00e2ce \u00e0 son design sophistiqu\u00e9. Le d\u00e9ambulateur peut \u00e9galement \u00eatre utilis\u00e9 sur des terrains difficiles. Avec les grandes roues avant, l&rsquo;Active Walker peut \u00e9galement faire face aux terrains accident\u00e9s, aux fissures sur le trottoir ou aux seuils de porte. Les roues arri\u00e8re plus petites, quant \u00e0 elles, assurent une maniabilit\u00e9 optimale et un petit rayon de braquage. Ceci est particuli\u00e8rement avantageux \u00e0 la maison.<\/p>\n<p>L&rsquo;Active Walker impressionne \u00e9galement par ses possibilit\u00e9s de r\u00e9glage pratiques. La hauteur du si\u00e8ge peut \u00eatre r\u00e9gl\u00e9e sur quatre positions diff\u00e9rentes et ainsi adapt\u00e9e \u00e0 l&rsquo;utilisateur respectif ou \u00e0 la situation respective. Gr\u00e2ce aux leviers \u00e0 d\u00e9gagement rapide, vous pouvez d\u00e9placer le si\u00e8ge dans la position souhait\u00e9e en quelques secondes seulement. La hauteur de la poign\u00e9e du d\u00e9ambulateur peut \u00e9galement \u00eatre facilement ajust\u00e9e \u00e0 la taille de l&rsquo;utilisateur. Six niveaux entre 82 et 98 cm sont disponibles. Le d\u00e9ambulateur peut \u00eatre r\u00e9gl\u00e9 \u00e0 une hauteur comprise entre 1,50 et 1,95 m en quelques secondes seulement. Ceci est particuli\u00e8rement avantageux si l&rsquo;Active Walker est utilis\u00e9 par plusieurs personnes.<\/p>\n<p>Le panier amovible d&rsquo;une capacit\u00e9 de 14 litres offre suffisamment d&rsquo;espace pour un sac \u00e0 main, un journal, des courses et bien plus encore. Le si\u00e8ge prot\u00e8ge le contenu du panier des \u00e9l\u00e9ments ainsi que des voleurs. Pour acc\u00e9der au contenu du panier, il suffit de faire pivoter le si\u00e8ge vers le haut. Bien entendu, le panier peut \u00e9galement \u00eatre compl\u00e8tement retir\u00e9 \u00e0 l&rsquo;aide des poign\u00e9es pratiques. La s\u00e9curit\u00e9 est particuli\u00e8rement probl\u00e9matique la nuit ou lorsque la visibilit\u00e9 est mauvaise. L&rsquo;Active est donc \u00e9quip\u00e9 de r\u00e9flecteurs rouges sur les poign\u00e9es et de bandes r\u00e9fl\u00e9chissantes sur le cadre afin qu&rsquo;il soit bien visible pour les autres usagers de la route.<\/p>\n","protected":false},"featured_media":722,"comment_status":"open","ping_status":"closed","template":"","meta":{"kt_blocks_editor_width":""},"product_brand":[],"product_cat":[147,146],"product_tag":[],"class_list":{"0":"post-11900","1":"product","2":"type-product","3":"status-publish","4":"has-post-thumbnail","6":"product_cat-poids-leger","7":"product_cat-rollator","9":"first","10":"instock","11":"taxable","12":"shipping-taxable","13":"purchasable","14":"product-type-simple"},"aioseo_notices":[],"_links":{"self":[{"href":"https:\/\/www.rehafit.ch\/fr\/wp-json\/wp\/v2\/product\/11900","targetHints":{"allow":["GET"]}}],"collection":[{"href":"https:\/\/www.rehafit.ch\/fr\/wp-json\/wp\/v2\/product"}],"about":[{"href":"https:\/\/www.rehafit.ch\/fr\/wp-json\/wp\/v2\/types\/product"}],"replies":[{"embeddable":true,"href":"https:\/\/www.rehafit.ch\/fr\/wp-json\/wp\/v2\/comments?post=11900"}],"wp:featuredmedia":[{"embeddable":true,"href":"https:\/\/www.rehafit.ch\/fr\/wp-json\/wp\/v2\/media\/722"}],"wp:attachment":[{"href":"https:\/\/www.rehafit.ch\/fr\/wp-json\/wp\/v2\/media?parent=11900"}],"wp:term":[{"taxonomy":"product_brand","embeddable":true,"href":"https:\/\/www.rehafit.ch\/fr\/wp-json\/wp\/v2\/product_brand?post=11900"},{"taxonomy":"product_cat","embeddable":true,"href":"https:\/\/www.rehafit.ch\/fr\/wp-json\/wp\/v2\/product_cat?post=11900"},{"taxonomy":"product_tag","embeddable":true,"href":"https:\/\/www.rehafit.ch\/fr\/wp-json\/wp\/v2\/product_tag?post=11900"}],"curies":[{"name":"wp","href":"https:\/\/api.w.org\/{rel}","templated":true}]}}