{"id":11897,"date":"2016-12-24T08:18:02","date_gmt":"2021-11-22T09:53:29","guid":{"rendered":"https:\/\/www.rehafit.ch\/produkt\/securite-de-levier\/"},"modified":"2021-11-22T09:53:29","modified_gmt":"2021-11-22T09:53:29","slug":"securite-de-levier","status":"publish","type":"product","link":"https:\/\/www.rehafit.ch\/fr\/Produit\/securite-de-levier\/","title":{"rendered":"S\u00e9curit\u00e9 de levier"},"content":{"rendered":"","protected":false},"excerpt":{"rendered":"<p><img loading=\"lazy\" decoding=\"async\" class=\"alignnone size-full wp-image-51\" src=\"https:\/\/www.rehafit.ch\/wp-content\/uploads\/2016\/11\/mobeli_logo.jpg\" alt=\"logo_mobeli\" width=\"140\" height=\"46\"><\/p>\n<p><span class=\"text_allg\" style=\"font-size: small;\">Le \u00ab\u00a0dispositif d&rsquo;immobilisation\u00a0\u00bb pour nos syst\u00e8mes de retenue mobiles.<\/p>\n<p>Le Mobeli s\u00e9curit\u00e9 de levier, qui peut \u00eatre utilis\u00e9 pour fermer la poign\u00e9e, a \u00e9t\u00e9 con\u00e7u pour les personnes qui ne sont pas autoris\u00e9es \u00e0 ouvrir la poign\u00e9e mobile de mani\u00e8re autonome (par exemple, les personnes atteintes de d\u00e9mence, les handicap\u00e9s mentaux ou les personnes qui pourraient effectuer des mouvements incontr\u00f4l\u00e9s).<\/p>\n<p>Mais le verrou \u00e0 culbuteur convient \u00e9galement comme protection contre le vol pour les syst\u00e8mes de maintien Mobeli &#8211; partout o\u00f9 ils sont utilis\u00e9s, comme dans les h\u00f4tels, les h\u00f4pitaux ou les maisons de retraite et dans les espaces publics. Compatible avec tous les syst\u00e8mes de maintien Mobeli avec un indicateur de s\u00e9curit\u00e9 sous vide.<\/span><\/p>\n<p>&nbsp;<\/p>\n","protected":false},"featured_media":725,"comment_status":"open","ping_status":"closed","template":"","meta":{"kt_blocks_editor_width":""},"product_brand":[],"product_cat":[157,163],"product_tag":[],"class_list":{"0":"post-11897","1":"product","2":"type-product","3":"status-publish","4":"has-post-thumbnail","6":"product_cat-poignee-mobeli-ventouse","7":"product_cat-petits-assistants","9":"first","10":"instock","11":"taxable","12":"shipping-taxable","13":"purchasable","14":"product-type-simple"},"aioseo_notices":[],"_links":{"self":[{"href":"https:\/\/www.rehafit.ch\/fr\/wp-json\/wp\/v2\/product\/11897","targetHints":{"allow":["GET"]}}],"collection":[{"href":"https:\/\/www.rehafit.ch\/fr\/wp-json\/wp\/v2\/product"}],"about":[{"href":"https:\/\/www.rehafit.ch\/fr\/wp-json\/wp\/v2\/types\/product"}],"replies":[{"embeddable":true,"href":"https:\/\/www.rehafit.ch\/fr\/wp-json\/wp\/v2\/comments?post=11897"}],"wp:featuredmedia":[{"embeddable":true,"href":"https:\/\/www.rehafit.ch\/fr\/wp-json\/wp\/v2\/media\/725"}],"wp:attachment":[{"href":"https:\/\/www.rehafit.ch\/fr\/wp-json\/wp\/v2\/media?parent=11897"}],"wp:term":[{"taxonomy":"product_brand","embeddable":true,"href":"https:\/\/www.rehafit.ch\/fr\/wp-json\/wp\/v2\/product_brand?post=11897"},{"taxonomy":"product_cat","embeddable":true,"href":"https:\/\/www.rehafit.ch\/fr\/wp-json\/wp\/v2\/product_cat?post=11897"},{"taxonomy":"product_tag","embeddable":true,"href":"https:\/\/www.rehafit.ch\/fr\/wp-json\/wp\/v2\/product_tag?post=11897"}],"curies":[{"name":"wp","href":"https:\/\/api.w.org\/{rel}","templated":true}]}}