{"id":11891,"date":"2016-12-24T09:55:42","date_gmt":"2021-11-22T09:44:12","guid":{"rendered":"https:\/\/www.rehafit.ch\/produkt\/tabouret-de-douche-xxl-avec-accoudoirs\/"},"modified":"2021-11-22T09:44:12","modified_gmt":"2021-11-22T09:44:12","slug":"tabouret-de-douche-xxl-avec-accoudoirs","status":"publish","type":"product","link":"https:\/\/www.rehafit.ch\/fr\/Produit\/tabouret-de-douche-xxl-avec-accoudoirs\/","title":{"rendered":"Tabouret de douche XXL avec accoudoirs"},"content":{"rendered":"<ul class=\"text_allg\">\n<li>Largeur: 67cm<\/li>\n<li>Largeur d&rsquo;assise: 60cm<\/li>\n<li>Profondeur: 67cm<\/li>\n<li>Profondeur d&rsquo;assise: 44cm<\/li>\n<li>Hauteur d&rsquo;assise: 55cm<\/li>\n<li>Hauteur d&rsquo;accoudoirs: 23cm<\/li>\n<li>Poids: 14.8kg<\/li>\n<li>Capacit\u00e9 de charge: 200kg<\/li>\n<\/ul>\n","protected":false},"excerpt":{"rendered":"<p><img loading=\"lazy\" decoding=\"async\" class=\"alignnone size-full wp-image-246\" src=\"https:\/\/www.rehafit.ch\/wp-content\/uploads\/2016\/12\/meyralogo.jpg\" alt=\"meyralogo\" width=\"131\" height=\"40\"><span class=\"text_allg\"><b><br \/>\nMEYRA aides quotidiennes<\/b><\/span><\/p>\n<p>Cette aide peut \u00eatre une personne diff\u00e9rente. Ou un produit pens\u00e9 et adapt\u00e9 \u00e0 vos besoins individuels.<\/p>\n<p>MEYRA vend de tels produits. Des produits pour tous les domaines de la vie quotidienne: des \u00e9l\u00e9vateurs de bain aux aides novatrices pour les loisirs et le travail.<\/p>\n<p><strong>Ici vous trouverez d&rsquo;autres <a href=\"http:\/\/www.novomed.ch\/XXL-Broch%C3%BCre.pdf\">XXL-Produkte&gt;&gt;<\/a><\/strong><\/p>\n","protected":false},"featured_media":0,"comment_status":"open","ping_status":"closed","template":"","meta":{"kt_blocks_editor_width":""},"product_brand":[],"product_cat":[181],"product_tag":[],"class_list":{"0":"post-11891","1":"product","2":"type-product","3":"status-publish","5":"product_cat-xl-aides-de-douche","7":"first","8":"outofstock","9":"taxable","10":"shipping-taxable","11":"purchasable","12":"product-type-simple"},"aioseo_notices":[],"_links":{"self":[{"href":"https:\/\/www.rehafit.ch\/fr\/wp-json\/wp\/v2\/product\/11891","targetHints":{"allow":["GET"]}}],"collection":[{"href":"https:\/\/www.rehafit.ch\/fr\/wp-json\/wp\/v2\/product"}],"about":[{"href":"https:\/\/www.rehafit.ch\/fr\/wp-json\/wp\/v2\/types\/product"}],"replies":[{"embeddable":true,"href":"https:\/\/www.rehafit.ch\/fr\/wp-json\/wp\/v2\/comments?post=11891"}],"wp:attachment":[{"href":"https:\/\/www.rehafit.ch\/fr\/wp-json\/wp\/v2\/media?parent=11891"}],"wp:term":[{"taxonomy":"product_brand","embeddable":true,"href":"https:\/\/www.rehafit.ch\/fr\/wp-json\/wp\/v2\/product_brand?post=11891"},{"taxonomy":"product_cat","embeddable":true,"href":"https:\/\/www.rehafit.ch\/fr\/wp-json\/wp\/v2\/product_cat?post=11891"},{"taxonomy":"product_tag","embeddable":true,"href":"https:\/\/www.rehafit.ch\/fr\/wp-json\/wp\/v2\/product_tag?post=11891"}],"curies":[{"name":"wp","href":"https:\/\/api.w.org\/{rel}","templated":true}]}}