{"id":11887,"date":"2016-12-24T10:02:17","date_gmt":"2021-11-22T09:42:17","guid":{"rendered":"https:\/\/www.rehafit.ch\/produkt\/tabouret-de-douche-xxl-en-acier-inoxydable\/"},"modified":"2021-11-22T09:42:17","modified_gmt":"2021-11-22T09:42:17","slug":"tabouret-de-douche-xxl-en-acier-inoxydable","status":"publish","type":"product","link":"https:\/\/www.rehafit.ch\/fr\/Produit\/tabouret-de-douche-xxl-en-acier-inoxydable\/","title":{"rendered":"Tabouret de douche XXL en acier inoxydable"},"content":{"rendered":"<ul class=\"text_allg\">\n<li>Largeur d&rsquo;assise: 54cm<\/li>\n<li>Profondeur d&rsquo;assise: 36cm<\/li>\n<li>Si\u00e8ge: 48x35cm<\/li>\n<li>Poids: 5kg<\/li>\n<li>Capacit\u00e9 de charge: 200kg<\/li>\n<\/ul>\n","protected":false},"excerpt":{"rendered":"<p><img loading=\"lazy\" decoding=\"async\" class=\"alignnone size-full wp-image-246\" src=\"https:\/\/www.rehafit.ch\/wp-content\/uploads\/2016\/12\/meyralogo.jpg\" alt=\"meyralogo\" width=\"131\" height=\"40\"><span class=\"text_allg\"><b><br \/>\nMEYRA aides quotidiennes<\/b><\/span><\/p>\n<p>Cette aide peut \u00eatre une personne diff\u00e9rente. Ou un produit pens\u00e9 et adapt\u00e9 \u00e0 vos besoins individuels.<\/p>\n<p>MEYRA vend de tels produits. Des produits pour tous les domaines de la vie quotidienne: des \u00e9l\u00e9vateurs de bain aux aides novatrices pour les loisirs et le travail.<\/p>\n<p>&nbsp;<\/p>\n","protected":false},"featured_media":0,"comment_status":"open","ping_status":"closed","template":"","meta":{"kt_blocks_editor_width":""},"product_brand":[],"product_cat":[181],"product_tag":[],"class_list":{"0":"post-11887","1":"product","2":"type-product","3":"status-publish","5":"product_cat-xl-aides-de-douche","7":"first","8":"outofstock","9":"taxable","10":"shipping-taxable","11":"purchasable","12":"product-type-variable"},"aioseo_notices":[],"_links":{"self":[{"href":"https:\/\/www.rehafit.ch\/fr\/wp-json\/wp\/v2\/product\/11887","targetHints":{"allow":["GET"]}}],"collection":[{"href":"https:\/\/www.rehafit.ch\/fr\/wp-json\/wp\/v2\/product"}],"about":[{"href":"https:\/\/www.rehafit.ch\/fr\/wp-json\/wp\/v2\/types\/product"}],"replies":[{"embeddable":true,"href":"https:\/\/www.rehafit.ch\/fr\/wp-json\/wp\/v2\/comments?post=11887"}],"wp:attachment":[{"href":"https:\/\/www.rehafit.ch\/fr\/wp-json\/wp\/v2\/media?parent=11887"}],"wp:term":[{"taxonomy":"product_brand","embeddable":true,"href":"https:\/\/www.rehafit.ch\/fr\/wp-json\/wp\/v2\/product_brand?post=11887"},{"taxonomy":"product_cat","embeddable":true,"href":"https:\/\/www.rehafit.ch\/fr\/wp-json\/wp\/v2\/product_cat?post=11887"},{"taxonomy":"product_tag","embeddable":true,"href":"https:\/\/www.rehafit.ch\/fr\/wp-json\/wp\/v2\/product_tag?post=11887"}],"curies":[{"name":"wp","href":"https:\/\/api.w.org\/{rel}","templated":true}]}}