{"id":11808,"date":"2017-03-19T16:38:39","date_gmt":"2021-11-21T22:57:27","guid":{"rendered":"https:\/\/www.rehafit.ch\/produkt\/siege-de-bain\/"},"modified":"2021-11-21T22:57:28","modified_gmt":"2021-11-21T22:57:28","slug":"sieege-de-bain","status":"publish","type":"product","link":"https:\/\/www.rehafit.ch\/fr\/Produit\/sieege-de-bain\/","title":{"rendered":"Si\u00e8ge de bain"},"content":{"rendered":"<div class=\"text_allg\" align=\"left\">\n<p><img loading=\"lazy\" decoding=\"async\" class=\"alignnone wp-image-11811\" src=\"https:\/\/www.rehafit.ch\/wp-content\/uploads\/2017\/03\/EH-BS-PP-BX_drawing.jpg\" alt=\"\" width=\"228\" height=\"153\" srcset=\"https:\/\/www.rehafit.ch\/wp-content\/uploads\/2017\/03\/EH-BS-PP-BX_drawing.jpg 1920w, https:\/\/www.rehafit.ch\/wp-content\/uploads\/2017\/03\/EH-BS-PP-BX_drawing-300x202.jpg 300w, https:\/\/www.rehafit.ch\/wp-content\/uploads\/2017\/03\/EH-BS-PP-BX_drawing-768x516.jpg 768w, https:\/\/www.rehafit.ch\/wp-content\/uploads\/2017\/03\/EH-BS-PP-BX_drawing-1024x688.jpg 1024w\" sizes=\"auto, (max-width: 228px) 100vw, 228px\" \/>     <img loading=\"lazy\" decoding=\"async\" class=\"alignnone wp-image-11815\" src=\"https:\/\/www.rehafit.ch\/wp-content\/uploads\/2018\/07\/EH-BSB-PP-BX_drawing-e1531663876258.jpg\" alt=\"\" width=\"208\" height=\"152\"><\/p>\n<p>Aide de baignoire galb\u00e9e et stable<\/p>\n<ul class=\"text-allg\">\n<li>R\u00e9glable en largeur<\/li>\n<li>Max. Capacit\u00e9 de charge: 165kg<\/li>\n<li>Couleur blanche<\/li>\n<\/ul>\n<\/div>\n","protected":false},"excerpt":{"rendered":"<p><img loading=\"lazy\" decoding=\"async\" class=\"alignnone size-full wp-image-817\" src=\"https:\/\/www.rehafit.ch\/wp-content\/uploads\/2016\/12\/k-design-1.jpg\" alt=\"\" width=\"181\" height=\"84\"><\/p>\n<p><span class=\"text_allg\"><b><span class=\"text_allg\">Les produits de K-Design d&rsquo;Italie impressionnent par leur confort, leur design et leur s\u00e9curit\u00e9 dans la salle de bain.<\/span><\/b><\/span><\/p>\n<p>Les formes et les mat\u00e9riaux utilis\u00e9s ont abouti \u00e0 un produit qui, d&rsquo;une part, impressionne par son confort et sa s\u00e9curit\u00e9 dans la zone humide et repr\u00e9sente en m\u00eame temps un produit design.<\/p>\n","protected":false},"featured_media":840,"comment_status":"open","ping_status":"closed","template":"","meta":{"kt_blocks_editor_width":""},"product_brand":[],"product_cat":[129],"product_tag":[],"class_list":{"0":"post-11808","1":"product","2":"type-product","3":"status-publish","4":"has-post-thumbnail","6":"product_cat-siege-de-bain","8":"first","9":"instock","10":"taxable","11":"shipping-taxable","12":"purchasable","13":"product-type-variable"},"aioseo_notices":[],"_links":{"self":[{"href":"https:\/\/www.rehafit.ch\/fr\/wp-json\/wp\/v2\/product\/11808","targetHints":{"allow":["GET"]}}],"collection":[{"href":"https:\/\/www.rehafit.ch\/fr\/wp-json\/wp\/v2\/product"}],"about":[{"href":"https:\/\/www.rehafit.ch\/fr\/wp-json\/wp\/v2\/types\/product"}],"replies":[{"embeddable":true,"href":"https:\/\/www.rehafit.ch\/fr\/wp-json\/wp\/v2\/comments?post=11808"}],"wp:featuredmedia":[{"embeddable":true,"href":"https:\/\/www.rehafit.ch\/fr\/wp-json\/wp\/v2\/media\/840"}],"wp:attachment":[{"href":"https:\/\/www.rehafit.ch\/fr\/wp-json\/wp\/v2\/media?parent=11808"}],"wp:term":[{"taxonomy":"product_brand","embeddable":true,"href":"https:\/\/www.rehafit.ch\/fr\/wp-json\/wp\/v2\/product_brand?post=11808"},{"taxonomy":"product_cat","embeddable":true,"href":"https:\/\/www.rehafit.ch\/fr\/wp-json\/wp\/v2\/product_cat?post=11808"},{"taxonomy":"product_tag","embeddable":true,"href":"https:\/\/www.rehafit.ch\/fr\/wp-json\/wp\/v2\/product_tag?post=11808"}],"curies":[{"name":"wp","href":"https:\/\/api.w.org\/{rel}","templated":true}]}}