{"id":11803,"date":"2017-03-19T18:13:56","date_gmt":"2021-11-21T22:55:54","guid":{"rendered":"https:\/\/www.rehafit.ch\/produkt\/chaise-de-douche-reglable-en-hauteur-2\/"},"modified":"2024-11-14T09:21:20","modified_gmt":"2024-11-14T09:21:20","slug":"chaise-de-douche-reglable-en-hauteur-2","status":"publish","type":"product","link":"https:\/\/www.rehafit.ch\/fr\/Produit\/chaise-de-douche-reglable-en-hauteur-2\/","title":{"rendered":"Chaise de douche r\u00e9glable en hauteur"},"content":{"rendered":"<div class=\"text_allg\" align=\"left\">\n<p><img loading=\"lazy\" decoding=\"async\" class=\"alignnone wp-image-11804\" src=\"https:\/\/www.rehafit.ch\/wp-content\/uploads\/2017\/03\/EH-STA-PP-BX_drawing.jpg\" alt=\"\" width=\"250\" height=\"246\" srcset=\"https:\/\/www.rehafit.ch\/wp-content\/uploads\/2017\/03\/EH-STA-PP-BX_drawing.jpg 1603w, https:\/\/www.rehafit.ch\/wp-content\/uploads\/2017\/03\/EH-STA-PP-BX_drawing-300x296.jpg 300w, https:\/\/www.rehafit.ch\/wp-content\/uploads\/2017\/03\/EH-STA-PP-BX_drawing-768x757.jpg 768w, https:\/\/www.rehafit.ch\/wp-content\/uploads\/2017\/03\/EH-STA-PP-BX_drawing-1024x1009.jpg 1024w\" sizes=\"auto, (max-width: 250px) 100vw, 250px\" \/><\/p>\n<ul class=\"text-allg\">\n<li>Construction en aluminium stable et l\u00e9g\u00e8re<\/li>\n<li>Max. Capacit\u00e9 de charge: 130kg<\/li>\n<li>Couleur blanche<\/li>\n<\/ul>\n<\/div>\n","protected":false},"excerpt":{"rendered":"<p><img loading=\"lazy\" decoding=\"async\" class=\"alignnone size-full wp-image-817\" src=\"https:\/\/www.rehafit.ch\/wp-content\/uploads\/2016\/12\/k-design-1.jpg\" alt=\"\" width=\"181\" height=\"84\"><\/p>\n<p><span class=\"text_allg\"><b><span class=\"text_allg\">Les produits de K-Design d&rsquo;Italie impressionnent par leur confort, leur design et leur s\u00e9curit\u00e9 dans la salle de bain.<\/span><\/b><\/span><\/p>\n<p>Les formes et les mat\u00e9riaux utilis\u00e9s ont abouti \u00e0 un produit qui, d&rsquo;une part, impressionne par son confort et sa s\u00e9curit\u00e9 dans la zone humide et repr\u00e9sente en m\u00eame temps un produit design.<\/p>\n","protected":false},"featured_media":842,"comment_status":"open","ping_status":"closed","template":"","meta":{"kt_blocks_editor_width":""},"product_brand":[],"product_cat":[132],"product_tag":[],"class_list":{"0":"post-11803","1":"product","2":"type-product","3":"status-publish","4":"has-post-thumbnail","6":"product_cat-tabouret-de-douche","8":"first","9":"outofstock","10":"taxable","11":"shipping-taxable","12":"purchasable","13":"product-type-simple"},"aioseo_notices":[],"_links":{"self":[{"href":"https:\/\/www.rehafit.ch\/fr\/wp-json\/wp\/v2\/product\/11803","targetHints":{"allow":["GET"]}}],"collection":[{"href":"https:\/\/www.rehafit.ch\/fr\/wp-json\/wp\/v2\/product"}],"about":[{"href":"https:\/\/www.rehafit.ch\/fr\/wp-json\/wp\/v2\/types\/product"}],"replies":[{"embeddable":true,"href":"https:\/\/www.rehafit.ch\/fr\/wp-json\/wp\/v2\/comments?post=11803"}],"wp:featuredmedia":[{"embeddable":true,"href":"https:\/\/www.rehafit.ch\/fr\/wp-json\/wp\/v2\/media\/842"}],"wp:attachment":[{"href":"https:\/\/www.rehafit.ch\/fr\/wp-json\/wp\/v2\/media?parent=11803"}],"wp:term":[{"taxonomy":"product_brand","embeddable":true,"href":"https:\/\/www.rehafit.ch\/fr\/wp-json\/wp\/v2\/product_brand?post=11803"},{"taxonomy":"product_cat","embeddable":true,"href":"https:\/\/www.rehafit.ch\/fr\/wp-json\/wp\/v2\/product_cat?post=11803"},{"taxonomy":"product_tag","embeddable":true,"href":"https:\/\/www.rehafit.ch\/fr\/wp-json\/wp\/v2\/product_tag?post=11803"}],"curies":[{"name":"wp","href":"https:\/\/api.w.org\/{rel}","templated":true}]}}