{"id":11789,"date":"2018-04-10T09:45:00","date_gmt":"2021-11-21T12:17:28","guid":{"rendered":"https:\/\/www.rehafit.ch\/produkt\/rollator-diamond-deluxe\/"},"modified":"2024-11-09T07:14:37","modified_gmt":"2024-11-09T07:14:37","slug":"modele-dexposition-de-luxe-en-diamant-rollator","status":"publish","type":"product","link":"https:\/\/www.rehafit.ch\/fr\/Produit\/modele-dexposition-de-luxe-en-diamant-rollator\/","title":{"rendered":"Rollator Diamond Deluxe"},"content":{"rendered":"<div class=\"row\">\n<div class=\"col-xs-12 col-md-4\">\n<table id=\"technical-data-table-1\" class=\"table table-striped table-condensed\" width=\"100%\">\n<tbody>\n<tr>\n<td>Longueur totale<\/td>\n<td>104,2<\/td>\n<td>cm<\/td>\n<\/tr>\n<tr>\n<td>Longueur totale avec repos pieds<\/td>\n<td>74<\/td>\n<td>cm<\/td>\n<\/tr>\n<tr>\n<td>Largeur<\/td>\n<td>64<\/td>\n<td>cm<\/td>\n<\/tr>\n<tr>\n<td>Hauteur totale<\/td>\n<td>94,5<\/td>\n<td>cm<\/td>\n<\/tr>\n<tr>\n<td>Largeur entre les roues arri\u00e8res<\/td>\n<td>46<\/td>\n<td>cm<\/td>\n<\/tr>\n<tr>\n<td>Largeur entre les poign\u00e9es<\/td>\n<td>46<\/td>\n<td>cm<\/td>\n<\/tr>\n<\/tbody>\n<\/table>\n<\/div>\n<div class=\"col-xs-12 col-md-4\">\n<table id=\"technical-data-table-2\" class=\"table table-striped table-condensed\" width=\"100%\">\n<tbody>\n<tr>\n<td>Largeur d&rsquo;assise<\/td>\n<td>40<\/td>\n<td>cm<\/td>\n<\/tr>\n<tr>\n<td>Hauteur d&rsquo;assise<\/td>\n<td>54<\/td>\n<td>cm<\/td>\n<\/tr>\n<tr>\n<td>Profondeur d&rsquo;assise<\/td>\n<td>19<\/td>\n<td>cm<\/td>\n<\/tr>\n<tr>\n<td>Hauteur de la poign\u00e9e<\/td>\n<td>77 &#8211; 94,5<\/td>\n<td>cm<\/td>\n<\/tr>\n<tr>\n<td>Diam\u00e8tre \/ largeur de roue<\/td>\n<td>200\/30<\/td>\n<td>mm<\/td>\n<\/tr>\n<tr>\n<td>Dimension pli\u00e9<\/td>\n<td>63 x 28 x 100<\/td>\n<td>cm<\/td>\n<\/tr>\n<\/tbody>\n<\/table>\n<\/div>\n<div class=\"col-xs-12 col-md-4\">\n<table id=\"technical-data-table-3\" class=\"table table-striped table-condensed\" width=\"100%\">\n<tbody>\n<tr>\n<td>Poids sans repose pieds<\/td>\n<td>8.8<\/td>\n<td>kg<\/td>\n<\/tr>\n<tr>\n<td>permis<\/td>\n<td>10.3<\/td>\n<td>kg<\/td>\n<\/tr>\n<tr>\n<td>Max. Capacit\u00e9 de charge<\/td>\n<td>136<\/td>\n<td>kg<\/td>\n<\/tr>\n<tr>\n<td>Couleur<\/td>\n<td>rouge m\u00e9tallique<\/td>\n<td><\/td>\n<\/tr>\n<\/tbody>\n<\/table>\n<\/div>\n<\/div>\n","protected":false},"excerpt":{"rendered":"<h2><img loading=\"lazy\" decoding=\"async\" class=\"alignnone wp-image-218\" src=\"https:\/\/www.rehafit.ch\/wp-content\/uploads\/2016\/12\/drive_logo.jpg\" alt=\"drive_logo\" width=\"116\" height=\"40\"><\/h2>\n<h2>D\u00e9ambulateur et chaise de transport en un<\/h2>\n<ul>\n<li>Rollator individuel et \u00e9l\u00e9gant en aluminium<\/li>\n<li>Le rollator peut \u00eatre transform\u00e9 en chaise de transport en quelques \u00e9tapes simples<\/li>\n<li>Livr\u00e9 avec repose-pieds pivotants et amovibles<\/li>\n<li>Assemblage sans outil des roues et des repose-pieds<\/li>\n<li>Avec si\u00e8ge en tissu pliable et dossier doux et rembourr\u00e9<\/li>\n<li>Le sac en tissu amovible offre un espace suppl\u00e9mentaire pour les objets personnels<\/li>\n<li>Poign\u00e9es r\u00e9glables en hauteur<\/li>\n<li>Facile \u00e0 plier gr\u00e2ce \u00e0 la boucle sur le si\u00e8ge<\/li>\n<li>Stockage peu encombrant et transport facile<\/li>\n<li>Diam\u00e8tre roue \/ largeur 200\/30 mm<\/li>\n<li>Fourni en standard avec porte-canne et sac en tissu<\/li>\n<\/ul>\n<p><img loading=\"lazy\" decoding=\"async\" class=\"alignnone size-full wp-image-920\" src=\"https:\/\/www.rehafit.ch\/wp-content\/uploads\/2018\/04\/745R_2.jpg\" alt=\"\" width=\"150\" height=\"175\"><\/p>\n<p>&nbsp;<\/p>\n","protected":false},"featured_media":919,"comment_status":"open","ping_status":"closed","template":"","meta":{"kt_blocks_editor_width":""},"product_brand":[],"product_cat":[146,154],"product_tag":[],"class_list":{"0":"post-11789","1":"product","2":"type-product","3":"status-publish","4":"has-post-thumbnail","6":"product_cat-rollator","7":"product_cat-special","9":"first","10":"instock","11":"taxable","12":"shipping-taxable","13":"purchasable","14":"product-type-simple"},"aioseo_notices":[],"_links":{"self":[{"href":"https:\/\/www.rehafit.ch\/fr\/wp-json\/wp\/v2\/product\/11789","targetHints":{"allow":["GET"]}}],"collection":[{"href":"https:\/\/www.rehafit.ch\/fr\/wp-json\/wp\/v2\/product"}],"about":[{"href":"https:\/\/www.rehafit.ch\/fr\/wp-json\/wp\/v2\/types\/product"}],"replies":[{"embeddable":true,"href":"https:\/\/www.rehafit.ch\/fr\/wp-json\/wp\/v2\/comments?post=11789"}],"wp:featuredmedia":[{"embeddable":true,"href":"https:\/\/www.rehafit.ch\/fr\/wp-json\/wp\/v2\/media\/919"}],"wp:attachment":[{"href":"https:\/\/www.rehafit.ch\/fr\/wp-json\/wp\/v2\/media?parent=11789"}],"wp:term":[{"taxonomy":"product_brand","embeddable":true,"href":"https:\/\/www.rehafit.ch\/fr\/wp-json\/wp\/v2\/product_brand?post=11789"},{"taxonomy":"product_cat","embeddable":true,"href":"https:\/\/www.rehafit.ch\/fr\/wp-json\/wp\/v2\/product_cat?post=11789"},{"taxonomy":"product_tag","embeddable":true,"href":"https:\/\/www.rehafit.ch\/fr\/wp-json\/wp\/v2\/product_tag?post=11789"}],"curies":[{"name":"wp","href":"https:\/\/api.w.org\/{rel}","templated":true}]}}