{"id":11783,"date":"2018-06-24T09:33:22","date_gmt":"2021-11-21T12:14:17","guid":{"rendered":"https:\/\/www.rehafit.ch\/produkt\/planche-de-transfert-lisse-chargeable-jusqua-200-kg\/"},"modified":"2021-11-21T12:14:17","modified_gmt":"2021-11-21T12:14:17","slug":"planche-de-transfert-lisse-resistante-jusqua-200-kg","status":"publish","type":"product","link":"https:\/\/www.rehafit.ch\/fr\/Produit\/planche-de-transfert-lisse-resistante-jusqua-200-kg\/","title":{"rendered":"Planche de transfert Lisse, chargeable jusqu&rsquo;\u00e0 200 kg"},"content":{"rendered":"<p>Avec le SMOOTH-BOARD, les utilisateurs actifs de fauteuil roulant peuvent se d\u00e9placer ind\u00e9pendamment d&rsquo;un fauteuil roulant vers un autre fauteuil ou sur le bord du lit.<\/p>\n<p>La forme incurv\u00e9e de la planche de transfert s&rsquo;adapte au mouvement pendant le transfert.<\/p>\n<p>La poign\u00e9e encastr\u00e9e dans la planche et le faible poids (environ 850 g) la rendent facile \u00e0 utiliser.<\/p>\n<p>Les bords abaiss\u00e9s et arrondis \u00e0 chaque extr\u00e9mit\u00e9 de la planche de glisse facilitent son placement sous le corps.<\/p>\n<p>La planche banane est tr\u00e8s lisse, vous pouvez donc y glisser facilement (des v\u00eatements sont requis).<\/p>\n<p>Sur la face inf\u00e9rieure, la planche banane est recouverte de 2 grandes surfaces antid\u00e9rapantes rondes aux deux extr\u00e9mit\u00e9s. Cela emp\u00eache la planche de glisser.<\/p>\n<p>Le personnel infirmier \/ les th\u00e9rapeutes \/ les proches aidants peuvent \u00e9galement utiliser la planche \u00e0 glissi\u00e8re pour effectuer le transfert avec le patient.<\/p>\n<p>Il peut \u00eatre charg\u00e9 jusqu&rsquo;\u00e0 200 kg.<\/p>\n<p>Poids mort : environ 850 g<\/p>\n<p>Longueur environ 62 cm, largeur environ 20 cm, hauteur environ 1,0 cm.<\/p>\n<p>&nbsp;<\/p>\n<p>Mat\u00e9riel : Plastique.<\/p>\n","protected":false},"excerpt":{"rendered":"<p>Avec le BANANA-BOARD, les utilisateurs de fauteuils roulants actifs peuvent se d\u00e9placer ind\u00e9pendamment d&rsquo;un fauteuil roulant vers un autre fauteuil ou sur le bord du lit.<\/p>\n<p>La forme incurv\u00e9e de la Banana Transfer Board s&rsquo;adapte au mouvement pendant le transfert.<\/p>\n","protected":false},"featured_media":0,"comment_status":"open","ping_status":"closed","template":"","meta":{"kt_blocks_editor_width":""},"product_brand":[],"product_cat":[79],"product_tag":[],"class_list":{"0":"post-11783","1":"product","2":"type-product","3":"status-publish","5":"product_cat-divers","7":"first","8":"instock","9":"taxable","10":"shipping-taxable","11":"purchasable","12":"product-type-simple"},"aioseo_notices":[],"_links":{"self":[{"href":"https:\/\/www.rehafit.ch\/fr\/wp-json\/wp\/v2\/product\/11783","targetHints":{"allow":["GET"]}}],"collection":[{"href":"https:\/\/www.rehafit.ch\/fr\/wp-json\/wp\/v2\/product"}],"about":[{"href":"https:\/\/www.rehafit.ch\/fr\/wp-json\/wp\/v2\/types\/product"}],"replies":[{"embeddable":true,"href":"https:\/\/www.rehafit.ch\/fr\/wp-json\/wp\/v2\/comments?post=11783"}],"wp:attachment":[{"href":"https:\/\/www.rehafit.ch\/fr\/wp-json\/wp\/v2\/media?parent=11783"}],"wp:term":[{"taxonomy":"product_brand","embeddable":true,"href":"https:\/\/www.rehafit.ch\/fr\/wp-json\/wp\/v2\/product_brand?post=11783"},{"taxonomy":"product_cat","embeddable":true,"href":"https:\/\/www.rehafit.ch\/fr\/wp-json\/wp\/v2\/product_cat?post=11783"},{"taxonomy":"product_tag","embeddable":true,"href":"https:\/\/www.rehafit.ch\/fr\/wp-json\/wp\/v2\/product_tag?post=11783"}],"curies":[{"name":"wp","href":"https:\/\/api.w.org\/{rel}","templated":true}]}}