{"id":11732,"date":"2018-06-30T10:49:40","date_gmt":"2021-11-20T09:31:29","guid":{"rendered":"https:\/\/www.rehafit.ch\/produkt\/canne-siege-3-jambe-en-aluminium\/"},"modified":"2021-11-20T09:31:29","modified_gmt":"2021-11-20T09:31:29","slug":"canne-siege-3-ambe-en-aluminium","status":"publish","type":"product","link":"https:\/\/www.rehafit.ch\/fr\/Produit\/canne-siege-3-ambe-en-aluminium\/","title":{"rendered":"Canne-si\u00e8ge 3 jambe en aluminium"},"content":{"rendered":"<ul>\n<li>Fabriqu\u00e9 en aluminium<\/li>\n<li>Facile \u00e0 plier<\/li>\n<li>Hauteur d&rsquo;assise: 55 cm<\/li>\n<li>Hauteur du manche: 84 cm<\/li>\n<li>Plaque d&rsquo;assise: 20 x 20 cm<\/li>\n<li>Poids: 0.75 kg<\/li>\n<li>Capacit\u00e9 de charge : 100 kg<\/li>\n<li>Couleur: noir<\/li>\n<\/ul>\n<p>&nbsp;<\/p>\n<p>&nbsp;<\/p>\n","protected":false},"excerpt":{"rendered":"<p><span class=\"text_allg\"><img loading=\"lazy\" decoding=\"async\" class=\"alignnone wp-image-184\" src=\"https:\/\/www.rehafit.ch\/wp-content\/uploads\/2016\/12\/herdegen_logo.jpg\" alt=\"herdegen_logo\" width=\"120\" height=\"71\"><\/span><\/p>\n<p>Herdegen se caract\u00e9rise par des produits innovants tels que le si\u00e8ge de toilette sur\u00e9lev\u00e9 doux<a href=\"https:\/\/www.rehafit.ch\/produkt\/toilettensitzerhoehung-contact-plus\/\"> CONTACTER PLUS<\/a> ou la b\u00e9quille d&rsquo;avant-bras en mousse ADVANCE.<\/p>\n","protected":false},"featured_media":0,"comment_status":"open","ping_status":"closed","template":"","meta":{"kt_blocks_editor_width":""},"product_brand":[],"product_cat":[139,166],"product_tag":[],"class_list":{"0":"post-11732","1":"product","2":"type-product","3":"status-publish","5":"product_cat-aides-a-la-marche","6":"product_cat-batons-de-siege","8":"first","9":"outofstock","10":"taxable","11":"shipping-taxable","12":"purchasable","13":"product-type-simple"},"aioseo_notices":[],"_links":{"self":[{"href":"https:\/\/www.rehafit.ch\/fr\/wp-json\/wp\/v2\/product\/11732","targetHints":{"allow":["GET"]}}],"collection":[{"href":"https:\/\/www.rehafit.ch\/fr\/wp-json\/wp\/v2\/product"}],"about":[{"href":"https:\/\/www.rehafit.ch\/fr\/wp-json\/wp\/v2\/types\/product"}],"replies":[{"embeddable":true,"href":"https:\/\/www.rehafit.ch\/fr\/wp-json\/wp\/v2\/comments?post=11732"}],"wp:attachment":[{"href":"https:\/\/www.rehafit.ch\/fr\/wp-json\/wp\/v2\/media?parent=11732"}],"wp:term":[{"taxonomy":"product_brand","embeddable":true,"href":"https:\/\/www.rehafit.ch\/fr\/wp-json\/wp\/v2\/product_brand?post=11732"},{"taxonomy":"product_cat","embeddable":true,"href":"https:\/\/www.rehafit.ch\/fr\/wp-json\/wp\/v2\/product_cat?post=11732"},{"taxonomy":"product_tag","embeddable":true,"href":"https:\/\/www.rehafit.ch\/fr\/wp-json\/wp\/v2\/product_tag?post=11732"}],"curies":[{"name":"wp","href":"https:\/\/api.w.org\/{rel}","templated":true}]}}